{"id":17416,"date":"2023-10-31T04:13:00","date_gmt":"2023-10-31T04:13:00","guid":{"rendered":"https:\/\/blisshoianresort.com\/ocean-deluxe-room\/"},"modified":"2024-01-31T02:58:16","modified_gmt":"2024-01-31T02:58:16","slug":"ocean-deluxe-room","status":"publish","type":"product","link":"https:\/\/blisshoianresort.com\/vi\/ocean-deluxe-room\/","title":{"rendered":"Ocean Deluxe Room"},"content":{"rendered":"<p style=\"text-align: justify;\"><span style=\"font-family: helvetica, arial, sans-serif; font-size: 12pt;\">N\u1eb1m \u1edf v\u1ecb tr\u00ed t\u1ea7ng cao c\u1ee7a kh\u1ed1i kh\u00e1ch s\u1ea1n, ph\u00f2ng Ocean Deluxe s\u1edf h\u1eefu t\u1ea7m nh\u00ecn tuy\u1ec7t \u0111\u1eb9p h\u01b0\u1edbng ra bi\u1ec3n. Ocean Deluxe \u0111\u01b0\u1ee3c thi\u1ebft k\u1ebf theo phong c\u00e1ch Indochine l\u00e0 s\u1ef1 k\u1ebft h\u1ee3p tinh t\u1ebf c\u1ee7a n\u1ed9i th\u1ea5t g\u1ed7 m\u00e0u n\u00e2u \u1ea5m c\u00f9ng t\u01b0\u1eddng t\u00f4ng m\u00e0u x\u00e1m sang tr\u1ecdng, \u0111\u01b0\u1ee3c \u0111i\u1ec3m t\u00f4 v\u1edbi ch\u1ea5t li\u1ec7u m\u00e2y tre \u0111an v\u00e0 g\u1ea1ch truy\u1ec1n th\u1ed1ng mang \u0111\u1ebfn v\u1ebb \u0111\u1eb9p \u0111\u1eadm ch\u1ea5t Vi\u1ec7t Nam nh\u01b0ng v\u1eabn hi\u1ec7n \u0111\u1ea1i v\u00e0 sang tr\u1ecdng. \u0110\u01b0\u1ee3c trang b\u1ecb b\u1ed3n t\u1eafm cao c\u1ea5p mang \u0111\u1ebfn cho du kh\u00e1c s\u1ef1 tho\u1ea3i m\u00e1i v\u00e0 th\u01b0 gi\u00e3n ngay trong ph\u00f2ng t\u1eafm, c\u00f9ng thi\u1ebft k\u1ebf ban c\u00f4ng ngo\u00e0i tr\u1eddi r\u1ed9ng m\u1edf gi\u00fap b\u1ea1n c\u00f3 th\u1ec3 ng\u1eafm to\u00e0n c\u1ea3nh bi\u1ec3n l\u00e3ng m\u1ea1n v\u00e0 xanh m\u00e1t.<\/span><\/p>\n<p><strong><span style=\"font-family: helvetica, arial, sans-serif; font-size: 12pt;\">Ch\u00ednh s\u00e1ch nh\u1eadn\/tr\u1ea3 ph\u00f2ng:<\/span><br \/>\n<\/strong><\/p>\n<ul>\n<li><span style=\"font-family: helvetica, arial, sans-serif; font-size: 12pt;\">Th\u1eddi gian nh\u1eadn ph\u00f2ng: T\u1eeb 3:00 gi\u1edd chi\u1ec1u<\/span><\/li>\n<li><span style=\"font-family: helvetica, arial, sans-serif; font-size: 12pt;\">Th\u1eddi gian tr\u1ea3 ph\u00f2ng: Kh\u00f4ng mu\u1ed9n h\u01a1n 12:00<\/span><\/li>\n<li><span style=\"font-family: helvetica, arial, sans-serif; font-size: 12pt;\">Nh\u1eadn ph\u00f2ng s\u1edbm: T\u00f9y v\u00e0o t\u00ecnh tr\u1ea1ng ph\u00f2ng tr\u1ed1ng.<\/span><\/li>\n<\/ul>\n<hr \/>\n<h2><span style=\"font-family: helvetica, arial, sans-serif; font-size: 12pt;\">Ti\u1ec7n nghi<\/span><\/h2>\n<ul>\n<li style=\"font-weight: 400;\" aria-level=\"1\"><span style=\"font-weight: 400; font-family: helvetica, arial, sans-serif; font-size: 12pt;\">\u0110\u1ed3 u\u1ed1ng ch\u00e0o m\u1eebng khi \u0111\u1ebfn<\/span><\/li>\n<li style=\"font-weight: 400;\" aria-level=\"1\"><span style=\"font-weight: 400; font-family: helvetica, arial, sans-serif; font-size: 12pt;\">Th\u00f4ng tin \u0111\u1ecbnh h\u01b0\u1edbng Resort &amp; th\u1ecb tr\u1ea5n H\u1ed9i An<\/span><\/li>\n<li style=\"font-weight: 400;\" aria-level=\"1\"><span style=\"font-weight: 400; font-family: helvetica, arial, sans-serif; font-size: 12pt;\">01 gi\u01b0\u1eddng \u0111\u00f4i<\/span><\/li>\n<li style=\"font-weight: 400;\" aria-level=\"1\"><span style=\"font-weight: 400; font-family: helvetica, arial, sans-serif; font-size: 12pt;\">B\u00e0n vi\u1ebft<\/span><\/li>\n<li style=\"font-weight: 400;\" aria-level=\"1\"><span style=\"font-weight: 400; font-family: helvetica, arial, sans-serif; font-size: 12pt;\">B\u00e0n gh\u1ebf \u1edf ban c\u00f4ng<\/span><\/li>\n<li style=\"font-weight: 400;\" aria-level=\"1\"><span style=\"font-weight: 400; font-family: helvetica, arial, sans-serif; font-size: 12pt;\">Chai n\u01b0\u1edbc mi\u1ec5n ph\u00ed<\/span><\/li>\n<li style=\"font-weight: 400;\" aria-level=\"1\"><span style=\"font-weight: 400; font-family: helvetica, arial, sans-serif; font-size: 12pt;\">Tr\u00e0 v\u00e0 c\u00e0 ph\u00ea<\/span><\/li>\n<li style=\"font-weight: 400;\" aria-level=\"1\"><span style=\"font-weight: 400; font-family: helvetica, arial, sans-serif; font-size: 12pt;\">D\u1ecbch v\u1ee5 ph\u00f2ng<\/span><\/li>\n<li style=\"font-weight: 400;\" aria-level=\"1\"><span style=\"font-weight: 400; font-family: helvetica, arial, sans-serif; font-size: 12pt;\">D\u1ecdn ph\u00f2ng 2 l\u1ea7n m\u1ed7i ng\u00e0y<\/span><\/li>\n<li style=\"font-weight: 400;\" aria-level=\"1\"><span style=\"font-weight: 400; font-family: helvetica, arial, sans-serif; font-size: 12pt;\">Ph\u00f2ng t\u1eafm ri\u00eang<\/span><\/li>\n<li style=\"font-weight: 400;\" aria-level=\"1\"><span style=\"font-weight: 400; font-family: helvetica, arial, sans-serif; font-size: 12pt;\">\u00c1o cho\u00e0ng t\u1eafm<\/span><\/li>\n<li style=\"font-weight: 400;\" aria-level=\"1\"><span style=\"font-weight: 400; font-family: helvetica, arial, sans-serif; font-size: 12pt;\">Ti\u1ec7n \u00edch ph\u00f2ng t\u1eafm sang tr\u1ecdng<\/span><\/li>\n<li style=\"font-weight: 400;\" aria-level=\"1\"><span style=\"font-weight: 400; font-family: helvetica, arial, sans-serif; font-size: 12pt;\">B\u1ed3n t\u1eafm v\u00e0 b\u1ed3n t\u1eafm t\u1eafm ri\u00eang bi\u1ec7t<\/span><\/li>\n<li style=\"font-weight: 400;\" aria-level=\"1\"><span style=\"font-weight: 400; font-family: helvetica, arial, sans-serif; font-size: 12pt;\">M\u00e1y s\u1ea5y t\u00f3c<\/span><\/li>\n<li style=\"font-weight: 400;\" aria-level=\"1\"><span style=\"font-weight: 400; font-family: helvetica, arial, sans-serif; font-size: 12pt;\">\u1ed4 c\u1eafm m\u00e1y c\u1ea1o r\u00e2u (220 volt)<\/span><\/li>\n<li style=\"font-weight: 400;\" aria-level=\"1\"><span style=\"font-weight: 400; font-family: helvetica, arial, sans-serif; font-size: 12pt;\">D\u1ecbch v\u1ee5 gi\u1eb7t \u1ee7i<\/span><\/li>\n<li style=\"font-weight: 400;\" aria-level=\"1\"><span style=\"font-weight: 400; font-family: helvetica, arial, sans-serif; font-size: 12pt;\">k\u00e9t s\u1eaft \u0111i\u1ec7n t\u1eed<\/span><\/li>\n<li style=\"font-weight: 400;\" aria-level=\"1\"><span style=\"font-weight: 400; font-family: helvetica, arial, sans-serif; font-size: 12pt;\">\u0110i\u1ec1u h\u00f2a kh\u00f4ng kh\u00ed chia \u0111\u00f4i<\/span><\/li>\n<li style=\"font-weight: 400;\" aria-level=\"1\"><span style=\"font-weight: 400; font-family: helvetica, arial, sans-serif; font-size: 12pt;\">Mi\u1ec5n ph\u00ed Wifi t\u1ed1c \u0111\u1ed9 cao<\/span><\/li>\n<li style=\"font-weight: 400;\" aria-level=\"1\"><span style=\"font-weight: 400; font-family: helvetica, arial, sans-serif; font-size: 12pt;\">\u0110\u00e8n \u0111\u1ecdc s\u00e1ch<\/span><\/li>\n<li style=\"font-weight: 400;\" aria-level=\"1\"><span style=\"font-weight: 400; font-family: helvetica, arial, sans-serif; font-size: 12pt;\">\u0110i\u1ec7n tho\u1ea1i IDD<\/span><\/li>\n<li style=\"font-weight: 400;\" aria-level=\"1\"><span style=\"font-weight: 400; font-family: helvetica, arial, sans-serif; font-size: 12pt;\">TV m\u00e0n h\u00ecnh ph\u1eb3ng 55&#8242; c\u00f3 truy\u1ec1n h\u00ecnh c\u00e1p<\/span><\/li>\n<li style=\"font-weight: 400;\" aria-level=\"1\"><span style=\"font-weight: 400; font-family: helvetica, arial, sans-serif; font-size: 12pt;\">C\u00e1c ti\u1ec7n \u00edch kh\u00e1c: C\u00e2n, \u0110\u1ed3ng h\u1ed3 b\u00e1o th\u1ee9c, \u00d4 d\u00f9<\/span><\/li>\n<li style=\"font-weight: 400;\" aria-level=\"1\"><span style=\"font-weight: 400; font-family: helvetica, arial, sans-serif; font-size: 12pt;\">V\u1eadt nu\u00f4i kh\u00f4ng \u0111\u01b0\u1ee3c ph\u00e9p<\/span><\/li>\n<\/ul>\n","protected":false},"excerpt":{"rendered":"<p style=\"text-align: justify;\"><span style=\"font-family: helvetica, arial, sans-serif; font-size: 12pt;\">N\u1eb1m \u1edf v\u1ecb tr\u00ed t\u1ea7ng cao c\u1ee7a kh\u1ed1i kh\u00e1ch s\u1ea1n, ph\u00f2ng Ocean Deluxe s\u1edf h\u1eefu t\u1ea7m nh\u00ecn tuy\u1ec7t \u0111\u1eb9p h\u01b0\u1edbng ra bi\u1ec3n. Ocean Deluxe \u0111\u01b0\u1ee3c thi\u1ebft k\u1ebf theo phong c\u00e1ch Indochine l\u00e0 s\u1ef1 k\u1ebft h\u1ee3p tinh t\u1ebf c\u1ee7a n\u1ed9i th\u1ea5t g\u1ed7 m\u00e0u n\u00e2u \u1ea5m c\u00f9ng t\u01b0\u1eddng t\u00f4ng m\u00e0u x\u00e1m sang tr\u1ecdng, \u0111\u01b0\u1ee3c \u0111i\u1ec3m t\u00f4 v\u1edbi ch\u1ea5t li\u1ec7u m\u00e2y tre \u0111an v\u00e0 g\u1ea1ch truy\u1ec1n th\u1ed1ng mang \u0111\u1ebfn v\u1ebb \u0111\u1eb9p \u0111\u1eadm ch\u1ea5t Vi\u1ec7t Nam nh\u01b0ng v\u1eabn hi\u1ec7n \u0111\u1ea1i v\u00e0 sang tr\u1ecdng. \u0110\u01b0\u1ee3c trang b\u1ecb b\u1ed3n t\u1eafm cao c\u1ea5p mang \u0111\u1ebfn cho du kh\u00e1c s\u1ef1 tho\u1ea3i m\u00e1i v\u00e0 th\u01b0 gi\u00e3n ngay trong ph\u00f2ng t\u1eafm, c\u00f9ng thi\u1ebft k\u1ebf ban c\u00f4ng ngo\u00e0i tr\u1eddi r\u1ed9ng m\u1edf gi\u00fap b\u1ea1n c\u00f3 th\u1ec3 ng\u1eafm to\u00e0n c\u1ea3nh bi\u1ec3n l\u00e3ng m\u1ea1n v\u00e0 xanh m\u00e1t.<\/span><\/p>\n<div class=\"item-description\"><span style=\"font-family: helvetica, arial, sans-serif; font-size: 12pt;\"><strong>Gi\u00e1 bao g\u1ed3m:<\/strong> Tr\u00e0 chi\u1ec1u mi\u1ec5n ph\u00ed cho t\u1ea5t c\u1ea3 kh\u00e1ch (m\u1ed9t l\u1ea7n l\u01b0u tr\u00fa)<\/span><\/div>\n","protected":false},"featured_media":14148,"comment_status":"open","ping_status":"closed","template":"","meta":{"content-type":""},"product_brand":[],"product_cat":[641],"product_tag":[635],"class_list":{"0":"post-17416","1":"product","2":"type-product","3":"status-publish","4":"has-post-thumbnail","6":"product_cat-hang-phong","7":"product_tag-ocean-deluxe-room","9":"first","10":"instock","11":"shipping-taxable","12":"purchasable","13":"product-type-simple"},"_links":{"self":[{"href":"https:\/\/blisshoianresort.com\/vi\/wp-json\/wp\/v2\/product\/17416","targetHints":{"allow":["GET"]}}],"collection":[{"href":"https:\/\/blisshoianresort.com\/vi\/wp-json\/wp\/v2\/product"}],"about":[{"href":"https:\/\/blisshoianresort.com\/vi\/wp-json\/wp\/v2\/types\/product"}],"replies":[{"embeddable":true,"href":"https:\/\/blisshoianresort.com\/vi\/wp-json\/wp\/v2\/comments?post=17416"}],"wp:featuredmedia":[{"embeddable":true,"href":"https:\/\/blisshoianresort.com\/vi\/wp-json\/wp\/v2\/media\/14148"}],"wp:attachment":[{"href":"https:\/\/blisshoianresort.com\/vi\/wp-json\/wp\/v2\/media?parent=17416"}],"wp:term":[{"taxonomy":"product_brand","embeddable":true,"href":"https:\/\/blisshoianresort.com\/vi\/wp-json\/wp\/v2\/product_brand?post=17416"},{"taxonomy":"product_cat","embeddable":true,"href":"https:\/\/blisshoianresort.com\/vi\/wp-json\/wp\/v2\/product_cat?post=17416"},{"taxonomy":"product_tag","embeddable":true,"href":"https:\/\/blisshoianresort.com\/vi\/wp-json\/wp\/v2\/product_tag?post=17416"}],"curies":[{"name":"wp","href":"https:\/\/api.w.org\/{rel}","templated":true}]}}