{"id":17415,"date":"2023-10-31T04:13:16","date_gmt":"2023-10-31T04:13:16","guid":{"rendered":"https:\/\/blisshoianresort.com\/beachfront-bungalow\/"},"modified":"2024-10-22T10:20:34","modified_gmt":"2024-10-22T10:20:34","slug":"beachfront-bungalow","status":"publish","type":"product","link":"https:\/\/blisshoianresort.com\/vi\/beachfront-bungalow\/","title":{"rendered":"Beachfront Bungalow"},"content":{"rendered":"<p style=\"text-align: justify;\"><span style=\"font-family: helvetica, arial, sans-serif; font-size: 12pt;\"><strong>Beachfront Bungalow<\/strong> s\u1ebd l\u00e0 s\u1ef1 l\u1ef1a ch\u1ecdn tuy\u1ec7t v\u1eddi cho nh\u1eefng ai mu\u1ed1n t\u1eadn h\u01b0\u1edfng c\u1ea3nh b\u00ecnh minh tr\u00ean bi\u1ec3n ngay trong ph\u00f2ng m\u00ecnh. Bi\u1ec7t th\u1ef1 \u0111\u01b0\u1ee3c thi\u1ebft k\u1ebf h\u01b0\u1edbng bi\u1ec3n v\u1edbi nhi\u1ec1u c\u1eeda k\u00ednh \u0111\u1ec3 du kh\u00e1ch c\u00f3 c\u1ea3m gi\u00e1c nh\u01b0 \u0111\u01b0\u1ee3c h\u00f2a m\u00ecnh v\u00e0o thi\u00ean nhi\u00ean, bi\u1ec3n. <\/span><\/p>\n<p style=\"text-align: justify;\"><span style=\"font-family: helvetica, arial, sans-serif; font-size: 12pt;\">Nh\u1eefng m\u1ea3ng xanh b\u00ean trong v\u00e0 h\u00e0ng c\u00e2y b\u00ean ngo\u00e0i k\u1ebft n\u1ed1i h\u00e0i h\u00f2a t\u1ea1o c\u1ea3m gi\u00e1c b\u00ecnh y\u00ean xua tan m\u1ecdi m\u1ec7t m\u1ecfi. Bi\u1ec7t th\u1ef1 c\u00f3 di\u1ec7n t\u00edch l\u00ean t\u1edbi 98m2 v\u1edbi kh\u00f4ng gian ph\u00f2ng t\u1eafm r\u1ed9ng r\u00e3i, tho\u00e1ng m\u00e1t. C\u00e1c ti\u1ec7n nghi bao g\u1ed3m b\u1ed3n t\u1eafm sang tr\u1ecdng nh\u00ecn ra s\u00e2n v\u01b0\u1eddn ri\u00eang s\u1ebd gi\u00fap du kh\u00e1ch c\u00f3 m\u1ed9t k\u1ef3 ngh\u1ec9 h\u00e0i l\u00f2ng h\u01a1n mong \u0111\u1ee3i.<\/span><\/p>\n<p><strong><br \/>\n<span style=\"font-family: helvetica, arial, sans-serif; font-size: 12pt;\">Ch\u00ednh s\u00e1ch nh\u1eadn\/tr\u1ea3 ph\u00f2ng:<\/span><\/strong><\/p>\n<ul>\n<li><span style=\"font-family: helvetica, arial, sans-serif; font-size: 12pt;\">Th\u1eddi gian nh\u1eadn ph\u00f2ng: T\u1eeb 3:00 gi\u1edd chi\u1ec1u<\/span><\/li>\n<li><span style=\"font-family: helvetica, arial, sans-serif; font-size: 12pt;\">Th\u1eddi gian tr\u1ea3 ph\u00f2ng: Kh\u00f4ng mu\u1ed9n h\u01a1n 12:00<\/span><\/li>\n<li><span style=\"font-family: helvetica, arial, sans-serif; font-size: 12pt;\">Nh\u1eadn ph\u00f2ng s\u1edbm: T\u00f9y v\u00e0o t\u00ecnh tr\u1ea1ng ph\u00f2ng tr\u1ed1ng.<\/span><\/li>\n<\/ul>\n<hr \/>\n<h2><span style=\"font-family: helvetica, arial, sans-serif; font-size: 12pt;\">Ti\u1ec7n nghi<\/span><\/h2>\n<ul>\n<li style=\"font-weight: 400;\" aria-level=\"1\"><span style=\"font-weight: 400; font-family: helvetica, arial, sans-serif; font-size: 12pt;\">\u0110\u1ed3 u\u1ed1ng ch\u00e0o m\u1eebng khi \u0111\u1ebfn<\/span><\/li>\n<li style=\"font-weight: 400;\" aria-level=\"1\"><span style=\"font-weight: 400; font-family: helvetica, arial, sans-serif; font-size: 12pt;\">Th\u00f4ng tin \u0111\u1ecbnh h\u01b0\u1edbng Resort &amp; th\u1ecb tr\u1ea5n H\u1ed9i An<\/span><\/li>\n<li style=\"font-weight: 400;\" aria-level=\"1\"><span style=\"font-weight: 400; font-family: helvetica, arial, sans-serif; font-size: 12pt;\">King bed<\/span><\/li>\n<li style=\"font-weight: 400;\" aria-level=\"1\"><span style=\"font-weight: 400; font-family: helvetica, arial, sans-serif; font-size: 12pt;\">B\u00e0n vi\u1ebft<\/span><\/li>\n<li aria-level=\"1\"><span style=\"font-family: helvetica, arial, sans-serif; font-size: 12pt;\">Sofa<\/span><\/li>\n<li style=\"font-weight: 400;\" aria-level=\"1\"><span style=\"font-weight: 400; font-family: helvetica, arial, sans-serif; font-size: 12pt;\">B\u00e0n gh\u1ebf \u1edf ban c\u00f4ng<\/span><\/li>\n<li style=\"font-weight: 400;\" aria-level=\"1\"><span style=\"font-weight: 400; font-family: helvetica, arial, sans-serif; font-size: 12pt;\">Chai n\u01b0\u1edbc mi\u1ec5n ph\u00ed<\/span><\/li>\n<li style=\"font-weight: 400;\" aria-level=\"1\"><span style=\"font-weight: 400; font-family: helvetica, arial, sans-serif; font-size: 12pt;\">Tr\u00e0 v\u00e0 c\u00e0 ph\u00ea<\/span><\/li>\n<li style=\"font-weight: 400;\" aria-level=\"1\"><span style=\"font-weight: 400; font-family: helvetica, arial, sans-serif; font-size: 12pt;\">D\u1ecbch v\u1ee5 ph\u00f2ng<\/span><\/li>\n<li style=\"font-weight: 400;\" aria-level=\"1\"><span style=\"font-weight: 400; font-family: helvetica, arial, sans-serif; font-size: 12pt;\">D\u1ecdn ph\u00f2ng 2 l\u1ea7n m\u1ed7i ng\u00e0y<\/span><\/li>\n<li style=\"font-weight: 400;\" aria-level=\"1\"><span style=\"font-weight: 400; font-family: helvetica, arial, sans-serif; font-size: 12pt;\">Ph\u00f2ng t\u1eafm ri\u00eang<\/span><\/li>\n<li style=\"font-weight: 400;\" aria-level=\"1\"><span style=\"font-weight: 400; font-family: helvetica, arial, sans-serif; font-size: 12pt;\">\u00c1o cho\u00e0ng t\u1eafm<\/span><\/li>\n<li style=\"font-weight: 400;\" aria-level=\"1\"><span style=\"font-weight: 400; font-family: helvetica, arial, sans-serif; font-size: 12pt;\">Ti\u1ec7n \u00edch ph\u00f2ng t\u1eafm sang tr\u1ecdng<\/span><\/li>\n<li style=\"font-weight: 400;\" aria-level=\"1\"><span style=\"font-weight: 400; font-family: helvetica, arial, sans-serif; font-size: 12pt;\">B\u1ed3n t\u1eafm v\u00e0 b\u1ed3n t\u1eafm t\u1eafm ri\u00eang bi\u1ec7t<\/span><\/li>\n<li style=\"font-weight: 400;\" aria-level=\"1\"><span style=\"font-weight: 400; font-family: helvetica, arial, sans-serif; font-size: 12pt;\">M\u00e1y s\u1ea5y t\u00f3c<\/span><\/li>\n<li style=\"font-weight: 400;\" aria-level=\"1\"><span style=\"font-weight: 400; font-family: helvetica, arial, sans-serif; font-size: 12pt;\">\u1ed4 c\u1eafm m\u00e1y c\u1ea1o r\u00e2u (220 volt)<\/span><\/li>\n<li style=\"font-weight: 400;\" aria-level=\"1\"><span style=\"font-weight: 400; font-family: helvetica, arial, sans-serif; font-size: 12pt;\">D\u1ecbch v\u1ee5 gi\u1eb7t \u1ee7i<\/span><\/li>\n<li style=\"font-weight: 400;\" aria-level=\"1\"><span style=\"font-weight: 400; font-family: helvetica, arial, sans-serif; font-size: 12pt;\">k\u00e9t s\u1eaft \u0111i\u1ec7n t\u1eed<\/span><\/li>\n<li style=\"font-weight: 400;\" aria-level=\"1\"><span style=\"font-weight: 400; font-family: helvetica, arial, sans-serif; font-size: 12pt;\">\u0110i\u1ec1u h\u00f2a kh\u00f4ng kh\u00ed chia \u0111\u00f4i<\/span><\/li>\n<li style=\"font-weight: 400;\" aria-level=\"1\"><span style=\"font-weight: 400; font-family: helvetica, arial, sans-serif; font-size: 12pt;\">Mi\u1ec5n ph\u00ed Wifi t\u1ed1c \u0111\u1ed9 cao<\/span><\/li>\n<li style=\"font-weight: 400;\" aria-level=\"1\"><span style=\"font-weight: 400; font-family: helvetica, arial, sans-serif; font-size: 12pt;\">\u0110\u00e8n \u0111\u1ecdc s\u00e1ch<\/span><\/li>\n<li style=\"font-weight: 400;\" aria-level=\"1\"><span style=\"font-weight: 400; font-family: helvetica, arial, sans-serif; font-size: 12pt;\">\u0110i\u1ec7n tho\u1ea1i IDD<\/span><\/li>\n<li style=\"font-weight: 400;\" aria-level=\"1\"><span style=\"font-weight: 400; font-family: helvetica, arial, sans-serif; font-size: 12pt;\">TV m\u00e0n h\u00ecnh ph\u1eb3ng 55&#8242; c\u00f3 truy\u1ec1n h\u00ecnh c\u00e1p<\/span><\/li>\n<li style=\"font-weight: 400;\" aria-level=\"1\"><span style=\"font-weight: 400; font-family: helvetica, arial, sans-serif; font-size: 12pt;\">C\u00e1c ti\u1ec7n \u00edch kh\u00e1c: C\u00e2n, \u0110\u1ed3ng h\u1ed3 b\u00e1o th\u1ee9c, \u00d4 d\u00f9<\/span><\/li>\n<li style=\"font-weight: 400;\" aria-level=\"1\"><span style=\"font-weight: 400; font-family: helvetica, arial, sans-serif; font-size: 12pt;\">V\u1eadt nu\u00f4i kh\u00f4ng \u0111\u01b0\u1ee3c ph\u00e9p<\/span><\/li>\n<\/ul>\n","protected":false},"excerpt":{"rendered":"<p style=\"text-align: justify;\"><span style=\"font-family: helvetica, arial, sans-serif; font-size: 12pt;\"><strong>Beachfront Bungalow<\/strong> s\u1ebd l\u00e0 s\u1ef1 l\u1ef1a ch\u1ecdn tuy\u1ec7t v\u1eddi cho nh\u1eefng ai mu\u1ed1n t\u1eadn h\u01b0\u1edfng c\u1ea3nh b\u00ecnh minh tr\u00ean bi\u1ec3n ngay trong ph\u00f2ng m\u00ecnh. Bi\u1ec7t th\u1ef1 \u0111\u01b0\u1ee3c thi\u1ebft k\u1ebf h\u01b0\u1edbng bi\u1ec3n v\u1edbi nhi\u1ec1u c\u1eeda k\u00ednh \u0111\u1ec3 du kh\u00e1ch c\u00f3 c\u1ea3m gi\u00e1c nh\u01b0 \u0111\u01b0\u1ee3c h\u00f2a m\u00ecnh v\u00e0o thi\u00ean nhi\u00ean, bi\u1ec3n. <\/span><\/p>\n<p><span style=\"font-size: 12pt;\"><strong><span style=\"font-family: helvetica, arial, sans-serif;\">Gi\u00e1 bao g\u1ed3m<\/span><\/strong><\/span><\/p>\n<ul>\n<li style=\"font-weight: 400;\" aria-level=\"1\"><span style=\"font-weight: 400; font-family: helvetica, arial, sans-serif; font-size: 12pt;\">Minibar mi\u1ec5n ph\u00ed (\u0111\u01b0\u1ee3c b\u1ed5 sung h\u00e0ng ng\u00e0y)<\/span><\/li>\n<li style=\"font-weight: 400;\" aria-level=\"1\"><span style=\"font-weight: 400; font-family: helvetica, arial, sans-serif; font-size: 12pt;\">Turn-down service<\/span><\/li>\n<\/ul>\n","protected":false},"featured_media":14150,"comment_status":"open","ping_status":"closed","template":"","meta":{"content-type":""},"product_brand":[],"product_cat":[641],"product_tag":[637],"class_list":{"0":"post-17415","1":"product","2":"type-product","3":"status-publish","4":"has-post-thumbnail","6":"product_cat-hang-phong","7":"product_tag-beachfront-bungalow-vi","9":"first","10":"instock","11":"shipping-taxable","12":"purchasable","13":"product-type-simple"},"_links":{"self":[{"href":"https:\/\/blisshoianresort.com\/vi\/wp-json\/wp\/v2\/product\/17415","targetHints":{"allow":["GET"]}}],"collection":[{"href":"https:\/\/blisshoianresort.com\/vi\/wp-json\/wp\/v2\/product"}],"about":[{"href":"https:\/\/blisshoianresort.com\/vi\/wp-json\/wp\/v2\/types\/product"}],"replies":[{"embeddable":true,"href":"https:\/\/blisshoianresort.com\/vi\/wp-json\/wp\/v2\/comments?post=17415"}],"wp:featuredmedia":[{"embeddable":true,"href":"https:\/\/blisshoianresort.com\/vi\/wp-json\/wp\/v2\/media\/14150"}],"wp:attachment":[{"href":"https:\/\/blisshoianresort.com\/vi\/wp-json\/wp\/v2\/media?parent=17415"}],"wp:term":[{"taxonomy":"product_brand","embeddable":true,"href":"https:\/\/blisshoianresort.com\/vi\/wp-json\/wp\/v2\/product_brand?post=17415"},{"taxonomy":"product_cat","embeddable":true,"href":"https:\/\/blisshoianresort.com\/vi\/wp-json\/wp\/v2\/product_cat?post=17415"},{"taxonomy":"product_tag","embeddable":true,"href":"https:\/\/blisshoianresort.com\/vi\/wp-json\/wp\/v2\/product_tag?post=17415"}],"curies":[{"name":"wp","href":"https:\/\/api.w.org\/{rel}","templated":true}]}}