{"id":17413,"date":"2023-10-31T04:14:38","date_gmt":"2023-10-31T04:14:38","guid":{"rendered":"https:\/\/blisshoianresort.com\/2-bedroom-pool-villa\/"},"modified":"2024-01-31T03:09:51","modified_gmt":"2024-01-31T03:09:51","slug":"2-bedroom-pool-villa","status":"publish","type":"product","link":"https:\/\/blisshoianresort.com\/vi\/2-bedroom-pool-villa\/","title":{"rendered":"2- Bedroom Pool Villa"},"content":{"rendered":"<p style=\"text-align: justify;\"><span style=\"font-family: helvetica, arial, sans-serif; font-size: 12pt;\">Du kh\u00e1ch s\u1ebd c\u00f3 c\u01a1 h\u1ed9i tr\u1ea3i nghi\u1ec7m d\u1ecbch v\u1ee5 v\u01b0\u1ee3t tr\u1ed9i khi l\u1ef1a ch\u1ecdn l\u01b0u tr\u00fa t\u1ea1i <a href=\"https:\/\/blisshoianresort.com\/two-bedroom-pool-villa\/\">Two Bedroom OceanFront Pool Villa<\/a>. L\u00e0 \u1ed1c \u0111\u1ea3o gi\u1eefa l\u00f2ng <a href=\"https:\/\/blisshoianresort.com\/\">Bliss Hoi An Beach Resort<\/a>, OceanFront Pool Villa s\u1edf h\u1eefu kh\u00f4ng gian ri\u00eang t\u01b0, sang tr\u1ecdng v\u1edbi h\u1ed3 b\u01a1i ri\u00eang h\u01b0\u1edbng bi\u1ec3n. <\/span><\/p>\n<p style=\"text-align: justify;\"><span style=\"font-family: helvetica, arial, sans-serif; font-size: 12pt;\">Thi\u1ebft k\u1ebf b\u00ean ngo\u00e0i m\u00f4 ph\u1ecfng ng\u00f4i nh\u00e0 c\u1ed5 H\u1ed9i An \u0111i\u1ec3n h\u00ecnh nh\u01b0ng b\u00ean trong l\u1ea1i l\u00e0 kh\u00f4ng gian sang tr\u1ecdng, ti\u1ec7n nghi nh\u1ea5t. Di\u1ec7n t\u00edch bi\u1ec7t th\u1ef1 l\u00ean t\u1edbi 130m2 v\u1edbi 2 ph\u00f2ng ng\u1ee7 ri\u00eang bi\u1ec7t, \u0111\u01b0\u1ee3c thi\u1ebft k\u1ebf \u1ea5n t\u01b0\u1ee3ng h\u00f2a quy\u1ec7n v\u1edbi v\u01b0\u1eddn hoa xanh m\u00e1t. L\u00e0 n\u01a1i mang \u0111\u1ebfn cho b\u1ea1n nh\u1eefng ph\u00fat gi\u00e2y th\u01b0 gi\u00e3n ri\u00eang t\u01b0 khi b\u1ea1n n\u1eb1m ng\u1eafm c\u1ea3nh bi\u1ec3n hay \u0111\u1eafm m\u00ecnh trong b\u1ec3 b\u01a1i trong k\u1ef3 ngh\u1ec9 \u1edf H\u1ed9i An<\/span><\/p>\n<p><strong><br \/>\n<span style=\"font-family: helvetica, arial, sans-serif; font-size: 12pt;\">Ch\u00ednh s\u00e1ch nh\u1eadn\/tr\u1ea3 ph\u00f2ng:<\/span><\/strong><\/p>\n<ul>\n<li><span style=\"font-family: helvetica, arial, sans-serif; font-size: 12pt;\">Th\u1eddi gian nh\u1eadn ph\u00f2ng: T\u1eeb 3:00 gi\u1edd chi\u1ec1u<\/span><\/li>\n<li><span style=\"font-family: helvetica, arial, sans-serif; font-size: 12pt;\">Th\u1eddi gian tr\u1ea3 ph\u00f2ng: Kh\u00f4ng mu\u1ed9n h\u01a1n 12:00<\/span><\/li>\n<li><span style=\"font-family: helvetica, arial, sans-serif; font-size: 12pt;\">Nh\u1eadn ph\u00f2ng s\u1edbm: T\u00f9y v\u00e0o t\u00ecnh tr\u1ea1ng ph\u00f2ng tr\u1ed1ng.<\/span><\/li>\n<\/ul>\n<hr \/>\n<h2><span style=\"font-family: helvetica, arial, sans-serif; font-size: 12pt;\">Ti\u1ec7n nghi<\/span><\/h2>\n<ul>\n<li style=\"font-weight: 400;\" aria-level=\"1\"><span style=\"font-weight: 400; font-family: helvetica, arial, sans-serif; font-size: 12pt;\">\u0110\u1ed3 u\u1ed1ng ch\u00e0o m\u1eebng khi \u0111\u1ebfn<\/span><\/li>\n<li style=\"font-weight: 400;\" aria-level=\"1\"><span style=\"font-weight: 400; font-family: helvetica, arial, sans-serif; font-size: 12pt;\">Th\u00f4ng tin \u0111\u1ecbnh h\u01b0\u1edbng Resort &amp; th\u1ecb tr\u1ea5n H\u1ed9i An<\/span><\/li>\n<li style=\"font-weight: 400;\" aria-level=\"1\"><span style=\"font-weight: 400; font-family: helvetica, arial, sans-serif; font-size: 12pt;\">King bed &amp; Twin beds<\/span><\/li>\n<li style=\"font-weight: 400;\" aria-level=\"1\"><span style=\"font-weight: 400; font-family: helvetica, arial, sans-serif; font-size: 12pt;\">B\u00e0n vi\u1ebft<\/span><\/li>\n<li aria-level=\"1\"><span style=\"font-family: helvetica, arial, sans-serif; font-size: 12pt;\">Sofa<\/span><\/li>\n<li style=\"font-weight: 400;\" aria-level=\"1\"><span style=\"font-weight: 400; font-family: helvetica, arial, sans-serif; font-size: 12pt;\">B\u00e0n gh\u1ebf \u1edf ban c\u00f4ng<\/span><\/li>\n<li style=\"font-weight: 400;\" aria-level=\"1\"><span style=\"font-weight: 400; font-family: helvetica, arial, sans-serif; font-size: 12pt;\">Chai n\u01b0\u1edbc mi\u1ec5n ph\u00ed<\/span><\/li>\n<li style=\"font-weight: 400;\" aria-level=\"1\"><span style=\"font-weight: 400; font-family: helvetica, arial, sans-serif; font-size: 12pt;\">Tr\u00e0 v\u00e0 c\u00e0 ph\u00ea<\/span><\/li>\n<li style=\"font-weight: 400;\" aria-level=\"1\"><span style=\"font-weight: 400; font-family: helvetica, arial, sans-serif; font-size: 12pt;\">T\u1ee7 l\u1ea1nh nh\u1ecf<\/span><\/li>\n<li style=\"font-weight: 400;\" aria-level=\"1\"><span style=\"font-weight: 400; font-family: helvetica, arial, sans-serif; font-size: 12pt;\">D\u1ecbch v\u1ee5 ph\u00f2ng<\/span><\/li>\n<li style=\"font-weight: 400;\" aria-level=\"1\"><span style=\"font-weight: 400; font-family: helvetica, arial, sans-serif; font-size: 12pt;\">D\u1ecdn ph\u00f2ng 2 l\u1ea7n m\u1ed7i ng\u00e0y<\/span><\/li>\n<li style=\"font-weight: 400;\" aria-level=\"1\"><span style=\"font-weight: 400; font-family: helvetica, arial, sans-serif; font-size: 12pt;\">Ph\u00f2ng t\u1eafm ri\u00eang<\/span><\/li>\n<li style=\"font-weight: 400;\" aria-level=\"1\"><span style=\"font-weight: 400; font-family: helvetica, arial, sans-serif; font-size: 12pt;\">\u00c1o cho\u00e0ng t\u1eafm<\/span><\/li>\n<li style=\"font-weight: 400;\" aria-level=\"1\"><span style=\"font-weight: 400; font-family: helvetica, arial, sans-serif; font-size: 12pt;\">Ti\u1ec7n \u00edch ph\u00f2ng t\u1eafm sang tr\u1ecdng<\/span><\/li>\n<li style=\"font-weight: 400;\" aria-level=\"1\"><span style=\"font-weight: 400; font-family: helvetica, arial, sans-serif; font-size: 12pt;\">B\u1ed3n t\u1eafm v\u00e0 b\u1ed3n t\u1eafm t\u1eafm ri\u00eang bi\u1ec7t<\/span><\/li>\n<li style=\"font-weight: 400;\" aria-level=\"1\"><span style=\"font-weight: 400; font-family: helvetica, arial, sans-serif; font-size: 12pt;\">M\u00e1y s\u1ea5y t\u00f3c<\/span><\/li>\n<li style=\"font-weight: 400;\" aria-level=\"1\"><span style=\"font-weight: 400; font-family: helvetica, arial, sans-serif; font-size: 12pt;\">\u1ed4 c\u1eafm m\u00e1y c\u1ea1o r\u00e2u (220 volt)<\/span><\/li>\n<li style=\"font-weight: 400;\" aria-level=\"1\"><span style=\"font-weight: 400; font-family: helvetica, arial, sans-serif; font-size: 12pt;\">D\u1ecbch v\u1ee5 gi\u1eb7t \u1ee7i<\/span><\/li>\n<li style=\"font-weight: 400;\" aria-level=\"1\"><span style=\"font-weight: 400; font-family: helvetica, arial, sans-serif; font-size: 12pt;\">K\u00e9t s\u1eaft \u0111i\u1ec7n t\u1eed<\/span><\/li>\n<li style=\"font-weight: 400;\" aria-level=\"1\"><span style=\"font-weight: 400; font-family: helvetica, arial, sans-serif; font-size: 12pt;\">\u0110i\u1ec1u h\u00f2a kh\u00f4ng kh\u00ed chia \u0111\u00f4i<\/span><\/li>\n<li style=\"font-weight: 400;\" aria-level=\"1\"><span style=\"font-weight: 400; font-family: helvetica, arial, sans-serif; font-size: 12pt;\">Mi\u1ec5n ph\u00ed Wifi t\u1ed1c \u0111\u1ed9 cao<\/span><\/li>\n<li style=\"font-weight: 400;\" aria-level=\"1\"><span style=\"font-weight: 400; font-family: helvetica, arial, sans-serif; font-size: 12pt;\">\u0110\u00e8n \u0111\u1ecdc s\u00e1ch<\/span><\/li>\n<li style=\"font-weight: 400;\" aria-level=\"1\"><span style=\"font-weight: 400; font-family: helvetica, arial, sans-serif; font-size: 12pt;\">\u0110i\u1ec7n tho\u1ea1i IDD<\/span><\/li>\n<li style=\"font-weight: 400;\" aria-level=\"1\"><span style=\"font-weight: 400; font-family: helvetica, arial, sans-serif; font-size: 12pt;\">TV m\u00e0n h\u00ecnh ph\u1eb3ng 43&#8242; c\u00f3 truy\u1ec1n h\u00ecnh c\u00e1p<\/span><\/li>\n<li style=\"font-weight: 400;\" aria-level=\"1\"><span style=\"font-weight: 400; font-family: helvetica, arial, sans-serif; font-size: 12pt;\">C\u00e1c ti\u1ec7n \u00edch kh\u00e1c: C\u00e2n, \u0110\u1ed3ng h\u1ed3 b\u00e1o th\u1ee9c, \u00d4 d\u00f9<\/span><\/li>\n<li style=\"font-weight: 400;\" aria-level=\"1\"><span style=\"font-weight: 400; font-family: helvetica, arial, sans-serif; font-size: 12pt;\">V\u1eadt nu\u00f4i kh\u00f4ng \u0111\u01b0\u1ee3c ph\u00e9p<\/span><\/li>\n<\/ul>\n","protected":false},"excerpt":{"rendered":"<p style=\"text-align: justify;\"><span style=\"font-family: helvetica, arial, sans-serif; font-size: 12pt;\">Du kh\u00e1ch s\u1ebd c\u00f3 c\u01a1 h\u1ed9i tr\u1ea3i nghi\u1ec7m d\u1ecbch v\u1ee5 v\u01b0\u1ee3t tr\u1ed9i khi l\u1ef1a ch\u1ecdn ngh\u1ec9 d\u01b0\u1ee1ng t\u1ea1i Two Bedroom OceanFront Pool Villa. L\u00e0 \u1ed1c \u0111\u1ea3o gi\u1eefa l\u00f2ng <a href=\"https:\/\/blisshoianresort.com\/\">Bliss Hoi An Beach Resort<\/a>, OceanFront Pool Villa s\u1edf h\u1eefu kh\u00f4ng gian ri\u00eang t\u01b0, sang tr\u1ecdng v\u1edbi h\u1ed3 b\u01a1i ri\u00eang h\u01b0\u1edbng bi\u1ec3n. <\/span><\/p>\n<p style=\"text-align: justify;\"><span style=\"font-family: helvetica, arial, sans-serif; font-size: 12pt;\">Thi\u1ebft k\u1ebf b\u00ean ngo\u00e0i m\u00f4 ph\u1ecfng ng\u00f4i nh\u00e0 c\u1ed5 H\u1ed9i An \u0111i\u1ec3n h\u00ecnh nh\u01b0ng b\u00ean trong l\u1ea1i l\u00e0 kh\u00f4ng gian sang tr\u1ecdng, ti\u1ec7n nghi nh\u1ea5t. Di\u1ec7n t\u00edch bi\u1ec7t th\u1ef1 l\u00ean t\u1edbi 130m2 v\u1edbi 2 ph\u00f2ng ng\u1ee7 ri\u00eang bi\u1ec7t, \u0111\u01b0\u1ee3c thi\u1ebft k\u1ebf \u1ea5n t\u01b0\u1ee3ng h\u00f2a quy\u1ec7n v\u1edbi v\u01b0\u1eddn hoa xanh m\u00e1t. L\u00e0 n\u01a1i mang \u0111\u1ebfn cho b\u1ea1n nh\u1eefng ph\u00fat gi\u00e2y th\u01b0 gi\u00e3n ri\u00eang t\u01b0 khi b\u1ea1n n\u1eb1m ng\u1eafm c\u1ea3nh bi\u1ec3n hay \u0111\u1eafm m\u00ecnh trong b\u1ec3 b\u01a1i trong k\u1ef3 ngh\u1ec9 \u1edf H\u1ed9i An<\/span><\/p>\n<p><span style=\"font-size: 12pt;\"><strong><span style=\"font-family: helvetica, arial, sans-serif;\">Gi\u00e1 bao g\u1ed3m<\/span><\/strong><\/span><\/p>\n<ul>\n<li style=\"font-weight: 400;\" aria-level=\"1\"><span style=\"font-weight: 400; font-family: helvetica, arial, sans-serif; font-size: 12pt;\">Minibar mi\u1ec5n ph\u00ed (\u0111\u01b0\u1ee3c b\u1ed5 sung h\u00e0ng ng\u00e0y)<\/span><\/li>\n<li style=\"font-weight: 400;\" aria-level=\"1\"><span style=\"font-weight: 400; font-family: helvetica, arial, sans-serif; font-size: 12pt;\">Turn-down service<\/span><\/li>\n<\/ul>\n","protected":false},"featured_media":14157,"comment_status":"open","ping_status":"closed","template":"","meta":{"content-type":""},"product_brand":[],"product_cat":[641],"product_tag":[643,644,645],"class_list":{"0":"post-17413","1":"product","2":"type-product","3":"status-publish","4":"has-post-thumbnail","6":"product_cat-hang-phong","7":"product_tag-2-bed-room-pool-villa-vi","8":"product_tag-bliss-hoi-an-beach-resort-vi","9":"product_tag-oceanfront-pool-villa-vi","11":"first","12":"instock","13":"shipping-taxable","14":"purchasable","15":"product-type-simple"},"_links":{"self":[{"href":"https:\/\/blisshoianresort.com\/vi\/wp-json\/wp\/v2\/product\/17413","targetHints":{"allow":["GET"]}}],"collection":[{"href":"https:\/\/blisshoianresort.com\/vi\/wp-json\/wp\/v2\/product"}],"about":[{"href":"https:\/\/blisshoianresort.com\/vi\/wp-json\/wp\/v2\/types\/product"}],"replies":[{"embeddable":true,"href":"https:\/\/blisshoianresort.com\/vi\/wp-json\/wp\/v2\/comments?post=17413"}],"wp:featuredmedia":[{"embeddable":true,"href":"https:\/\/blisshoianresort.com\/vi\/wp-json\/wp\/v2\/media\/14157"}],"wp:attachment":[{"href":"https:\/\/blisshoianresort.com\/vi\/wp-json\/wp\/v2\/media?parent=17413"}],"wp:term":[{"taxonomy":"product_brand","embeddable":true,"href":"https:\/\/blisshoianresort.com\/vi\/wp-json\/wp\/v2\/product_brand?post=17413"},{"taxonomy":"product_cat","embeddable":true,"href":"https:\/\/blisshoianresort.com\/vi\/wp-json\/wp\/v2\/product_cat?post=17413"},{"taxonomy":"product_tag","embeddable":true,"href":"https:\/\/blisshoianresort.com\/vi\/wp-json\/wp\/v2\/product_tag?post=17413"}],"curies":[{"name":"wp","href":"https:\/\/api.w.org\/{rel}","templated":true}]}}