{"id":15583,"date":"2023-10-31T04:13:52","date_gmt":"2023-10-31T04:13:52","guid":{"rendered":"https:\/\/blisshoianresort.com\/product\/indochine\/"},"modified":"2024-01-31T03:03:35","modified_gmt":"2024-01-31T03:03:35","slug":"indochine","status":"publish","type":"product","link":"https:\/\/blisshoianresort.com\/vi\/indochine\/","title":{"rendered":"Indochine"},"content":{"rendered":"<p style=\"text-align: justify;\"><span style=\"font-family: helvetica, arial, sans-serif; font-size: 12pt;\">S\u1ef1 k\u1ebft h\u1ee3p ho\u00e0n h\u1ea3o gi\u1eefa v\u0103n h\u00f3a l\u1ecbch s\u1eed H\u1ed9i An c\u1ed5 \u0111i\u1ec3n v\u00e0 ki\u1ebfn \u200b\u200btr\u00fac \u0111\u01b0\u01a1ng \u0111\u1ea1i mang \u0111\u1ebfn c\u1ea3m gi\u00e1c thanh th\u1ea3n v\u00e0 th\u01b0 gi\u00e3n thu\u1ea7n khi\u1ebft khi b\u1ea1n ng\u00e2m m\u00ecnh trong b\u1ed3n t\u1eafm l\u00e1t \u0111\u00e1 c\u1ea9m th\u1ea1ch kh\u1ed5ng l\u1ed3 hay ngh\u1ec9 ng\u01a1i tr\u00ean chi\u1ebfc gi\u01b0\u1eddng r\u1ed9ng r\u00e3i, \u00eam \u00e1i. T\u1ef1 h\u00e0o v\u1edbi l\u1ed1i trang tr\u00ed trang nh\u00e3 v\u00e0 s\u1ef1 sang tr\u1ecdng theo phong c\u00e1ch \u0111i\u1ec1u h\u00e0nh, bi\u1ec7t th\u1ef1 n\u00e0y \u0111\u01b0\u1ee3c thi\u1ebft k\u1ebf d\u00e0nh cho nh\u1eefng v\u1ecb kh\u00e1ch qu\u00fd, nh\u1eefng ng\u01b0\u1eddi y\u00eau c\u1ea7u ch\u1ed7 \u1edf t\u1ed1t nh\u1ea5t khi \u0111i du l\u1ecbch.<\/span><\/p>\n<p><strong><br \/>\n<span style=\"font-family: helvetica, arial, sans-serif; font-size: 12pt;\">Ch\u00ednh s\u00e1ch nh\u1eadn\/tr\u1ea3 ph\u00f2ng:<\/span><\/strong><\/p>\n<ul>\n<li><span style=\"font-family: helvetica, arial, sans-serif; font-size: 12pt;\">Th\u1eddi gian nh\u1eadn ph\u00f2ng: T\u1eeb 3:00 gi\u1edd chi\u1ec1u<\/span><\/li>\n<li><span style=\"font-family: helvetica, arial, sans-serif; font-size: 12pt;\">Th\u1eddi gian tr\u1ea3 ph\u00f2ng: Kh\u00f4ng mu\u1ed9n h\u01a1n 12:00<\/span><\/li>\n<li><span style=\"font-family: helvetica, arial, sans-serif; font-size: 12pt;\">Nh\u1eadn ph\u00f2ng s\u1edbm: T\u00f9y v\u00e0o t\u00ecnh tr\u1ea1ng ph\u00f2ng tr\u1ed1ng.<\/span><\/li>\n<\/ul>\n<hr \/>\n<h2><span style=\"font-family: helvetica, arial, sans-serif; font-size: 12pt;\">Ti\u1ec7n nghi<\/span><\/h2>\n<ul>\n<li style=\"font-weight: 400;\" aria-level=\"1\"><span style=\"font-weight: 400; font-family: helvetica, arial, sans-serif; font-size: 12pt;\">\u0110\u1ed3 u\u1ed1ng ch\u00e0o m\u1eebng khi \u0111\u1ebfn<\/span><\/li>\n<li style=\"font-weight: 400;\" aria-level=\"1\"><span style=\"font-weight: 400; font-family: helvetica, arial, sans-serif; font-size: 12pt;\">Th\u00f4ng tin \u0111\u1ecbnh h\u01b0\u1edbng Resort &amp; th\u1ecb tr\u1ea5n H\u1ed9i An<\/span><\/li>\n<li style=\"font-weight: 400;\" aria-level=\"1\"><span style=\"font-weight: 400; font-family: helvetica, arial, sans-serif; font-size: 12pt;\">King bed or Twin beds<\/span><\/li>\n<li style=\"font-weight: 400;\" aria-level=\"1\"><span style=\"font-weight: 400; font-family: helvetica, arial, sans-serif; font-size: 12pt;\">B\u00e0n vi\u1ebft<\/span><\/li>\n<li style=\"font-weight: 400;\" aria-level=\"1\"><span style=\"font-weight: 400; font-family: helvetica, arial, sans-serif; font-size: 12pt;\">B\u00e0n gh\u1ebf \u1edf ban c\u00f4ng<\/span><\/li>\n<li style=\"font-weight: 400;\" aria-level=\"1\"><span style=\"font-weight: 400; font-family: helvetica, arial, sans-serif; font-size: 12pt;\">Chai n\u01b0\u1edbc mi\u1ec5n ph\u00ed<\/span><\/li>\n<li style=\"font-weight: 400;\" aria-level=\"1\"><span style=\"font-weight: 400; font-family: helvetica, arial, sans-serif; font-size: 12pt;\">Tr\u00e0 v\u00e0 c\u00e0 ph\u00ea<\/span><\/li>\n<li style=\"font-weight: 400;\" aria-level=\"1\"><span style=\"font-weight: 400; font-family: helvetica, arial, sans-serif; font-size: 12pt;\">D\u1ecbch v\u1ee5 ph\u00f2ng<\/span><\/li>\n<li style=\"font-weight: 400;\" aria-level=\"1\"><span style=\"font-weight: 400; font-family: helvetica, arial, sans-serif; font-size: 12pt;\">D\u1ecdn ph\u00f2ng 2 l\u1ea7n m\u1ed7i ng\u00e0y<\/span><\/li>\n<li style=\"font-weight: 400;\" aria-level=\"1\"><span style=\"font-weight: 400; font-family: helvetica, arial, sans-serif; font-size: 12pt;\">Ph\u00f2ng t\u1eafm ri\u00eang<\/span><\/li>\n<li style=\"font-weight: 400;\" aria-level=\"1\"><span style=\"font-weight: 400; font-family: helvetica, arial, sans-serif; font-size: 12pt;\">\u00c1o cho\u00e0ng t\u1eafm<\/span><\/li>\n<li style=\"font-weight: 400;\" aria-level=\"1\"><span style=\"font-weight: 400; font-family: helvetica, arial, sans-serif; font-size: 12pt;\">Ti\u1ec7n \u00edch ph\u00f2ng t\u1eafm sang tr\u1ecdng<\/span><\/li>\n<li style=\"font-weight: 400;\" aria-level=\"1\"><span style=\"font-weight: 400; font-family: helvetica, arial, sans-serif; font-size: 12pt;\">B\u1ed3n t\u1eafm v\u00e0 b\u1ed3n t\u1eafm t\u1eafm ri\u00eang bi\u1ec7t<\/span><\/li>\n<li style=\"font-weight: 400;\" aria-level=\"1\"><span style=\"font-weight: 400; font-family: helvetica, arial, sans-serif; font-size: 12pt;\">M\u00e1y s\u1ea5y t\u00f3c<\/span><\/li>\n<li style=\"font-weight: 400;\" aria-level=\"1\"><span style=\"font-weight: 400; font-family: helvetica, arial, sans-serif; font-size: 12pt;\">\u1ed4 c\u1eafm m\u00e1y c\u1ea1o r\u00e2u (220 volt)<\/span><\/li>\n<li style=\"font-weight: 400;\" aria-level=\"1\"><span style=\"font-weight: 400; font-family: helvetica, arial, sans-serif; font-size: 12pt;\">D\u1ecbch v\u1ee5 gi\u1eb7t \u1ee7i<\/span><\/li>\n<li style=\"font-weight: 400;\" aria-level=\"1\"><span style=\"font-weight: 400; font-family: helvetica, arial, sans-serif; font-size: 12pt;\">k\u00e9t s\u1eaft \u0111i\u1ec7n t\u1eed<\/span><\/li>\n<li style=\"font-weight: 400;\" aria-level=\"1\"><span style=\"font-weight: 400; font-family: helvetica, arial, sans-serif; font-size: 12pt;\">\u0110i\u1ec1u h\u00f2a kh\u00f4ng kh\u00ed chia \u0111\u00f4i<\/span><\/li>\n<li style=\"font-weight: 400;\" aria-level=\"1\"><span style=\"font-weight: 400; font-family: helvetica, arial, sans-serif; font-size: 12pt;\">Mi\u1ec5n ph\u00ed Wifi t\u1ed1c \u0111\u1ed9 cao<\/span><\/li>\n<li style=\"font-weight: 400;\" aria-level=\"1\"><span style=\"font-weight: 400; font-family: helvetica, arial, sans-serif; font-size: 12pt;\">\u0110\u00e8n \u0111\u1ecdc s\u00e1ch<\/span><\/li>\n<li style=\"font-weight: 400;\" aria-level=\"1\"><span style=\"font-weight: 400; font-family: helvetica, arial, sans-serif; font-size: 12pt;\">\u0110i\u1ec7n tho\u1ea1i IDD<\/span><\/li>\n<li style=\"font-weight: 400;\" aria-level=\"1\"><span style=\"font-weight: 400; font-family: helvetica, arial, sans-serif; font-size: 12pt;\">TV m\u00e0n h\u00ecnh ph\u1eb3ng 55&#8242; c\u00f3 truy\u1ec1n h\u00ecnh c\u00e1p<\/span><\/li>\n<li style=\"font-weight: 400;\" aria-level=\"1\"><span style=\"font-weight: 400; font-family: helvetica, arial, sans-serif; font-size: 12pt;\">C\u00e1c ti\u1ec7n \u00edch kh\u00e1c: C\u00e2n, \u0110\u1ed3ng h\u1ed3 b\u00e1o th\u1ee9c, \u00d4 d\u00f9<\/span><\/li>\n<li style=\"font-weight: 400;\" aria-level=\"1\"><span style=\"font-weight: 400; font-family: helvetica, arial, sans-serif; font-size: 12pt;\">V\u1eadt nu\u00f4i kh\u00f4ng \u0111\u01b0\u1ee3c ph\u00e9p<\/span><\/li>\n<\/ul>\n","protected":false},"excerpt":{"rendered":"<p style=\"text-align: justify;\"><span style=\"font-family: helvetica, arial, sans-serif; font-size: 12pt;\">S\u1ef1 k\u1ebft h\u1ee3p ho\u00e0n h\u1ea3o gi\u1eefa v\u0103n h\u00f3a l\u1ecbch s\u1eed H\u1ed9i An c\u1ed5 \u0111i\u1ec3n v\u00e0 ki\u1ebfn \u200b\u200btr\u00fac \u0111\u01b0\u01a1ng \u0111\u1ea1i mang \u0111\u1ebfn c\u1ea3m gi\u00e1c thanh th\u1ea3n v\u00e0 th\u01b0 gi\u00e3n thu\u1ea7n khi\u1ebft khi b\u1ea1n ng\u00e2m m\u00ecnh trong b\u1ed3n t\u1eafm l\u00e1t \u0111\u00e1 c\u1ea9m th\u1ea1ch kh\u1ed5ng l\u1ed3 hay ngh\u1ec9 ng\u01a1i tr\u00ean chi\u1ebfc gi\u01b0\u1eddng r\u1ed9ng r\u00e3i, \u00eam \u00e1i. T\u1ef1 h\u00e0o v\u1edbi l\u1ed1i trang tr\u00ed trang nh\u00e3 v\u00e0 s\u1ef1 sang tr\u1ecdng theo phong c\u00e1ch \u0111i\u1ec1u h\u00e0nh, bi\u1ec7t th\u1ef1 n\u00e0y \u0111\u01b0\u1ee3c thi\u1ebft k\u1ebf d\u00e0nh cho nh\u1eefng v\u1ecb kh\u00e1ch qu\u00fd, nh\u1eefng ng\u01b0\u1eddi y\u00eau c\u1ea7u ch\u1ed7 \u1edf t\u1ed1t nh\u1ea5t khi \u0111i du l\u1ecbch.<\/span><\/p>\n<p><span style=\"font-family: helvetica, arial, sans-serif; font-size: 12pt;\"><strong>Gi\u00e1 bao g\u1ed3m:<\/strong> Tr\u00e0 chi\u1ec1u mi\u1ec5n ph\u00ed cho t\u1ea5t c\u1ea3 kh\u00e1ch (m\u1ed9t l\u1ea7n l\u01b0u tr\u00fa)<\/span><\/p>\n","protected":false},"featured_media":14155,"comment_status":"open","ping_status":"closed","template":"","meta":{"content-type":""},"product_brand":[596,594,593,595],"product_cat":[641],"product_tag":[644,648,647],"class_list":{"0":"post-15583","1":"product","2":"type-product","3":"status-publish","4":"has-post-thumbnail","6":"product_brand-bai-do-xe","7":"product_brand-be-boi-va-khan-tam","8":"product_brand-bua-sang","9":"product_brand-san-choi","10":"product_cat-hang-phong","11":"product_tag-bliss-hoi-an-beach-resort-vi","12":"product_tag-executive-style-luxuries-vi","13":"product_tag-indochine-rooms-vi","15":"first","16":"instock","17":"shipping-taxable","18":"purchasable","19":"product-type-simple"},"_links":{"self":[{"href":"https:\/\/blisshoianresort.com\/vi\/wp-json\/wp\/v2\/product\/15583","targetHints":{"allow":["GET"]}}],"collection":[{"href":"https:\/\/blisshoianresort.com\/vi\/wp-json\/wp\/v2\/product"}],"about":[{"href":"https:\/\/blisshoianresort.com\/vi\/wp-json\/wp\/v2\/types\/product"}],"replies":[{"embeddable":true,"href":"https:\/\/blisshoianresort.com\/vi\/wp-json\/wp\/v2\/comments?post=15583"}],"wp:featuredmedia":[{"embeddable":true,"href":"https:\/\/blisshoianresort.com\/vi\/wp-json\/wp\/v2\/media\/14155"}],"wp:attachment":[{"href":"https:\/\/blisshoianresort.com\/vi\/wp-json\/wp\/v2\/media?parent=15583"}],"wp:term":[{"taxonomy":"product_brand","embeddable":true,"href":"https:\/\/blisshoianresort.com\/vi\/wp-json\/wp\/v2\/product_brand?post=15583"},{"taxonomy":"product_cat","embeddable":true,"href":"https:\/\/blisshoianresort.com\/vi\/wp-json\/wp\/v2\/product_cat?post=15583"},{"taxonomy":"product_tag","embeddable":true,"href":"https:\/\/blisshoianresort.com\/vi\/wp-json\/wp\/v2\/product_tag?post=15583"}],"curies":[{"name":"wp","href":"https:\/\/api.w.org\/{rel}","templated":true}]}}