{"id":17709,"date":"2024-01-10T01:43:00","date_gmt":"2024-01-10T01:43:00","guid":{"rendered":"https:\/\/blisshoianresort.com\/?page_id=17709"},"modified":"2024-01-10T02:00:30","modified_gmt":"2024-01-10T02:00:30","slug":"dieu-khoan-chung","status":"publish","type":"page","link":"https:\/\/blisshoianresort.com\/vi\/dieu-khoan-chung\/","title":{"rendered":"\u0110i\u1ec1u kho\u1ea3n chung"},"content":{"rendered":"\t\t<div data-elementor-type=\"wp-page\" data-elementor-id=\"17709\" class=\"elementor elementor-17709\" data-elementor-post-type=\"page\">\n\t\t\t\t\t\t<section class=\"elementor-section elementor-top-section elementor-element elementor-element-b86f979 elementor-section-full_width elementor-section-height-default elementor-section-height-default\" data-id=\"b86f979\" data-element_type=\"section\">\n\t\t\t\t\t\t<div class=\"elementor-container elementor-column-gap-default\">\n\t\t\t\t\t<div class=\"elementor-column elementor-col-100 elementor-top-column elementor-element elementor-element-1ef5978\" data-id=\"1ef5978\" data-element_type=\"column\">\n\t\t\t<div class=\"elementor-widget-wrap elementor-element-populated\">\n\t\t\t\t\t\t<section class=\"elementor-section elementor-inner-section elementor-element elementor-element-59dbff1 elementor-section-full_width elementor-section-height-default elementor-section-height-default\" data-id=\"59dbff1\" data-element_type=\"section\">\n\t\t\t\t\t\t<div class=\"elementor-container elementor-column-gap-default\">\n\t\t\t\t\t<div class=\"elementor-column elementor-col-100 elementor-inner-column elementor-element elementor-element-a5b692f\" data-id=\"a5b692f\" data-element_type=\"column\">\n\t\t\t<div class=\"elementor-widget-wrap elementor-element-populated\">\n\t\t\t\t\t\t<div class=\"elementor-element elementor-element-f7f42db elementor-widget elementor-widget-image\" data-id=\"f7f42db\" data-element_type=\"widget\" data-widget_type=\"image.default\">\n\t\t\t\t<div class=\"elementor-widget-container\">\n\t\t\t\t\t\t\t\t\t\t\t\t\t\t\t<img fetchpriority=\"high\" decoding=\"async\" width=\"1920\" height=\"412\" src=\"https:\/\/blisshoianresort.com\/wp-content\/uploads\/2023\/11\/infinitive_pool_bliss_hoi_an_beach_resort_n_wellness.jpg\" class=\"attachment-full size-full wp-image-14681\" alt=\"\" srcset=\"https:\/\/blisshoianresort.com\/wp-content\/uploads\/2023\/11\/infinitive_pool_bliss_hoi_an_beach_resort_n_wellness.jpg 1920w, https:\/\/blisshoianresort.com\/wp-content\/uploads\/2023\/11\/infinitive_pool_bliss_hoi_an_beach_resort_n_wellness-300x64.jpg 300w, https:\/\/blisshoianresort.com\/wp-content\/uploads\/2023\/11\/infinitive_pool_bliss_hoi_an_beach_resort_n_wellness-1024x220.jpg 1024w, https:\/\/blisshoianresort.com\/wp-content\/uploads\/2023\/11\/infinitive_pool_bliss_hoi_an_beach_resort_n_wellness-768x165.jpg 768w, https:\/\/blisshoianresort.com\/wp-content\/uploads\/2023\/11\/infinitive_pool_bliss_hoi_an_beach_resort_n_wellness-1536x330.jpg 1536w, https:\/\/blisshoianresort.com\/wp-content\/uploads\/2023\/11\/infinitive_pool_bliss_hoi_an_beach_resort_n_wellness-1000x215.jpg 1000w\" sizes=\"(max-width: 1920px) 100vw, 1920px\" \/>\t\t\t\t\t\t\t\t\t\t\t\t\t\t\t<\/div>\n\t\t\t\t<\/div>\n\t\t\t\t\t<\/div>\n\t\t<\/div>\n\t\t\t\t\t<\/div>\n\t\t<\/section>\n\t\t\t\t<section class=\"elementor-section elementor-inner-section elementor-element elementor-element-b3bd799 elementor-section-boxed elementor-section-height-default elementor-section-height-default\" data-id=\"b3bd799\" data-element_type=\"section\">\n\t\t\t\t\t\t<div class=\"elementor-container elementor-column-gap-default\">\n\t\t\t\t\t<div class=\"elementor-column elementor-col-100 elementor-inner-column elementor-element elementor-element-e54c56b\" data-id=\"e54c56b\" data-element_type=\"column\">\n\t\t\t<div class=\"elementor-widget-wrap elementor-element-populated\">\n\t\t\t\t\t\t<div class=\"elementor-element elementor-element-7353c01 elementor-widget elementor-widget-heading\" data-id=\"7353c01\" data-element_type=\"widget\" data-widget_type=\"heading.default\">\n\t\t\t\t<div class=\"elementor-widget-container\">\n\t\t\t\t\t<h2 class=\"elementor-heading-title elementor-size-default\">\u0110i\u1ec1u kho\u1ea3n chung<\/h2>\t\t\t\t<\/div>\n\t\t\t\t<\/div>\n\t\t\t\t<div class=\"elementor-element elementor-element-e18b7aa elementor-widget elementor-widget-text-editor\" data-id=\"e18b7aa\" data-element_type=\"widget\" data-widget_type=\"text-editor.default\">\n\t\t\t\t<div class=\"elementor-widget-container\">\n\t\t\t\t\t\t\t\t\t<p style=\"text-align: justify;\"><span style=\"font-family: helvetica, arial, sans-serif; font-size: 12pt; color: #014f70;\">\u0110i\u1ec1u Kho\u1ea3n Chung n\u00e0y \u00e1p d\u1ee5ng cho c\u00e1c Kh\u00e1ch v\u00e0 \u0110\u1ed1i T\u00e1c (nh\u01b0 \u0111\u01b0\u1ee3c \u0111\u1ecbnh ngh\u0129a d\u01b0\u1edbi \u0111\u00e2y) s\u1eed d\u1ee5ng ho\u1eb7c \u0111\u1eb7t d\u1ecbch v\u1ee5 t\u1ea1i c\u00e1c khu ngh\u1ec9 d\u01b0\u1ee1ng Bliss Hoi An. Kh\u00e1ch, \u0110\u1ed1i T\u00e1c v\u00e0 Bliss Hoi An Beach Resort \u0111\u01b0\u1ee3c g\u1ecdi ri\u00eang l\u00e0 \u201cB\u00ean\u201d v\u00e0 g\u1ecdi chung l\u00e0 \u201cC\u00e1c B\u00ean\u201d, t\u00f9y t\u1eebng ho\u00e0n c\u1ea3nh t\u1ea1i \u0110i\u1ec1u Kho\u1ea3n Chung n\u00e0y;<\/span><\/p><p style=\"text-align: justify;\"><span style=\"font-family: helvetica, arial, sans-serif; font-size: 12pt; color: #014f70;\">Kh\u00e1ch \/ \u0110\u1ed1i T\u00e1c \u0111\u1ed3ng \u00fd v\u00e0 th\u1eeba nh\u1eadn r\u1eb1ng c\u1ea7n ph\u1ea3i g\u1eedi nh\u1eefng y\u00eau c\u1ea7u \u0111\u1eb7t ph\u00f2ng d\u01b0\u1edbi d\u1ea1ng v\u0103n b\u1ea3n, X\u00e1c nh\u1eadn \u0111\u1eb7t ph\u00f2ng c\u1ee7a Bliss Hoi An s\u1ebd d\u1ef1a tr\u00ean t\u00ecnh tr\u1ea1ng ph\u00f2ng hi\u1ec7n c\u00f3 \u1edf th\u1eddi \u0111i\u1ec3m \u0111\u1eb7t ph\u00f2ng. Nh\u1eefng booking \u0111\u1eb7t ph\u00f2ng x\u00e1c nh\u1eadn qua \u0111i\u1ec7n \u0111i\u1ec7n tho\u1ea1i s\u1ebd kh\u00f4ng c\u00f3 hi\u1ec7u l\u1ef1c \u0111\u1eb7t ph\u00f2ng;<\/span><\/p><p style=\"text-align: justify;\"><span style=\"font-family: helvetica, arial, sans-serif; font-size: 12pt; color: #014f70;\">Tr\u1ebb em theo \u0111\u1ed9 tu\u1ed5i \u0111\u01b0\u1ee3c nh\u1eadn \u01b0u \u0111\u00e3i, b\u1eaft bu\u1ed9c ph\u1ea3i xu\u1ea5t tr\u00ecnh gi\u1ea5y khai sinh ho\u1eb7c h\u1ed9 chi\u1ebfu khi l\u00e0m th\u1ee7 t\u1ee5c nh\u1eadn ph\u00f2ng t\u1ea1i qu\u1ea7y L\u1ec5 T\u00e2n;<\/span><\/p><h2 style=\"text-align: justify;\"><span style=\"font-family: helvetica, arial, sans-serif; font-size: 12pt; color: #014f70;\"><strong>\u0110I\u1ec0U 1. \u0110\u1ecaNH NGH\u0128A<\/strong><\/span><\/h2><ul><li style=\"text-align: justify;\"><span style=\"font-family: helvetica, arial, sans-serif; font-size: 12pt; color: #014f70;\">\u201cBliss Hoi An Beach Resort &amp; Wellness\u201d c\u00f3 ngh\u0129a l\u00e0 <strong>C\u00d4NG TY TNHH DU L\u1ecaCH NGH\u1ec8 D\u01af\u1ee0NG L\u00c0NG BI\u1ec2N NHI\u1ec6T \u0110\u1edaI H\u1ed8I AN;<\/strong><\/span><\/li><li style=\"text-align: justify;\"><span style=\"font-family: helvetica, arial, sans-serif; font-size: 12pt; color: #014f70;\">\u201cQuy \u0110\u1ecbnh Chung\u201d l\u00e0 c\u00e1c quy \u0111\u1ecbnh m\u00e0 Kh\u00e1ch c\u1ea7n ph\u1ea3i tu\u00e2n th\u1ee7 trong th\u1eddi gian l\u01b0u tr\u00fa v\u00e0 s\u1eed d\u1ee5ng D\u1ecbch V\u1ee5 t\u1ea1i Bliss Hoi An v\u00e0 c\u00f3 th\u1ec3 \u0111\u01b0\u1ee3c s\u1eeda \u0111\u1ed5i, b\u1ed5 sung theo quy\u1ebft \u0111\u1ecbnh c\u1ee7a Bliss Hoi An t\u1ea1i t\u1eebng th\u1eddi \u0111i\u1ec3m v\u00e0 \u0111\u0103ng t\u1ea3i tr\u00ean Trang Web c\u1ee7a Bliss Hoi An;<\/span><\/li><li style=\"text-align: justify;\"><span style=\"font-family: helvetica, arial, sans-serif; font-size: 12pt; color: #014f70;\">\u201cD\u1ecbch V\u1ee5\u201d bao g\u1ed3m d\u1ecbch v\u1ee5 l\u01b0u tr\u00fa, ti\u1ec7c s\u1ef1 ki\u1ec7n, Voucher ho\u1eb7c d\u1ecbch v\u1ee5 b\u1ed5 sung kh\u00e1c m\u00e0 Bliss Hoi An cung c\u1ea5p cho Kh\u00e1ch\/\u0110\u1ed1i t\u00e1c;<\/span><\/li><li style=\"text-align: justify;\"><span style=\"font-family: helvetica, arial, sans-serif; font-size: 12pt; color: #014f70;\">\u201cX\u00e1c Nh\u1eadn D\u1ecbch V\u1ee5 Kh\u00e1ch L\u1ebb \u201d l\u00e0 x\u00e1c nh\u1eadn c\u1ee7a Bliss Hoi An v\u1ec1 Y\u00eau C\u1ea7u D\u1ecbch V\u1ee5 c\u1ee7a Kh\u00e1ch\/ \u0110\u1ed1i t\u00e1c v\u1ec1 vi\u1ec7c \u0111\u1eb7t d\u1ecbch v\u1ee5 l\u01b0u tr\u00fa, Voucher ho\u1eb7c d\u1ecbch v\u1ee5 b\u1ed5 sung kh\u00e1c c\u1ee7a Kh\u00e1ch l\u1ebb v\u1edbi c\u00e1c n\u1ed9i dung theo m\u1eabu ban h\u00e0nh k\u00e8m theo \u0110i\u1ec1u Kho\u1ea3n Chung n\u00e0y;<\/span><\/li><li style=\"text-align: justify;\"><span style=\"font-family: helvetica, arial, sans-serif; font-size: 12pt; color: #014f70;\">\u201cX\u00e1c Nh\u1eadn D\u1ecbch V\u1ee5 Kh\u00e1ch \u0110o\u00e0n\u201d l\u00e0 x\u00e1c nh\u1eadn c\u1ee7a Bliss Hoi An Beach Resort &amp; Wellness v\u1ec1 Y\u00eau C\u1ea7u D\u1ecbch V\u1ee5 c\u1ee7a Kh\u00e1ch\/ \u0110\u1ed1i T\u00e1c v\u1ec1 vi\u1ec7c \u0111\u1eb7t d\u1ecbch v\u1ee5 l\u01b0u tr\u00fa, t\u1ed5 ch\u1ee9c c\u00e1c s\u1ef1 ki\u1ec7n t\u1ea1i khu ngh\u1ec9 d\u01b0\u1ee1ng, Voucher ho\u1eb7c d\u1ecbch v\u1ee5 b\u1ed5 sung kh\u00e1c c\u1ee7a Kh\u00e1ch \u0111o\u00e0n v\u1edbi c\u00e1c n\u1ed9i dung theo m\u1eabu ban h\u00e0nh k\u00e8m theo \u0110i\u1ec1u Kho\u1ea3n Chung n\u00e0y;<\/span><\/li><li style=\"text-align: justify;\"><span style=\"font-family: helvetica, arial, sans-serif; font-size: 12pt; color: #014f70;\">\u201cY\u00eau C\u1ea7u Gi\u1ea3m H\u1ee7y D\u1ecbch V\u1ee5\u201d l\u00e0 y\u00eau c\u1ea7u c\u1ee7a Kh\u00e1ch\/ \u0110\u1ed1i T\u00e1c v\u1ec1 vi\u1ec7c gi\u1ea3m h\u1ee7y ph\u00f2ng v\u00e0 gi\u1ea3m h\u1ee7y s\u1ef1 ki\u1ec7n v\u1edbi c\u00e1c n\u1ed9i dung theo m\u1eabu y\u00eau c\u1ea7u gi\u1ea3m h\u1ee7y d\u1ecbch v\u1ee5 ban h\u00e0nh k\u00e8m theo \u0110i\u1ec1u Kho\u1ea3n Chung n\u00e0y;<\/span><\/li><li style=\"text-align: justify;\"><span style=\"font-family: helvetica, arial, sans-serif; font-size: 12pt; color: #014f70;\">\u201cKh\u00e1ch\u201d l\u00e0 c\u00e1 nh\u00e2n s\u1eed d\u1ee5ng d\u1ecbch v\u1ee5 c\u1ee7a Bliss Hoi An Beach Resort &amp; Wellness v\u1edbi m\u1ee5c \u0111\u00edch ti\u00eau d\u00f9ng tr\u1ef1c ti\u1ebfp, kh\u00f4ng d\u00f9ng \u0111\u1ec3 b\u00e1n l\u1ea1i cho c\u00e1 nh\u00e2n, t\u1ed5 ch\u1ee9c kh\u00e1c;<\/span><\/li><li style=\"text-align: justify;\"><span style=\"font-family: helvetica, arial, sans-serif; font-size: 12pt; color: #014f70;\">\u201c\u0110\u1ed1i T\u00e1c\u201d l\u00e0 c\u00e1c \u0111\u1ea1i l\u00fd du l\u1ecbch\/h\u00e3ng l\u1eef h\u00e0nh\/doanh nghi\u1ec7p\/t\u1ed5 ch\u1ee9c, c\u00e1 nh\u00e2n giao k\u1ebft H\u1ee3p \u0110\u1ed3ng v\u1edbi Bliss Hoi An Beach Resort &amp; Wellness;<\/span><\/li><li style=\"text-align: justify;\"><span style=\"font-family: helvetica, arial, sans-serif; font-size: 12pt; color: #014f70;\">\u201cKh\u00e1ch L\u1ebb\u201d l\u00e0 Kh\u00e1ch ho\u1eb7c nh\u00f3m Kh\u00e1ch c\u00f3 s\u1ed1 l\u01b0\u1ee3ng \u0111\u1eb7t ph\u00f2ng t\u1ea1i Y\u00eau C\u1ea7u D\u1ecbch V\u1ee5 t\u1ed1i \u0111a t\u1eeb 01 &#8211; 09 ph\u00f2ng\/\u0111\u00eam\u00a0<\/span><\/li><li style=\"text-align: justify;\"><span style=\"font-family: helvetica, arial, sans-serif; font-size: 12pt; color: #014f70;\">\u201cKh\u00e1ch \u0110o\u00e0n\u201d l\u00e0 01 nh\u00f3m Kh\u00e1ch c\u00f3 s\u1ed1 l\u01b0\u1ee3ng \u0111\u1eb7t ph\u00f2ng t\u1ea1i Y\u00eau C\u1ea7u \u0110\u1eb7t Ph\u00f2ng t\u1eeb 10 ph\u00f2ng\/\u0111\u00eam tr\u1edf l\u00ean ho\u1eb7c c\u00e1c d\u1ecbch v\u1ee5 (ti\u1ec7c, s\u1ef1 ki\u1ec7n, v\u00e0 c\u00e1c d\u1ecbch v\u1ee5 kh\u00e1c);<\/span><\/li><li style=\"text-align: justify;\"><span style=\"font-family: helvetica, arial, sans-serif; font-size: 12pt; color: #014f70;\">\u201cGi\u1ea3m\/h\u1ee7y ph\u00f2ng\u201d l\u00e0 nh\u1eefng tr\u01b0\u1eddng h\u1ee3p thay \u0111\u1ed5i Y\u00eau C\u1ea7u \u0110\u1eb7t Ph\u00f2ng bao g\u1ed3m nh\u01b0ng kh\u00f4ng gi\u1edbi h\u1ea1n c\u00e1c thay \u0111\u1ed5i v\u1ec1 ng\u00e0y nh\u1eadn ph\u00f2ng (check-in), gi\u1ea3m s\u1ed1 l\u01b0\u1ee3ng ph\u00f2ng \u0111\u1eb7t, gi\u1ea3m s\u1ed1 \u0111\u00eam \u1edf \u0111\u00e3 \u0111\u01b0\u1ee3c Bliss Hoi An Beach Resort &amp; Wellness x\u00e1c nh\u1eadn;<\/span><\/li><li style=\"text-align: justify;\"><span style=\"font-family: helvetica, arial, sans-serif; font-size: 12pt; color: #014f70;\">\u201cCu\u1ed1i Tu\u1ea7n\u201d l\u00e0 c\u00e1c ng\u00e0y th\u1ee9 6 v\u00e0 th\u1ee9 7 h\u00e0ng tu\u1ea7n;<\/span><\/li><li style=\"text-align: justify;\"><span style=\"font-family: helvetica, arial, sans-serif; font-size: 12pt; color: #014f70;\">\u201cGi\u1eefa Tu\u1ea7n\u201d l\u00e0 c\u00e1c ng\u00e0y trong tu\u1ea7n tr\u1eeb ng\u00e0y Cu\u1ed1i Tu\u1ea7n;<\/span><\/li><li style=\"text-align: justify;\"><span style=\"font-family: helvetica, arial, sans-serif; font-size: 12pt; color: #014f70;\">\u201cNg\u00e0y\u201d l\u00e0 m\u1ed9t ng\u00e0y theo d\u01b0\u01a1ng l\u1ecbch;<\/span><\/li><\/ul><h2><strong style=\"color: #014f70; font-family: helvetica, arial, sans-serif; font-size: 12pt;\">\u0110I\u1ec0U 2. QUY \u0110\u1ecaNH NH\u1eacN V\u00c0 TR\u1ea2 PH\u00d2NG<\/strong><\/h2><ul><li><span style=\"font-family: helvetica, arial, sans-serif; font-size: 12pt; color: #014f70;\">Th\u1eddi gian nh\u1eadn ph\u00f2ng t\u1ea1i Bliss Hoi An Beach Resort &amp; Wellness l\u00e0 t\u1eeb 14:00 gi\u1edd ng\u00e0y Kh\u00e1ch \u0111\u1ebfn;<\/span><\/li><li><span style=\"font-family: helvetica, arial, sans-serif; font-size: 12pt; color: #014f70;\">Th\u1eddi gian tr\u1ea3 ph\u00f2ng t\u1ea1i Bliss Hoi An Beach Resort &amp; Wellness kh\u00f4ng mu\u1ed9n qu\u00e1 12:00 gi\u1edd;<\/span><\/li><li><span style=\"font-family: helvetica, arial, sans-serif; font-size: 12pt; color: #014f70;\">Trong tr\u01b0\u1eddng h\u1ee3p tr\u1ea3 ph\u00f2ng mu\u1ed9n ho\u1eb7c nh\u1eadn ph\u00f2ng s\u1edbm, c\u1ea7n c\u00f3 s\u1ef1 \u0111\u1ed3ng \u00fd c\u1ee7a b\u00ean A. M\u1ee9c chi ph\u00ed t\u00ednh th\u00eam nh\u01b0 sau:<\/span><\/li><li><span style=\"font-family: helvetica, arial, sans-serif; font-size: 12pt; color: #014f70;\">Tr\u1ea3 ph\u00f2ng mu\u1ed9n tr\u01b0\u1edbc 18:00 gi\u1edd c\u00f9ng ng\u00e0y: T\u00ednh th\u00eam \u00bd chi ph\u00ed 1 \u0111\u00eam;<\/span><\/li><li><span style=\"font-family: helvetica, arial, sans-serif; font-size: 12pt; color: #014f70;\">Tr\u1ea3 ph\u00f2ng mu\u1ed9n sau 18:00 gi\u1edd c\u00f9ng ng\u00e0y: T\u00ednh th\u00eam chi ph\u00ed 1 \u0111\u00eam;<\/span><\/li><li><span style=\"font-family: helvetica, arial, sans-serif; font-size: 12pt; color: #014f70;\">Nh\u1eadn ph\u00f2ng s\u1edbm tr\u01b0\u1edbc 08:00 gi\u1edd s\u00e1ng c\u00f9ng ng\u00e0y: T\u00ednh th\u00eam chi ph\u00ed 1 \u0111\u00eam;<\/span><\/li><li><span style=\"font-family: helvetica, arial, sans-serif; font-size: 12pt; color: #014f70;\">Nh\u1eadn ph\u00f2ng s\u1edbm sau 08:00 s\u00e1ng t\u1edbi tr\u01b0\u1edbc 12:00 tr\u01b0a c\u00f9ng ng\u00e0y: T\u00ednh th\u00eam \u00bd chi ph\u00ed 1 \u0111\u00eam;<\/span><\/li><\/ul><h2><strong style=\"color: #014f70; font-family: helvetica, arial, sans-serif; font-size: 12pt; text-align: justify;\">\u0110I\u1ec0U 3. CH\u00cdNH S\u00c1CH H\u1ee6Y PH\u00d2NG<\/strong><\/h2><p><span style=\"font-family: helvetica, arial, sans-serif; font-size: 12pt; color: #014f70;\">Th\u00f4ng b\u00e1o h\u1ee7y ph\u00f2ng ph\u1ea3i \u0111\u01b0\u1ee3c g\u1eedi qua email c\u1ee7a b\u1ed9 ph\u1eadn \u0111\u1eb7t ph\u00f2ng thu\u1ed9c Khu ngh\u1ec9 d\u01b0\u1ee1ng theo email: reservation1@blisshoianresort.com. Ph\u00eda \u0111i\u1ec1u h\u00e0nh tours ph\u1ea3i th\u00f4ng b\u00e1o vi\u1ec7c h\u1ee7y ho\u1eb7c gi\u1ea3m s\u1ed1 l\u01b0\u1ee3ng ph\u00f2ng s\u1edbm nh\u1ea5t c\u00f3 th\u1ec3 ho\u1eb7c mu\u1ed9n nh\u1ea5t trong th\u1eddi gian th\u00f4ng b\u00e1o \u0111\u01b0\u1ee3c ch\u1ec9 ra nh\u01b0 sau:<\/span><\/p><ul><li><span style=\"font-family: helvetica, arial, sans-serif; font-size: 12pt; color: #014f70;\">M\u00f9a th\u1ea5p \u0111i\u1ec3m\/kh\u00e1ch kh\u00f4ng \u0111\u1ebfn: T\u00ednh ph\u00ed 100% to\u00e0n b\u1ed9 ti\u1ec1n ph\u00f2ng n\u1ebfu h\u1ee7y trong v\u00f2ng 15 ng\u00e0y \u0111\u1ebfn;<\/span><\/li><li><span style=\"font-family: helvetica, arial, sans-serif; font-size: 12pt; color: #014f70;\">M\u00f9a cao \u0111i\u1ec3m: T\u00ednh ph\u00ed 100% to\u00e0n b\u1ed9 ti\u1ec1n ph\u00f2ng n\u1ebfu h\u1ee7y trong v\u00f2ng 21 ng\u00e0y \u0111\u1ebfn;<\/span><\/li><li><span style=\"font-family: helvetica, arial, sans-serif; font-size: 12pt; color: #014f70;\">M\u00f9a \u0111\u1ec9nh \u0111i\u1ec3m: T\u00ednh ph\u00ed 100% to\u00e0n b\u1ed9 ti\u1ec1n ph\u00f2ng n\u1ebfu h\u1ee7y trong v\u00f2ng 30 ng\u00e0y \u0111\u1ebfn;<\/span><\/li><\/ul><h2><strong style=\"color: #014f70; font-family: helvetica, arial, sans-serif; font-size: 12pt; text-align: justify;\">\u0110I\u1ec0U 4: QUY \u0110\u1ecaNH V\u1ec0 L\u01afU TR\u00da<\/strong><\/h2><ul><li><span style=\"font-family: helvetica, arial, sans-serif; font-size: 12pt; color: #014f70;\">T\u1ed1i \u0111a (02) tr\u1ebb em\/ph\u00f2ng d\u01b0\u1edbi 6 tu\u1ed5i \u0111\u01b0\u1ee3c mi\u1ec5n ph\u00ed \u0103n s\u00e1ng khi ng\u1ee7 chung ph\u00f2ng b\u1ed1 m\u1eb9;<\/span><\/li><li><span style=\"font-family: helvetica, arial, sans-serif; font-size: 12pt; color: #014f70;\">Tr\u1ebb em t\u1eeb 6 tu\u1ed5i \u0111\u1ebfn d\u01b0\u1edbi 12 tu\u1ed5i ph\u1ee5 thu \u0103n s\u00e1ng 225.000 VN\u0110 net, n\u1ebfu kh\u00f4ng y\u00eau c\u1ea7u gi\u01b0\u1eddng ph\u1ee5;<\/span><\/li><li><span style=\"font-family: helvetica, arial, sans-serif; font-size: 12pt; color: #014f70;\">Tr\u1ebb em t\u1eeb 12 tu\u1ed5i b\u1eaft bu\u1ed9c s\u1eed d\u1ee5ng gi\u01b0\u1eddng ph\u1ee5 khi \u1edf chung ph\u00f2ng v\u1edbi b\u1ed1 m\u1eb9;<\/span><\/li><li><span style=\"font-family: helvetica, arial, sans-serif; font-size: 12pt; color: #014f70;\">Gi\u00e1 gi\u01b0\u1eddng ph\u1ee5 bao g\u1ed3m b\u1eefa s\u00e1ng l\u00e0 950.000 VND net\/\u0111\u00eam;<\/span><\/li><\/ul><h2><strong style=\"color: #014f70; font-family: helvetica, arial, sans-serif; font-size: 12pt; text-align: justify;\">\u0110I\u1ec0U 5: QUY \u0110\u1ecaNH CHUNG<\/strong><\/h2><ul><li><span style=\"font-family: helvetica, arial, sans-serif; font-size: 12pt; color: #014f70;\">Tuy\u1ec7t \u0111\u1ed1i kh\u00f4ng h\u00fat thu\u1ed1c t\u1ea1i n\u01a1i kh\u00f4ng \u0111\u01b0\u1ee3c ph\u00e9p v\u00e0\/ho\u1eb7c trong ph\u00f2ng \u1edf hay khu\u00f4n vi\u00ean Bliss Hoi An Beach Resort;<\/span><\/li><li><span style=\"font-family: helvetica, arial, sans-serif; font-size: 12pt; color: #014f70;\">C\u01b0 x\u1eed \u0111\u00fang m\u1ef1c t\u1ea1i n\u01a1i c\u00f4ng c\u1ed9ng: T\u00f4n tr\u1ecdng th\u1ee9 t\u1ef1 \u0111\u1ebfn tr\u01b0\u1edbc, \u0111\u1ebfn sau; \u01afu ti\u00ean ph\u1ee5 n\u1eef mang thai, ng\u01b0\u1eddi khuy\u1ebft t\u1eadt, ng\u01b0\u1eddi gi\u00e0, y\u1ebfu; Kh\u00f4ng g\u00e2y \u1ed3n \u00e0o, la h\u00e9t; Kh\u00f4ng \u0111\u1eb7t ch\u00e2n hay g\u00e1c ch\u00e2n tr\u00ean gh\u1ebf v\u00e0 kh\u00f4ng l\u00e0m nh\u1eefng h\u00e0nh \u0111\u1ed9ng thi\u1ebfu v\u0103n h\u00f3a kh\u00e1c \u1edf nh\u1eefng khu v\u1ef1c c\u00f4ng c\u1ed9ng; Qu\u1ea3n l\u00fd tr\u1ebb em t\u1ea1i khu v\u1ef1c c\u00f4ng c\u1ed9ng;<\/span><\/li><li><span style=\"font-family: helvetica, arial, sans-serif; font-size: 12pt; color: #014f70;\">Vui l\u00f2ng tr\u1ea3 l\u1ea1i ch\u00eca kho\u00e1 ph\u00f2ng cho nh\u00e2n vi\u00ean L\u1ec5 T\u00e2n khi l\u00e0m th\u1ee7 t\u1ee5c tr\u1ea3 ph\u00f2ng Bliss Hoi An Beach Resort;<\/span><\/li><li><span style=\"font-family: helvetica, arial, sans-serif; font-size: 12pt; color: #014f70;\">Vui l\u00f2ng c\u1ea5t gi\u1eef nh\u1eefng v\u1eadt d\u1ee5ng c\u00f3 gi\u00e1 tr\u1ecb trong k\u00e9t an to\u00e0n t\u1ea1i ph\u00f2ng ho\u1eb7c g\u1eedi \u1edf qu\u1ea7y L\u1ec5 T\u00e2n. Bliss Hoi An Beach Resort kh\u00f4ng c\u00f3 tr\u00e1ch nhi\u1ec7m ph\u00e1p l\u00ed \u0111\u1ed1i v\u1edbi nh\u1eefng m\u1ea5t m\u00e1t hay h\u01b0 h\u1ea1i v\u1ec1 t\u00e0i s\u1ea3n c\u00e1 nh\u00e2n c\u1ee7a Kh\u00e1ch trong tr\u01b0\u1eddng h\u1ee3p Kh\u00e1ch kh\u00f4ng th\u1ef1c hi\u1ec7n theo quy \u0111\u1ecbnh;<\/span><\/li><li><span style=\"font-family: helvetica, arial, sans-serif; font-size: 12pt; color: #014f70;\">Khi ra kh\u1ecfi ph\u00f2ng Kh\u00e1ch c\u1ea7n \u0111\u1ea3m b\u1ea3o (i) t\u1ea5t c\u1ea3 c\u00e1c thi\u1ebft b\u1ecb \u0111i\u1ec7n \u0111\u00e3 \u0111\u01b0\u1ee3c tr\u1ea3 v\u1ec1 nguy\u00ean tr\u1ea1ng; (ii) c\u1eeda ph\u00f2ng \u0111\u00e3 \u0111\u01b0\u1ee3c kh\u00f3a an to\u00e0n; v\u00e0 (iii) kh\u00f4ng \u0111\u01b0a ch\u00eca kh\u00f3a ph\u00f2ng cho ng\u01b0\u1eddi kh\u00e1c;<\/span><\/li><li><span style=\"font-family: helvetica, arial, sans-serif; font-size: 12pt; color: #014f70;\">Tuy\u1ec7t \u0111\u1ed1i nghi\u00eam c\u1ea5m vi\u1ec7c n\u1ea5u \u0103n trong ph\u00f2ng. Y\u00eau c\u1ea7u s\u1eed d\u1ee5ng c\u00e1c thi\u1ebft b\u1ecb \u0111i\u1ec7n \u0111\u00fang m\u1ee5c \u0111\u00edch;<\/span><\/li><li><span style=\"font-family: helvetica, arial, sans-serif; font-size: 12pt; color: #014f70;\">Kh\u00f4ng mang th\u1ee9c \u0103n v\u00e0 \u0111\u1ed3 u\u1ed1ng \u0111\u01b0\u1ee3c mua b\u00ean ngo\u00e0i v\u00e0o Bliss Hoi An Beach Resort;<\/span><\/li><li><span style=\"font-family: helvetica, arial, sans-serif; font-size: 12pt; color: #014f70;\">Kh\u00f4ng mang c\u00e1c lo\u1ea1i tr\u00e1i c\u00e2y n\u1eb7ng m\u00f9i (s\u1ea7u ri\u00eang, th\u1ecbt n\u01b0\u1edbng\u2026) v\u00e0o trong ph\u00f2ng Bliss Hoi An Beach Resort;<\/span><\/li><li><span style=\"font-family: helvetica, arial, sans-serif; font-size: 12pt; color: #014f70;\">Kh\u00f4ng \u0111\u01b0\u1ee3c ph\u00e9p mang b\u1ea5t k\u1ef3 lo\u1ea1i v\u0169 kh\u00ed, h\u00f3a ch\u1ea5t hay ch\u1ea5t n\u1ed5 v\u00e0o khu v\u1ef1c Bliss Hoi An Beach Resort;<\/span><\/li><li><span style=\"font-family: helvetica, arial, sans-serif; font-size: 12pt; color: #014f70;\">M\u1ed9t s\u1ed1 v\u1eadt d\u1ee5ng trong ph\u00f2ng Kh\u00e1ch s\u1ebd b\u1ecb t\u00ednh ph\u00ed n\u1ebfu l\u00e0m m\u1ea5t ho\u1eb7c \u0111\u1ed5 v\u1ee1;<\/span><\/li><li><span style=\"font-family: helvetica, arial, sans-serif; font-size: 12pt; color: #014f70;\">Tuy\u1ec7t \u0111\u1ed1i nghi\u00eam c\u1ea5m c\u00e1c ho\u1ea1t \u0111\u1ed9ng vi ph\u1ea1m ph\u00e1p lu\u1eadt trong Bliss Hoi An Beach Resort nh\u01b0 \u0111\u00e1nh b\u1ea1c, m\u1ea1i d\u00e2m hay s\u1eed d\u1ee5ng ch\u1ea5t k\u00edch th\u00edch;<\/span><\/li><li><span style=\"font-family: helvetica, arial, sans-serif; font-size: 12pt; color: #014f70;\">Trong tr\u01b0\u1eddng h\u1ee3p c\u00f3 kh\u00e1ch m\u1eddi \u0111\u1ebfn th\u0103m Kh\u00e1ch t\u1ea1i khu v\u1ef1c Bliss Hoi An Beach Resort, Kh\u00e1ch vui l\u00f2ng th\u00f4ng b\u00e1o v\u1edbi L\u1ec5 T\u00e2n. V\u00ec l\u00fd do an ninh, kh\u00e1ch m\u1eddi kh\u00f4ng \u0111\u01b0\u1ee3c v\u00e0o ph\u00f2ng ngh\u1ec9 c\u1ee7a Kh\u00e1ch sau 20:00 gi\u1edd. N\u1ebfu Kh\u00e1ch mu\u1ed1n m\u1eddi kh\u00e1ch. m\u1eddi \u1edf l\u1ea1i qua \u0111\u00eam, kh\u00e1ch m\u1eddi ph\u1ea3i \u0111\u0103ng k\u00ed v\u1edbi L\u1ec5 t\u00e2n Bliss Hoi An Beach Resort\u00a0 v\u00e0 ph\u1ea3i tr\u1ea3 ph\u00ed l\u01b0u tr\u00fa theo quy \u0111\u1ecbnh c\u1ee7a Bliss Hoi An Beach Resort;<\/span><\/li><li><span style=\"font-family: helvetica, arial, sans-serif; font-size: 12pt; color: #014f70;\">Kh\u00e1ch s\u1eed d\u1ee5ng h\u1ed3 b\u01a1i sau 19:00 gi\u1edd ph\u1ea3i t\u1ef1 \u0111\u1ea3m b\u1ea3o v\u00e0 ch\u1ecbu tr\u00e1ch nhi\u1ec7m \u0111\u1ed1i v\u1edbi an to\u00e0n s\u1ee9c kh\u1ecfe, t\u00ednh m\u1ea1ng c\u1ee7a b\u1ea3n th\u00e2n m\u00e0 kh\u00f4ng c\u00f3 b\u1ea5t c\u1ee9 khi\u1ebfu n\u1ea1i n\u00e0o \u0111\u1ed1i v\u1edbi Bliss Hoi An Beach Resort;<\/span><\/li><li><span style=\"font-family: helvetica, arial, sans-serif; font-size: 12pt; color: #014f70;\">Ban qu\u1ea3n l\u00fd Bliss Hoi An Beach Resort c\u00f3 th\u1ec3 y\u00eau c\u1ea7u Kh\u00e1ch ph\u1ea3i r\u1eddi Bliss Hoi An Beach Resort m\u00e0 kh\u00f4ng ho\u00e0n tr\u1ea3 b\u1ea5t c\u1ee9 chi ph\u00ed n\u00e0o \u0111\u1ed1i v\u1edbi nh\u1eefng Qu\u00fd Kh\u00e1ch c\u1ed1 t\u00ecnh b\u1ecf qua v\u00e0 vi ph\u1ea1m nh\u1eefng quy \u0111\u1ecbnh v\u00e0 n\u1ed9i quy c\u1ee7a Bliss Hoi An Beach Resort.\/.<\/span><\/li><\/ul>\t\t\t\t\t\t\t\t<\/div>\n\t\t\t\t<\/div>\n\t\t\t\t\t<\/div>\n\t\t<\/div>\n\t\t\t\t\t<\/div>\n\t\t<\/section>\n\t\t\t\t\t<\/div>\n\t\t<\/div>\n\t\t\t\t\t<\/div>\n\t\t<\/section>\n\t\t\t\t<\/div>\n\t\t","protected":false},"excerpt":{"rendered":"<p>\u0110i\u1ec1u kho\u1ea3n chung \u0110i\u1ec1u Kho\u1ea3n Chung n\u00e0y \u00e1p d\u1ee5ng cho c\u00e1c Kh\u00e1ch v\u00e0 \u0110\u1ed1i T\u00e1c (nh\u01b0 \u0111\u01b0\u1ee3c \u0111\u1ecbnh ngh\u0129a d\u01b0\u1edbi \u0111\u00e2y) s\u1eed d\u1ee5ng ho\u1eb7c \u0111\u1eb7t d\u1ecbch v\u1ee5 t\u1ea1i c\u00e1c khu ngh\u1ec9 d\u01b0\u1ee1ng Bliss Hoi An. Kh\u00e1ch, \u0110\u1ed1i T\u00e1c v\u00e0 Bliss &hellip; <a href=\"https:\/\/blisshoianresort.com\/vi\/dieu-khoan-chung\/\">Readmore<\/a><\/p>\n","protected":false},"author":1,"featured_media":0,"parent":0,"menu_order":0,"comment_status":"closed","ping_status":"closed","template":"","meta":{"content-type":"","footnotes":""},"class_list":["post-17709","page","type-page","status-publish","hentry"],"_links":{"self":[{"href":"https:\/\/blisshoianresort.com\/vi\/wp-json\/wp\/v2\/pages\/17709","targetHints":{"allow":["GET"]}}],"collection":[{"href":"https:\/\/blisshoianresort.com\/vi\/wp-json\/wp\/v2\/pages"}],"about":[{"href":"https:\/\/blisshoianresort.com\/vi\/wp-json\/wp\/v2\/types\/page"}],"author":[{"embeddable":true,"href":"https:\/\/blisshoianresort.com\/vi\/wp-json\/wp\/v2\/users\/1"}],"replies":[{"embeddable":true,"href":"https:\/\/blisshoianresort.com\/vi\/wp-json\/wp\/v2\/comments?post=17709"}],"version-history":[{"count":0,"href":"https:\/\/blisshoianresort.com\/vi\/wp-json\/wp\/v2\/pages\/17709\/revisions"}],"wp:attachment":[{"href":"https:\/\/blisshoianresort.com\/vi\/wp-json\/wp\/v2\/media?parent=17709"}],"curies":[{"name":"wp","href":"https:\/\/api.w.org\/{rel}","templated":true}]}}