{"id":17659,"date":"2024-01-09T04:15:03","date_gmt":"2024-01-09T04:15:03","guid":{"rendered":"https:\/\/blisshoianresort.com\/?page_id=17659"},"modified":"2024-07-11T09:09:53","modified_gmt":"2024-07-11T09:09:53","slug":"chinh-sach-bao-mat","status":"publish","type":"page","link":"https:\/\/blisshoianresort.com\/vi\/chinh-sach-bao-mat\/","title":{"rendered":"Ch\u00ednh s\u00e1ch b\u1ea3o m\u1eadt"},"content":{"rendered":"\t\t<div data-elementor-type=\"wp-page\" data-elementor-id=\"17659\" class=\"elementor elementor-17659\" data-elementor-post-type=\"page\">\n\t\t\t\t\t\t<section class=\"elementor-section elementor-top-section elementor-element elementor-element-c539e9d elementor-section-full_width elementor-section-height-default elementor-section-height-default\" data-id=\"c539e9d\" data-element_type=\"section\">\n\t\t\t\t\t\t<div class=\"elementor-container elementor-column-gap-default\">\n\t\t\t\t\t<div class=\"elementor-column elementor-col-100 elementor-top-column elementor-element elementor-element-d65482f\" data-id=\"d65482f\" data-element_type=\"column\">\n\t\t\t<div class=\"elementor-widget-wrap elementor-element-populated\">\n\t\t\t\t\t\t<section class=\"elementor-section elementor-inner-section elementor-element elementor-element-7235840 elementor-section-full_width elementor-section-height-default elementor-section-height-default\" data-id=\"7235840\" data-element_type=\"section\">\n\t\t\t\t\t\t<div class=\"elementor-container elementor-column-gap-default\">\n\t\t\t\t\t<div class=\"elementor-column elementor-col-100 elementor-inner-column elementor-element elementor-element-f8bb0bb\" data-id=\"f8bb0bb\" data-element_type=\"column\">\n\t\t\t<div class=\"elementor-widget-wrap elementor-element-populated\">\n\t\t\t\t\t\t<div class=\"elementor-element elementor-element-0ffb357 elementor-widget elementor-widget-image\" data-id=\"0ffb357\" data-element_type=\"widget\" data-widget_type=\"image.default\">\n\t\t\t\t<div class=\"elementor-widget-container\">\n\t\t\t\t\t\t\t\t\t\t\t\t\t\t\t<img fetchpriority=\"high\" decoding=\"async\" width=\"2560\" height=\"550\" src=\"https:\/\/blisshoianresort.com\/wp-content\/uploads\/2023\/11\/accommodation_blisshoianresort.com_-scaled.jpg\" class=\"attachment-full size-full wp-image-14123\" alt=\"\" srcset=\"https:\/\/blisshoianresort.com\/wp-content\/uploads\/2023\/11\/accommodation_blisshoianresort.com_-scaled.jpg 2560w, https:\/\/blisshoianresort.com\/wp-content\/uploads\/2023\/11\/accommodation_blisshoianresort.com_-scaled-1000x215.jpg 1000w, https:\/\/blisshoianresort.com\/wp-content\/uploads\/2023\/11\/accommodation_blisshoianresort.com_-300x64.jpg 300w, https:\/\/blisshoianresort.com\/wp-content\/uploads\/2023\/11\/accommodation_blisshoianresort.com_-1024x220.jpg 1024w, https:\/\/blisshoianresort.com\/wp-content\/uploads\/2023\/11\/accommodation_blisshoianresort.com_-768x165.jpg 768w, https:\/\/blisshoianresort.com\/wp-content\/uploads\/2023\/11\/accommodation_blisshoianresort.com_-1536x330.jpg 1536w, https:\/\/blisshoianresort.com\/wp-content\/uploads\/2023\/11\/accommodation_blisshoianresort.com_-2048x440.jpg 2048w\" sizes=\"(max-width: 2560px) 100vw, 2560px\" \/>\t\t\t\t\t\t\t\t\t\t\t\t\t\t\t<\/div>\n\t\t\t\t<\/div>\n\t\t\t\t<section class=\"elementor-section elementor-inner-section elementor-element elementor-element-bd3c639 elementor-section-boxed elementor-section-height-default elementor-section-height-default\" data-id=\"bd3c639\" data-element_type=\"section\">\n\t\t\t\t\t\t<div class=\"elementor-container elementor-column-gap-default\">\n\t\t\t\t\t<div class=\"elementor-column elementor-col-100 elementor-inner-column elementor-element elementor-element-6be0451\" data-id=\"6be0451\" data-element_type=\"column\">\n\t\t\t<div class=\"elementor-widget-wrap elementor-element-populated\">\n\t\t\t\t\t\t<div class=\"elementor-element elementor-element-e2b1b7c elementor-widget elementor-widget-heading\" data-id=\"e2b1b7c\" data-element_type=\"widget\" data-widget_type=\"heading.default\">\n\t\t\t\t<div class=\"elementor-widget-container\">\n\t\t\t\t\t<h2 class=\"elementor-heading-title elementor-size-default\">Ch\u00ednh s\u00e1ch b\u1ea3o m\u1eadt<\/h2>\t\t\t\t<\/div>\n\t\t\t\t<\/div>\n\t\t\t\t<div class=\"elementor-element elementor-element-bdcdd05 elementor-widget elementor-widget-text-editor\" data-id=\"bdcdd05\" data-element_type=\"widget\" data-widget_type=\"text-editor.default\">\n\t\t\t\t<div class=\"elementor-widget-container\">\n\t\t\t\t\t\t\t\t\t<p style=\"text-align: justify;\"><span style=\"font-family: helvetica, arial, sans-serif; font-size: 12pt; color: #014f70;\">B\u1ea3o v\u1ec7 d\u1eef li\u1ec7u c\u00e1 nh\u00e2n v\u00e0 g\u00e2y d\u1ef1ng \u0111\u01b0\u1ee3c ni\u1ec1m tin cho qu\u00fd kh\u00e1ch l\u00e0 v\u1ea5n \u0111\u1ec1 r\u1ea5t quan tr\u1ecdng v\u1edbi ch\u00fang t\u00f4i. <strong>Bliss Hoi An Beach Resort &amp; Wellness<\/strong> t\u00f4n tr\u1ecdng v\u00e0 cam k\u1ebft s\u1ebd b\u1ea3o m\u1eadt nh\u1eefng th\u00f4ng tin mang t\u00ednh ri\u00eang t\u01b0 c\u1ee7a kh\u00e1ch h\u00e0ng. Xin vui l\u00f2ng \u0111\u1ecdc b\u1ea3n Ch\u00ednh s\u00e1ch b\u1ea3o m\u1eadt d\u01b0\u1edbi \u0111\u00e2y \u0111\u1ec3 hi\u1ec3u h\u01a1n nh\u1eefng cam k\u1ebft m\u00e0 ch\u00fang t\u00f4i th\u1ef1c hi\u1ec7n nh\u1eb1m t\u00f4n tr\u1ecdng v\u00e0 b\u1ea3o v\u1ec7 quy\u1ec1n l\u1ee3i c\u1ee7a ng\u01b0\u1eddi truy c\u1eadp.<\/span><\/p>\n<p style=\"text-align: justify;\"><span style=\"color: #014f70;\"><strong><span style=\"font-family: helvetica, arial, sans-serif; font-size: 12pt;\">1. M\u1ee5c \u0111\u00edch v\u00e0 ph\u1ea1m vi thu th\u1eadp<\/span><\/strong><\/span><\/p>\n<p style=\"text-align: justify;\"><span style=\"font-family: helvetica, arial, sans-serif; font-size: 12pt; color: #014f70;\">Vi\u1ec7c thu th\u1eadp d\u1eef li\u1ec7u ch\u1ee7 y\u1ebfu tr\u00ean website c\u1ee7a c\u00f4ng ty bao g\u1ed3m: h\u1ecd t\u00ean, email, \u0111i\u1ec7n tho\u1ea1i, \u0111\u1ecba ch\u1ec9 c\u1ee7a Qu\u00fd kh\u00e1ch. \u0110\u00e2y l\u00e0 c\u00e1c th\u00f4ng tin m\u00e0 c\u00f4ng ty c\u1ea7n Qu\u00fd kh\u00e1ch cung c\u1ea5p b\u1eaft bu\u1ed9c khi g\u1eedi \u0111\u1eb7t ph\u00f2ng v\u00e0 \u0111\u1ec3 c\u00f4ng ty li\u00ean h\u1ec7 x\u00e1c nh\u1eadn l\u1ea1i v\u1edbi Qu\u00fd kh\u00e1ch tr\u00ean website nh\u1eb1m \u0111\u1ea3m b\u1ea3o quy\u1ec1n l\u1ee3i cho cho ng\u01b0\u1eddi ti\u00eau d\u00f9ng. <\/span><\/p>\n<p style=\"text-align: justify;\"><span style=\"font-family: helvetica, arial, sans-serif; font-size: 12pt; color: #014f70;\">Qu\u00fd kh\u00e1ch s\u1ebd t\u1ef1 ch\u1ecbu tr\u00e1ch nhi\u1ec7m v\u1ec1 b\u1ea3o m\u1eadt v\u00e0 l\u01b0u gi\u1eef m\u1ecdi ho\u1ea1t \u0111\u1ed9ng s\u1eed d\u1ee5ng d\u1ecbch v\u1ee5 d\u01b0\u1edbi th\u00f4ng tin m\u00e0 m\u00ecnh cung c\u1ea5p v\u00e0 h\u1ed9p th\u01b0 \u0111i\u1ec7n t\u1eed c\u1ee7a m\u00ecnh. Ngo\u00e0i ra, Qu\u00fd kh\u00e1ch c\u00f3 tr\u00e1ch nhi\u1ec7m th\u00f4ng b\u00e1o k\u1ecbp th\u1eddi cho webiste c\u1ee7a c\u00f4ng ty v\u1ec1 nh\u1eefng h\u00e0nh vi s\u1eed d\u1ee5ng tr\u00e1i ph\u00e9p, l\u1ea1m d\u1ee5ng, vi ph\u1ea1m b\u1ea3o m\u1eadt, l\u01b0u gi\u1eef t\u00ean \u0111\u0103ng k\u00fd v\u00e0 m\u1eadt kh\u1ea9u c\u1ee7a b\u00ean th\u1ee9 ba \u0111\u1ec3 c\u00f3 bi\u1ec7n ph\u00e1p gi\u1ea3i quy\u1ebft ph\u00f9 h\u1ee3p. <\/span><\/p>\n<h2 style=\"text-align: justify;\"><span style=\"color: #014f70;\"><strong><span style=\"font-family: helvetica, arial, sans-serif; font-size: 12pt;\">2. Ph\u1ea1m vi s\u1eed d\u1ee5ng th\u00f4ng tin<\/span><\/strong><\/span><\/h2>\n<p style=\"text-align: justify;\"><span style=\"font-family: helvetica, arial, sans-serif; font-size: 12pt; color: #014f70;\">C\u00f4ng ty s\u1eed d\u1ee5ng th\u00f4ng tin Qu\u00fd kh\u00e1ch cung c\u1ea5p \u0111\u1ec3:<\/span><\/p>\n<p style=\"text-align: justify;\"><span style=\"font-family: helvetica, arial, sans-serif; font-size: 12pt; color: #014f70;\">Cung c\u1ea5p d\u1ecbch v\u1ee5 v\u00e0 th\u00f4ng tin qua trang website c\u1ee7a Ch\u00fang t\u00f4i theo y\u00eau c\u1ea7u c\u1ee7a Kh\u00e1ch h\u00e0ng.<\/span><\/p>\n<p style=\"text-align: justify;\"><span style=\"font-family: helvetica, arial, sans-serif; font-size: 12pt; color: #014f70;\">Th\u00f4ng b\u00e1o v\u1ec1 ho\u1ea1t \u0111\u1ed9ng c\u00f4ng ty, cung c\u1ea5p th\u00f4ng tin li\u00ean quan \u0111\u1ebfn d\u1ecbch v\u1ee5 v\u00e0 h\u1ed7 tr\u1ee3 Kh\u00e1ch h\u00e0ng.<\/span><\/p>\n<p style=\"text-align: justify;\"><span style=\"font-family: helvetica, arial, sans-serif; font-size: 12pt; color: #014f70;\">S\u1eed d\u1ee5ng th\u00f4ng tin Kh\u00e1ch h\u00e0ng cung c\u1ea5p \u0111\u1ec3 h\u1ed7 tr\u1ee3 qu\u1ea3n l\u00fd Kh\u00e1ch h\u00e0ng, nh\u1eadn di\u1ec7n nh\u00e2n kh\u1ea9u h\u1ecdc c\u1ee7a ng\u01b0\u1eddi s\u1eed d\u1ee5ng \u0111\u1ec3 t\u00f9y ch\u1ec9nh trang website sao cho ph\u00f9 h\u1ee3p v\u1edbi Kh\u00e1ch h\u00e0ng nh\u1ea5t.<\/span><\/p>\n<p style=\"text-align: justify;\"><span style=\"font-family: helvetica, arial, sans-serif; font-size: 12pt; color: #014f70;\">\u0110\u0103ng k\u00fd Qu\u00fd kh\u00e1ch tr\u1edf th\u00e0nh m\u1ed9t th\u00e0nh vi\u00ean c\u1ee7a Khu Ngh\u1ec9 d\u01b0\u1ee1ng.<\/span><\/p>\n<p style=\"text-align: justify;\"><span style=\"font-family: helvetica, arial, sans-serif; font-size: 12pt; color: #014f70;\">Gi\u00fap Qu\u00fd kh\u00e1ch l\u00ean k\u1ebf ho\u1ea1ch v\u00e0 \u0111\u1eb7t ph\u00f2ng\/ d\u1ecbch v\u1ee5 \u1edf Khu Ngh\u1ec9 d\u01b0\u1ee1ng.<\/span><\/p>\n<p style=\"text-align: justify;\"><span style=\"font-family: helvetica, arial, sans-serif; font-size: 12pt; color: #014f70;\">G\u1eedi email t\u1edbi Qu\u00fd kh\u00e1ch v\u1ec1 ch\u01b0\u01a1ng tr\u00ecnh khuy\u1ebfn m\u00e3i ho\u1eb7c nh\u1eefng ch\u01b0\u01a1ng tr\u00ecnh \u0111\u1eb7c bi\u1ec7t c\u1ee7a ch\u00fang t\u00f4i.<\/span><\/p>\n<p style=\"text-align: justify;\"><span style=\"font-family: helvetica, arial, sans-serif; font-size: 12pt; color: #014f70;\">Tr\u1ea3 l\u1eddi c\u00e1c c\u00e2u h\u1ecfi ho\u1eb7c g\u1ee3i \u00fd c\u1ee7a Qu\u00fd kh\u00e1ch<\/span><\/p>\n<p style=\"text-align: justify;\"><span style=\"font-family: helvetica, arial, sans-serif; font-size: 12pt; color: #014f70;\">N\u00e2ng cao ch\u1ea5t l\u01b0\u1ee3ng vi\u1ec7c Qu\u00fd kh\u00e1ch truy c\u1eadp trang web c\u1ee7a ch\u00fang t\u00f4i<\/span><\/p>\n<p style=\"text-align: justify;\"><span style=\"font-family: helvetica, arial, sans-serif; font-size: 12pt; color: #014f70;\">Li\u00ean l\u1ea1c v\u00e0 gi\u1ea3i quy\u1ebft v\u1edbi Qu\u00fd kh\u00e1ch trong nh\u1eefng tr\u01b0\u1eddng h\u1ee3p \u0111\u1eb7c bi\u1ec7t<\/span><\/p>\n<p style=\"text-align: justify;\"><span style=\"font-family: helvetica, arial, sans-serif; font-size: 12pt; color: #014f70;\">Kh\u00f4ng s\u1eed d\u1ee5ng th\u00f4ng tin c\u00e1 nh\u00e2n c\u1ee7a Qu\u00fd kh\u00e1ch ngo\u00e0i m\u1ee5c \u0111\u00edch x\u00e1c nh\u1eadn v\u00e0 li\u00ean h\u1ec7 c\u00f3 li\u00ean quan \u0111\u1ebfn giao d\u1ecbch t\u1ea1i c\u00f4ng ty<\/span><\/p>\n<p style=\"text-align: justify;\"><span style=\"font-family: helvetica, arial, sans-serif; font-size: 12pt; color: #014f70;\">Khi c\u00f3 y\u00eau c\u1ea7u c\u1ee7a c\u01a1 quan t\u01b0 ph\u00e1p bao g\u1ed3m: Vi\u1ec7n ki\u1ec3m s\u00e1t, t\u00f2a \u00e1n, c\u01a1 quan c\u00f4ng an \u0111i\u1ec1u tra li\u00ean quan \u0111\u1ebfn h\u00e0nh vi vi ph\u1ea1m ph\u00e1p lu\u1eadt n\u00e0o \u0111\u00f3 c\u1ee7a Qu\u00fd kh\u00e1ch. <\/span><\/p>\n<h2 style=\"text-align: justify;\"><span style=\"color: #014f70;\"><strong><span style=\"font-family: helvetica, arial, sans-serif; font-size: 12pt;\">3. Th\u1eddi gian l\u01b0u tr\u1eef th\u00f4ng tin<\/span><\/strong><\/span><\/h2>\n<p style=\"text-align: justify;\"><span style=\"font-family: helvetica, arial, sans-serif; font-size: 12pt; color: #014f70;\">D\u1eef li\u1ec7u c\u00e1 nh\u00e2n c\u1ee7a Qu\u00fd kh\u00e1ch s\u1ebd \u0111\u01b0\u1ee3c l\u01b0u tr\u1eef cho \u0111\u1ebfn khi c\u00f3 y\u00eau c\u1ea7u ban qu\u1ea3n tr\u1ecb h\u1ee7y b\u1ecf. C\u00f2n l\u1ea1i trong m\u1ecdi tr\u01b0\u1eddng h\u1ee3p th\u00f4ng tin c\u00e1 nh\u00e2n c\u1ee7a Qu\u00fd kh\u00e1ch s\u1ebd \u0111\u01b0\u1ee3c b\u1ea3o m\u1eadt tr\u00ean m\u00e1y ch\u1ee7 c\u1ee7a c\u00f4ng ty.<\/span><\/p>\n<h2 style=\"text-align: justify;\"><span style=\"color: #014f70;\"><strong><span style=\"font-family: helvetica, arial, sans-serif; font-size: 12pt;\">4. \u0110\u1ecba ch\u1ec9 c\u1ee7a \u0111\u01a1n v\u1ecb thu th\u1eadp v\u00e0 qu\u1ea3n l\u00fd th\u00f4ng tin c\u00e1 nh\u00e2n<\/span><\/strong><\/span><\/h2>\n<p style=\"text-align: justify;\"><span style=\"color: #014f70;\"><strong><span style=\"font-family: helvetica, arial, sans-serif; font-size: 12pt;\">C\u00d4NG TY TNHH DU L\u1ecaCH NGH\u1ec8 D\u01af\u1ee0NG L\u00c0NG BI\u1ec2N NHI\u1ec6T \u0110\u1edaI H\u1ed8I AN<\/span><\/strong><\/span><\/p>\n<p style=\"text-align: justify;\"><span style=\"font-family: helvetica, arial, sans-serif; font-size: 12pt; color: #014f70;\">Gi\u1ea5y ch\u1ee9ng nh\u1eadn \u0111\u0103ng k\u00fd doanh nghi\u1ec7p s\u1ed1: 4001011795 do S\u1edf K\u1ebf ho\u1ea1ch v\u00e0 \u0110\u1ea7u t\u01b0 t\u1ec9nh Qu\u1ea3ng Nam c\u1ea5p ng\u00e0y 29\/04\/2022 <\/span><\/p>\n<p style=\"text-align: justify;\"><span style=\"font-family: helvetica, arial, sans-serif; font-size: 12pt; color: #014f70;\">\u0110\u1ecba ch\u1ec9: Th\u00f4n T\u00e2n An, x\u00e3 B\u00ecnh Minh, huy\u1ec7n Th\u0103ng B\u00ecnh, T\u1ec9nh Qu\u1ea3ng Nam, Vi\u1ec7t Nam.<\/span><\/p>\n<p style=\"text-align: justify;\"><span style=\"font-family: helvetica, arial, sans-serif; font-size: 12pt; color: #014f70;\">Hotline:&nbsp;<\/span><font color=\"#014f70\"><span style=\"font-size: 16px;\">+84 912 060 558<\/span><\/font><\/p>\n<p><span style=\"font-family: helvetica, arial, sans-serif; font-size: 12pt; color: #014f70;\">Resort hotline: <a style=\"color: #014f70;\" href=\"tel:842353874999\">+ 84 235 3874 999<\/a><\/span><\/p>\n<p style=\"text-align: justify;\"><span style=\"font-family: helvetica, arial, sans-serif; font-size: 12pt; color: #014f70;\">Email: <a style=\"color: #014f70;\" href=\"mailto:info@blisshoianresort.com\">info@blisshoianresort.com <\/a><\/span><\/p>\n<h2 style=\"text-align: justify;\"><span style=\"color: #014f70;\"><strong><span style=\"font-family: helvetica, arial, sans-serif; font-size: 12pt;\">5. Ph\u01b0\u01a1ng ti\u1ec7n v\u00e0 c\u00f4ng c\u1ee5 \u0111\u1ec3 Qu\u00fd kh\u00e1ch ti\u1ebfp c\u1eadn v\u00e0 ch\u1ec9nh s\u1eeda d\u1eef li\u1ec7u c\u00e1 nh\u00e2n c\u1ee7a m\u00ecnh.<\/span><\/strong><\/span><\/h2>\n<p style=\"text-align: justify;\"><span style=\"font-family: helvetica, arial, sans-serif; font-size: 12pt; color: #014f70;\">Qu\u00fd kh\u00e1ch c\u00f3 quy\u1ec1n t\u1ef1 ki\u1ec3m tra, c\u1eadp nh\u1eadt, \u0111i\u1ec1u ch\u1ec9nh ho\u1eb7c h\u1ee7y b\u1ecf th\u00f4ng tin c\u00e1 nh\u00e2n c\u1ee7a m\u00ecnh b\u1eb1ng c\u00e1ch li\u00ean h\u1ec7 v\u1edbi ban qu\u1ea3n tr\u1ecb website c\u1ee7a c\u00f4ng ty th\u1ef1c hi\u1ec7n vi\u1ec7c n\u00e0y.<\/span><\/p>\n<p style=\"text-align: justify;\"><span style=\"font-family: helvetica, arial, sans-serif; font-size: 12pt; color: #014f70;\">Qu\u00fd kh\u00e1ch c\u00f3 quy\u1ec1n g\u1eedi khi\u1ebfu n\u1ea1i v\u1ec1 vi\u1ec7c b\u1ecb l\u1ed9 th\u00f4ng tin c\u00e1 nh\u00e2n \u0111\u1ebfn Ban qu\u1ea3n tr\u1ecb c\u1ee7a website c\u1ee7a c\u00f4ng ty. Khi ti\u1ebfp nh\u1eadn nh\u1eefng ph\u1ea3n h\u1ed3i n\u00e0y, c\u00f4ng ty s\u1ebd x\u00e1c nh\u1eadn l\u1ea1i th\u00f4ng tin, tr\u01b0\u1eddng h\u1ee3p \u0111\u00fang nh\u01b0 ph\u1ea3n \u00e1nh c\u1ee7a Qu\u00fd kh\u00e1ch t\u00f9y theo m\u1ee9c \u0111\u1ed9, c\u00f4ng ty s\u1ebd c\u00f3 nh\u1eefng bi\u1ec7n ph\u00e1p x\u1eed l\u00fd k\u1ecbp th\u1eddi. <\/span><\/p>\n<h2 style=\"text-align: justify;\"><span style=\"color: #014f70;\"><strong><span style=\"font-family: helvetica, arial, sans-serif; font-size: 12pt;\">6. Cam k\u1ebft b\u1ea3o m\u1eadt th\u00f4ng tin c\u00e1 nh\u00e2n kh\u00e1ch h\u00e0ng<\/span><\/strong><\/span><\/h2>\n<p style=\"text-align: justify;\"><span style=\"font-family: helvetica, arial, sans-serif; font-size: 12pt; color: #014f70;\">Th\u00f4ng tin c\u00e1 nh\u00e2n c\u1ee7a Qu\u00fd kh\u00e1ch tr\u00ean website \u0111\u01b0\u1ee3c c\u00f4ng ty cam k\u1ebft b\u1ea3o m\u1eadt tuy\u1ec7t \u0111\u1ed1i theo ch\u00ednh s\u00e1ch b\u1ea3o v\u1ec7 th\u00f4ng tin c\u00e1 nh\u00e2n c\u1ee7a c\u00f4ng ty. Vi\u1ec7c thu th\u1eadp v\u00e0 s\u1eed d\u1ee5ng th\u00f4ng tin c\u1ee7a m\u1ed7i Qu\u00fd kh\u00e1ch ch\u1ec9 \u0111\u01b0\u1ee3c th\u1ef1c hi\u1ec7n khi c\u00f3 s\u1ef1 \u0111\u1ed3ng \u00fd c\u1ee7a Qu\u00fd kh\u00e1ch \u0111\u00f3 tr\u1eeb nh\u1eefng tr\u01b0\u1eddng h\u1ee3p ph\u00e1p lu\u1eadt c\u00f3 quy \u0111\u1ecbnh kh\u00e1c.<\/span><\/p>\n<p style=\"text-align: justify;\"><span style=\"font-family: helvetica, arial, sans-serif; font-size: 12pt; color: #014f70;\">Kh\u00f4ng s\u1eed d\u1ee5ng, kh\u00f4ng chuy\u1ec3n giao, cung c\u1ea5p hay ti\u1ebft l\u1ed9 cho b\u00ean th\u1ee9 3 n\u00e0o v\u1ec1 th\u00f4ng tin c\u00e1 nh\u00e2n c\u1ee7a Qu\u00fd kh\u00e1ch khi kh\u00f4ng c\u00f3 s\u1ef1 cho ph\u00e9p \u0111\u1ed3ng \u00fd t\u1eeb Qu\u00fd kh\u00e1ch.<\/span><\/p>\n<p style=\"text-align: justify;\"><span style=\"font-family: helvetica, arial, sans-serif; font-size: 12pt; color: #014f70;\">Trong tr\u01b0\u1eddng h\u1ee3p m\u00e1y ch\u1ee7 l\u01b0u tr\u1eef th\u00f4ng tin b\u1ecb hacker t\u1ea5n c\u00f4ng d\u1eabn \u0111\u1ebfn m\u1ea5t m\u00e1t d\u1eef li\u1ec7u c\u00e1 nh\u00e2n c\u1ee7a Qu\u00fd kh\u00e1ch, c\u00f4ng ty s\u1ebd c\u00f3 tr\u00e1ch nhi\u1ec7m th\u00f4ng b\u00e1o v\u1ee5 vi\u1ec7c cho c\u01a1 quan ch\u1ee9c n\u0103ng \u0111i\u1ec1u tra x\u1eed l\u00fd k\u1ecbp th\u1eddi v\u00e0 th\u00f4ng b\u00e1o cho Qu\u00fd kh\u00e1ch \u0111\u01b0\u1ee3c bi\u1ebft.<\/span><\/p>\n<p style=\"text-align: justify;\"><span style=\"font-family: helvetica, arial, sans-serif; font-size: 12pt; color: #014f70;\">Ban qu\u1ea3n l\u00fd c\u00f4ng ty y\u00eau c\u1ea7u c\u00e1c c\u00e1 nh\u00e2n khi \u0111\u0103ng k\u00fd\/mua h\u00e0ng\/s\u1eed d\u1ee5ng d\u1ecbch v\u1ee5 ph\u1ea3i cung c\u1ea5p \u0111\u1ea7y \u0111\u1ee7 th\u00f4ng tin c\u00e1 nh\u00e2n c\u00f3 li\u00ean quan nh\u01b0: H\u1ecd v\u00e0 t\u00ean, \u0111\u1ecba ch\u1ec9 li\u00ean l\u1ea1c, email, \u0111i\u1ec7n tho\u1ea1i,\u2026., v\u00e0 ch\u1ecbu tr\u00e1ch nhi\u1ec7m v\u1ec1 t\u00ednh ph\u00e1p l\u00fd c\u1ee7a nh\u1eefng th\u00f4ng tin tr\u00ean. Ban qu\u1ea3n l\u00fd c\u00f4ng ty kh\u00f4ng ch\u1ecbu tr\u00e1ch nhi\u1ec7m c\u0169ng nh\u01b0 kh\u00f4ng gi\u1ea3i quy\u1ebft m\u1ecdi khi\u1ebfu n\u1ea1i c\u00f3 li\u00ean quan \u0111\u1ebfn quy\u1ec1n l\u1ee3i c\u1ee7a Qu\u00fd kh\u00e1ch \u0111\u00f3 n\u1ebfu x\u00e9t th\u1ea5y t\u1ea5t c\u1ea3 th\u00f4ng tin c\u00e1 nh\u00e2n c\u1ee7a Qu\u00fd kh\u00e1ch \u0111\u00f3 cung c\u1ea5p khi \u0111\u0103ng k\u00fd ban \u0111\u1ea7u l\u00e0 kh\u00f4ng ch\u00ednh x\u00e1c.<\/span><\/p>\t\t\t\t\t\t\t\t<\/div>\n\t\t\t\t<\/div>\n\t\t\t\t\t<\/div>\n\t\t<\/div>\n\t\t\t\t\t<\/div>\n\t\t<\/section>\n\t\t\t\t\t<\/div>\n\t\t<\/div>\n\t\t\t\t\t<\/div>\n\t\t<\/section>\n\t\t\t\t\t<\/div>\n\t\t<\/div>\n\t\t\t\t\t<\/div>\n\t\t<\/section>\n\t\t\t\t<\/div>\n\t\t","protected":false},"excerpt":{"rendered":"<p>Ch\u00ednh s\u00e1ch b\u1ea3o m\u1eadt B\u1ea3o v\u1ec7 d\u1eef li\u1ec7u c\u00e1 nh\u00e2n v\u00e0 g\u00e2y d\u1ef1ng \u0111\u01b0\u1ee3c ni\u1ec1m tin cho qu\u00fd kh\u00e1ch l\u00e0 v\u1ea5n \u0111\u1ec1 r\u1ea5t quan tr\u1ecdng v\u1edbi ch\u00fang t\u00f4i. Bliss Hoi An Beach Resort &amp; Wellness t\u00f4n tr\u1ecdng v\u00e0 cam k\u1ebft &hellip; <a href=\"https:\/\/blisshoianresort.com\/vi\/chinh-sach-bao-mat\/\">Readmore<\/a><\/p>\n","protected":false},"author":1,"featured_media":0,"parent":0,"menu_order":0,"comment_status":"closed","ping_status":"closed","template":"","meta":{"content-type":"","footnotes":""},"class_list":["post-17659","page","type-page","status-publish","hentry"],"_links":{"self":[{"href":"https:\/\/blisshoianresort.com\/vi\/wp-json\/wp\/v2\/pages\/17659","targetHints":{"allow":["GET"]}}],"collection":[{"href":"https:\/\/blisshoianresort.com\/vi\/wp-json\/wp\/v2\/pages"}],"about":[{"href":"https:\/\/blisshoianresort.com\/vi\/wp-json\/wp\/v2\/types\/page"}],"author":[{"embeddable":true,"href":"https:\/\/blisshoianresort.com\/vi\/wp-json\/wp\/v2\/users\/1"}],"replies":[{"embeddable":true,"href":"https:\/\/blisshoianresort.com\/vi\/wp-json\/wp\/v2\/comments?post=17659"}],"version-history":[{"count":3,"href":"https:\/\/blisshoianresort.com\/vi\/wp-json\/wp\/v2\/pages\/17659\/revisions"}],"predecessor-version":[{"id":21220,"href":"https:\/\/blisshoianresort.com\/vi\/wp-json\/wp\/v2\/pages\/17659\/revisions\/21220"}],"wp:attachment":[{"href":"https:\/\/blisshoianresort.com\/vi\/wp-json\/wp\/v2\/media?parent=17659"}],"curies":[{"name":"wp","href":"https:\/\/api.w.org\/{rel}","templated":true}]}}