{"id":22758,"date":"2023-10-31T04:15:08","date_gmt":"2023-10-31T04:15:08","guid":{"rendered":"https:\/\/blisshoianresort.com\/ciel-ocean-deluxe\/"},"modified":"2024-10-24T09:38:57","modified_gmt":"2024-10-24T09:38:57","slug":"ciel-ocean-deluxe","status":"publish","type":"product","link":"https:\/\/blisshoianresort.com\/fr\/ciel-ocean-deluxe\/","title":{"rendered":"CIEL OC\u00c9AN DELUXE"},"content":{"rendered":"<p>Impr\u00e9gnez-vous d&rsquo;une vue imprenable sur la mer de Binh Minh et les environs depuis le point de vue \u00e9lev\u00e9 de la chambre Sky Ocean Deluxe du Bliss Hoi An Beach Resort &amp; Wellness.<\/p>\n<p>Perch\u00e9es aux \u00e9tages sup\u00e9rieurs du complexe, ces chambres calmes offrent des vues vraiment d\u00e9gag\u00e9es qui vous couperont le souffle. Situ\u00e9es aux \u00e9tages sup\u00e9rieurs du bloc h\u00f4telier, les chambres Sky Ocean Deluxe sont con\u00e7ues dans un style indochinois mettant l&rsquo;accent sur les mat\u00e9riaux en bambou et en rotin et les carreaux traditionnels. Les autres caract\u00e9ristiques comprennent une baignoire et un balcon ext\u00e9rieur pour profiter d&rsquo;une vue imprenable sur la mer depuis la chambre Sky Ocean Deluxe du Bliss Hoi An Beach Resort &amp; Wellness.<\/p>\n<p><strong>Politique d&rsquo;enregistrement\/de d\u00e9part\u00a0:<\/strong><\/p>\n<ul>\n<li>Arriv\u00e9e\u00a0: \u00e0 partir de 15\u00a0h\u00a000<\/li>\n<li>D\u00e9part\u00a0: au plus tard \u00e0 12\u00a0h\u00a000<\/li>\n<li>Arriv\u00e9e anticip\u00e9e\u00a0: sous r\u00e9serve de disponibilit\u00e9 des chambres.<\/li>\n<\/ul>\n<p><strong>\u00c9quipements<\/strong><\/p>\n<ul>\n<li>Boissons de bienvenue \u00e0 l&rsquo;arriv\u00e9e<\/li>\n<li>Informations d&rsquo;orientation sur le complexe et la ville de Hoi An<\/li>\n<li>01 lit king-size<\/li>\n<li>Bureau<\/li>\n<li>Table et chaise sur le balcon<\/li>\n<li>Bouteilles d&rsquo;eau gratuites<\/li>\n<li>Th\u00e9 et caf\u00e9<\/li>\n<li>Petit r\u00e9frig\u00e9rateur<\/li>\n<li>Service de chambre<\/li>\n<li>M\u00e9nage deux fois par jour<\/li>\n<li>Salle de bain attenante<\/li>\n<li>Peignoirs<\/li>\n<li>Produits de bain de luxe<\/li>\n<li>Baignoire et douche s\u00e9par\u00e9es<\/li>\n<li>S\u00e8che-cheveux<\/li>\n<li>Prise pour rasoir (220 volts)<\/li>\n<li>Service de blanchisserie<\/li>\n<li>Coffre-fort \u00e9lectronique<\/li>\n<li>Climatisation double split<\/li>\n<li>Wi-Fi haut d\u00e9bit gratuit<\/li>\n<li>Lampe de lecture<\/li>\n<li>T\u00e9l\u00e9phone IDD<\/li>\n<li>T\u00e9l\u00e9viseur \u00e0 \u00e9cran plat 55 pouces avec c\u00e2ble<\/li>\n<li>Autres touches : Balance, R\u00e9veil, Parapluies<\/li>\n<li>Animaux non admis<\/li>\n<\/ul>\n","protected":false},"excerpt":{"rendered":"<p><span style=\"font-family: helvetica, arial, sans-serif; font-size: 12pt;\">Con\u00e7u pour les clients qui pr\u00e9f\u00e8rent plus d&rsquo;intimit\u00e9. D\u00e9tendez-vous en profitant de la vue sur les monuments que vous venez de visiter dans la baignoire ext\u00e9rieure sur l&rsquo;immense terrasse ensoleill\u00e9e. Laissez la brise marine vous rafra\u00eechir tandis que l&rsquo;eau chaude vous enveloppe.<\/span><\/p>\n<div class=\"item-description\"><strong><span style=\"font-family: helvetica, arial, sans-serif; font-size: 12pt;\">Th\u00e9 gratuit l&rsquo;apr\u00e8s-midi pour tous les clients (une fois par s\u00e9jour) inclus<\/span><\/strong><\/div>\n","protected":false},"featured_media":22760,"comment_status":"open","ping_status":"closed","template":"","meta":{"content-type":""},"product_brand":[],"product_cat":[739],"product_tag":[],"class_list":{"0":"post-22758","1":"product","2":"type-product","3":"status-publish","4":"has-post-thumbnail","6":"product_cat-hebergement","8":"first","9":"instock","10":"shipping-taxable","11":"purchasable","12":"product-type-simple"},"_links":{"self":[{"href":"https:\/\/blisshoianresort.com\/fr\/wp-json\/wp\/v2\/product\/22758","targetHints":{"allow":["GET"]}}],"collection":[{"href":"https:\/\/blisshoianresort.com\/fr\/wp-json\/wp\/v2\/product"}],"about":[{"href":"https:\/\/blisshoianresort.com\/fr\/wp-json\/wp\/v2\/types\/product"}],"replies":[{"embeddable":true,"href":"https:\/\/blisshoianresort.com\/fr\/wp-json\/wp\/v2\/comments?post=22758"}],"wp:featuredmedia":[{"embeddable":true,"href":"https:\/\/blisshoianresort.com\/fr\/wp-json\/wp\/v2\/media\/22760"}],"wp:attachment":[{"href":"https:\/\/blisshoianresort.com\/fr\/wp-json\/wp\/v2\/media?parent=22758"}],"wp:term":[{"taxonomy":"product_brand","embeddable":true,"href":"https:\/\/blisshoianresort.com\/fr\/wp-json\/wp\/v2\/product_brand?post=22758"},{"taxonomy":"product_cat","embeddable":true,"href":"https:\/\/blisshoianresort.com\/fr\/wp-json\/wp\/v2\/product_cat?post=22758"},{"taxonomy":"product_tag","embeddable":true,"href":"https:\/\/blisshoianresort.com\/fr\/wp-json\/wp\/v2\/product_tag?post=22758"}],"curies":[{"name":"wp","href":"https:\/\/api.w.org\/{rel}","templated":true}]}}