{"id":22752,"date":"2023-10-31T04:14:38","date_gmt":"2023-10-31T04:14:38","guid":{"rendered":"https:\/\/blisshoianresort.com\/villa-avec-piscine-et-2-chambres\/"},"modified":"2023-10-31T04:14:38","modified_gmt":"2023-10-31T04:14:38","slug":"villa-avec-piscine-et-2-chambres","status":"publish","type":"product","link":"https:\/\/blisshoianresort.com\/fr\/villa-avec-piscine-et-2-chambres\/","title":{"rendered":"Villa avec piscine et 2 chambres"},"content":{"rendered":"<p style=\"text-align: justify;\"><span style=\"font-family: helvetica, arial, sans-serif; font-size: 12pt;\">M\u00e9lange parfait de luxe et d&rsquo;intimit\u00e9, la villa avec piscine \u00e0 deux chambres est un havre de paix con\u00e7u pour les familles exigeantes \u00e0 la recherche d&rsquo;une escapade inoubliable. Le design ext\u00e9rieur s&rsquo;inspire des anciennes maisons typiques de Hoi An et comprend une grande piscine priv\u00e9e, tandis que l&rsquo;int\u00e9rieur mesure jusqu&rsquo;\u00e0 130 m\u00e8tres carr\u00e9s avec 2 chambres opulentes s\u00e9par\u00e9es.<\/span><\/p>\n<p style=\"text-align: justify;\"><strong><span style=\"font-family: helvetica, arial, sans-serif; font-size: 12pt;\">Comprend\u00a0:<\/span><\/strong><\/p>\n<ul>\n<li style=\"text-align: justify;\"><strong><span style=\"font-family: helvetica, arial, sans-serif; font-size: 12pt;\">Minibar gratuit (r\u00e9approvisionn\u00e9 quotidiennement)<\/span><\/strong><\/li>\n<li style=\"text-align: justify;\"><strong><span style=\"font-family: helvetica, arial, sans-serif; font-size: 12pt;\">Service de pr\u00e9paration de la chambre pour la nuit<\/span><\/strong><\/li>\n<\/ul>\n<p style=\"text-align: justify;\"><span style=\"font-family: helvetica, arial, sans-serif; font-size: 12pt;\"><strong><br \/>\nPolitique d&rsquo;enregistrement\/de d\u00e9part\u00a0:<\/strong><\/span><\/p>\n<ul style=\"text-align: justify;\">\n<li><span style=\"font-family: helvetica, arial, sans-serif; font-size: 12pt;\">Arriv\u00e9e : \u00e0 partir de 15h00<\/span><\/li>\n<li><span style=\"font-family: helvetica, arial, sans-serif; font-size: 12pt;\">D\u00e9part : au plus tard \u00e0 12h00<\/span><\/li>\n<li><span style=\"font-family: helvetica, arial, sans-serif; font-size: 12pt;\">Arriv\u00e9e anticip\u00e9e : sous r\u00e9serve de disponibilit\u00e9 des chambres.<\/span><\/li>\n<\/ul>\n<hr \/>\n<h2 style=\"text-align: justify;\"><span style=\"font-family: helvetica, arial, sans-serif; font-size: 12pt;\">\u00c9quipements<\/span><\/h2>\n<ul>\n<li style=\"font-weight: 400; text-align: justify;\" aria-level=\"1\"><span style=\"font-weight: 400; font-family: helvetica, arial, sans-serif; font-size: 12pt;\">Boissons de bienvenue \u00e0 l&rsquo;arriv\u00e9e<\/span><\/li>\n<li style=\"font-weight: 400; text-align: justify;\" aria-level=\"1\"><span style=\"font-weight: 400; font-family: helvetica, arial, sans-serif; font-size: 12pt;\">Complexe h\u00f4telier et Informations d&rsquo;orientation sur la ville de Hoi An<\/span><\/li>\n<li style=\"font-weight: 400; text-align: justify;\" aria-level=\"1\"><span style=\"font-weight: 400; font-family: helvetica, arial, sans-serif; font-size: 12pt;\">Lit king size ou lits jumeaux<\/span><\/li>\n<li style=\"font-weight: 400; text-align: justify;\" aria-level=\"1\"><span style=\"font-weight: 400; font-family: helvetica, arial, sans-serif; font-size: 12pt;\">Bureau<\/span><\/li>\n<li style=\"text-align: justify;\" aria-level=\"1\"><span style=\"font-weight: 400; text-align: justify;\" aria-level=\"1\"><span style=\"font-weight: 400; font-family: helvetica, arial, sans-serif; font-size: 12pt;\">Canap\u00e9<\/span><\/li>\n<li style=\"font-weight: 400; text-align: justify;\" aria-level=\"1\"><span style=\"font-weight: 400; font-family: helvetica, arial, sans-serif; font-size: 12pt;\">Table et chaise sur le balcon<\/span><\/li>\n<li style=\"font-weight: 400; text-align: justify;\" aria-level=\"1\"><span style=\"font-weight: 400; font-family: helvetica, arial, sans-serif; font-size: 12pt;\">Bouteilles d&rsquo;eau gratuites<\/span><\/li>\n<li style=\"font-weight: 400; text-align: justify;\" aria-level=\"1\"><span style=\"font-weight: 400; font-family: helvetica, arial, sans-serif; font-size: 12pt;\">Th\u00e9 et caf\u00e9<\/span><\/li>\n<li style=\"font-weight: 400; text-align: justify;\" aria-level=\"1\"><span style=\"font-weight: 400; font-family: helvetica, arial, sans-serif; font-size: 12pt;\">Petit r\u00e9frig\u00e9rateur<\/span><\/li>\n<li style=\"font-weight: 400; text-align: justify;\" aria-level=\"1\"><span style=\"font-weight: 400; font-family: helvetica, arial, sans-serif; font-size: 12pt;\">Service en chambre<\/span><\/li>\n<li style=\"font-weight: 400; text-align: justify;\" aria-level=\"1\"><span style=\"font-weight: 400; font-family: helvetica, arial, sans-serif; font-size: 12pt;\">M\u00e9nage deux fois par jour<\/span><\/li>\n<li style=\"font-weight: 400; text-align: justify;\" aria-level=\"1\"><span style=\"font-weight: 400; font-family: helvetica, arial, sans-serif; font-size: 12pt;\">Salle de bain attenante<\/span><\/li>\n<li style=\"font-weight: 400; text-align: justify;\" aria-level=\"1\"><span style=\"font-weight: 400; font-family: helvetica, arial, sans-serif; font-size: 12pt;\">Peignoirs<\/span><\/li>\n<li style=\"font-weight: 400; text-align: justify;\" aria-level=\"1\"><span style=\"font-weight: 400; font-family: helvetica, arial, sans-serif; font-size: 12pt;\">\u00c9quipements de salle de bain de luxe<\/span><\/li>\n<li style=\"font-weight: 400; text-align: justify;\" aria-level=\"1\"><span style=\"font-weight: 400; font-family: helvetica, arial, sans-serif; font-size: 12pt;\">Baignoire et douche s\u00e9par\u00e9es<\/span><\/li>\n<li style=\"font-weight: 400; text-align: justify;\" aria-level=\"1\"><span style=\"font-weight: 400; font-family: helvetica, arial, sans-serif; font-size: 12pt;\">S\u00e8che-cheveux<\/span><\/li>\n<li style=\"font-weight: 400; text-align: justify;\" aria-level=\"1\"><span style=\"font-weight: 400; font-family: helvetica, arial, sans-serif; font-size: 12pt;\">Prise pour rasoir (220 volts)<\/span><\/li>\n<li style=\"font-weight: 400; text-align: justify;\" aria-level=\"1\"><span style=\"font-weight: 400; font-family: helvetica, arial, sans-serif; font-size: 12pt;\">Service de blanchisserie<\/span><\/li>\n<li style=\"font-weight: 400; text-align: justify;\" aria-level=\"1\"><span style=\"font-weight: 400; font-family: helvetica, arial, sans-serif; font-size: 12pt;\">Coffre-fort \u00e9lectronique<\/span><\/li>\n<li style=\"font-weight: 400; text-align: justify;\" aria-level=\"1\"><span style=\"font-weight: 400; font-family: helvetica, arial, sans-serif; font-size: 12pt;\">Climatisation double split<\/span><\/li>\n<li style=\"font-weight: 400; text-align: justify;\" aria-level=\"1\"><span style=\"font-weight: 400; font-family: helvetica, arial, sans-serif; font-size: 12pt;\">Wi-Fi haut d\u00e9bit gratuit<\/span><\/li>\n<li style=\"font-weight: 400; text-align: justify;\" aria-level=\"1\"><span style=\"font-weight: 400; font-family: helvetica, arial, sans-serif; font-size: 12pt;\">Lampe de lecture<\/span><\/li>\n<li style=\"font-weight: 400; text-align: justify;\" aria-level=\"1\"><span style=\"font-weight: 400; font-family: helvetica, arial, sans-serif; font-size: 12pt;\">T\u00e9l\u00e9phone IDD<\/span><\/li>\n<li style=\"font-weight: 400; text-align: justify;\" aria-level=\"1\"><span style=\"font-weight: 400; font-family: helvetica, arial, sans-serif; font-size: 12pt;\">T\u00e9l\u00e9vision \u00e0 \u00e9cran plat 43 pouces avec c\u00e2ble<\/span><\/li>\n<li style=\"font-weight: 400; text-align: justify;\" aria-level=\"1\"><span style=\"font-weight: 400; font-family: helvetica, arial, sans-serif; font-size: 12pt;\">Autres touches : Balance, R\u00e9veil, Parapluies<\/span><\/li>\n<li style=\"font-weight: 400; text-align: justify;\" aria-level=\"1\"><span style=\"font-weight: 400; font-family: helvetica, arial, sans-serif; font-size: 12pt;\">Animaux non admis<\/span><\/li>\n<\/ul>\n","protected":false},"excerpt":{"rendered":"<p style=\"text-align: justify;\"><span style=\"font-family: helvetica, arial, sans-serif; font-size: 12pt;\">Being an excellent blend of luxury and privacy, the Two-bedroom Pool Villa is a haven of tranquility designed for discerning families seeking an unforgettable escape. The exterior design is inspired by typical Hoi An ancient houses featuring a large private swimming pool, while the interior is up to 130 square meters with 2 separate opulent bedrooms.<\/span><\/p>\n<p style=\"text-align: justify;\"><strong><span style=\"font-family: helvetica, arial, sans-serif; font-size: 12pt;\">Includes:<\/span><\/strong><\/p>\n<ul>\n<li style=\"text-align: justify;\"><strong><span style=\"font-family: helvetica, arial, sans-serif; font-size: 12pt;\">Free minibar (refilled daily)<\/span><\/strong><\/li>\n<li style=\"text-align: justify;\"><strong><span style=\"font-family: helvetica, arial, sans-serif; font-size: 12pt;\">Turn-down service<\/span><\/strong><\/li>\n<\/ul>\n","protected":false},"featured_media":22728,"comment_status":"open","ping_status":"closed","template":"","meta":{"content-type":""},"product_brand":[],"product_cat":[739],"product_tag":[],"class_list":{"0":"post-22752","1":"product","2":"type-product","3":"status-publish","4":"has-post-thumbnail","6":"product_cat-hebergement","8":"first","9":"instock","10":"shipping-taxable","11":"purchasable","12":"product-type-simple"},"_links":{"self":[{"href":"https:\/\/blisshoianresort.com\/fr\/wp-json\/wp\/v2\/product\/22752","targetHints":{"allow":["GET"]}}],"collection":[{"href":"https:\/\/blisshoianresort.com\/fr\/wp-json\/wp\/v2\/product"}],"about":[{"href":"https:\/\/blisshoianresort.com\/fr\/wp-json\/wp\/v2\/types\/product"}],"replies":[{"embeddable":true,"href":"https:\/\/blisshoianresort.com\/fr\/wp-json\/wp\/v2\/comments?post=22752"}],"wp:featuredmedia":[{"embeddable":true,"href":"https:\/\/blisshoianresort.com\/fr\/wp-json\/wp\/v2\/media\/22728"}],"wp:attachment":[{"href":"https:\/\/blisshoianresort.com\/fr\/wp-json\/wp\/v2\/media?parent=22752"}],"wp:term":[{"taxonomy":"product_brand","embeddable":true,"href":"https:\/\/blisshoianresort.com\/fr\/wp-json\/wp\/v2\/product_brand?post=22752"},{"taxonomy":"product_cat","embeddable":true,"href":"https:\/\/blisshoianresort.com\/fr\/wp-json\/wp\/v2\/product_cat?post=22752"},{"taxonomy":"product_tag","embeddable":true,"href":"https:\/\/blisshoianresort.com\/fr\/wp-json\/wp\/v2\/product_tag?post=22752"}],"curies":[{"name":"wp","href":"https:\/\/api.w.org\/{rel}","templated":true}]}}