{"id":22687,"date":"2023-10-31T04:13:00","date_gmt":"2023-10-31T04:13:00","guid":{"rendered":"https:\/\/blisshoianresort.com\/chambre-deluxe-ocean\/"},"modified":"2023-10-31T04:13:00","modified_gmt":"2023-10-31T04:13:00","slug":"chambre-deluxe-ocean","status":"publish","type":"product","link":"https:\/\/blisshoianresort.com\/fr\/chambre-deluxe-ocean\/","title":{"rendered":"Chambre Deluxe Oc\u00e9an"},"content":{"rendered":"<p style=\"text-align: justify;\"><span style=\"font-family: helvetica, arial, sans-serif; font-size: 12pt;\">Plongez dans la tranquillit\u00e9 de l&rsquo;oc\u00e9an et r\u00e9veillez-vous au milieu d&rsquo;une vue imprenable sur la plage de Binh Minh avec nos chambres Ocean Deluxe. Con\u00e7ues pour embrasser l&rsquo;essence du charme c\u00f4tier, ces chambres \u00e9l\u00e9gantes offrent un m\u00e9lange harmonieux de style contemporain et de s\u00e9r\u00e9nit\u00e9 oc\u00e9anique.<\/span><\/p>\n<p style=\"text-align: justify;\"><span style=\"font-family: helvetica, arial, sans-serif; font-size: 12pt;\">Montez sur votre balcon priv\u00e9 et laissez-vous envo\u00fbter par les vues panoramiques sur l&rsquo;eau azur, o\u00f9 le rythme doux des vagues s&rsquo;\u00e9crasant contre le rivage cr\u00e9e une symphonie apaisante de la nature.<\/span><\/p>\n<p style=\"text-align: justify;\"><strong><span style=\"font-family: helvetica, arial, sans-serif; font-size: 12pt;\">Avec th\u00e9 gratuit l&rsquo;apr\u00e8s-midi pour tous les clients (une fois par s\u00e9jour)<\/span><\/strong><\/p>\n<p><span style=\"font-family: helvetica, arial, sans-serif;\"><strong><br \/>\n<span style=\"font-size: 12pt;\">Politique d&rsquo;enregistrement\/de d\u00e9part\u00a0:<\/span><br \/>\n<\/strong><\/span><\/p>\n<ul>\n<li><span style=\"font-family: helvetica, arial, sans-serif; font-size: 12pt;\">Arriv\u00e9e : \u00e0 partir de 15h00<\/span><\/li>\n<li><span style=\"font-family: helvetica, arial, sans-serif; font-size: 12pt;\">D\u00e9part : au plus tard \u00e0 12h00<\/span><\/li>\n<li><span style=\"font-family: helvetica, arial, sans-serif; font-size: 12pt;\">Arriv\u00e9e anticip\u00e9e : sous r\u00e9serve de disponibilit\u00e9 des chambres.<\/span><\/li>\n<\/ul>\n<hr \/>\n<h2><span style=\"font-family: helvetica, arial, sans-serif; font-size: 12pt;\">\u00c9quipements<\/span><\/h2>\n<ul>\n<li style=\"font-weight: 400;\" aria-level=\"1\"><span style=\"font-weight: 400; font-family: helvetica, arial, sans-serif; font-size: 12pt;\">Boissons de bienvenue \u00e0 l&rsquo;arriv\u00e9e<\/span><\/li>\n<li style=\"font-weight: 400;\" aria-level=\"1\"><span style=\"font-weight: 400; font-family: helvetica, arial, sans-serif; font-size: 12pt;\">Informations d&rsquo;orientation sur le complexe h\u00f4telier et la ville de Hoi An<\/span><\/li>\n<li style=\"font-weight: 400;\" aria-level=\"1\"><span style=\"font-weight: 400; font-family: helvetica, arial, sans-serif; font-size: 12pt;\">Lit king size ou lits jumeaux<\/span><\/li>\n<li style=\"font-weight: 400;\" aria-level=\"1\"><span style=\"font-weight: 400; font-family: helvetica, arial, sans-serif; font-size: 12pt;\">Bureau<\/span><\/li>\n<li style=\"font-weight: 400;\" aria-level=\"1\"><span style=\"font-weight: 400; font-family: helvetica, arial, sans-serif; font-size: 12pt;\">Table et chaise sur le balcon<\/span><\/li>\n<li style=\"font-weight: 400;\" aria-level=\"1\"><span style=\"font-weight: 400; font-family: helvetica, arial, sans-serif; font-size: 12pt;\">Bouteilles d&rsquo;eau gratuites<\/span><\/li>\n<li style=\"font-weight: 400;\" aria-level=\"1\"><span style=\"font-weight: 400; font-family: helvetica, arial, sans-serif; font-size: 12pt;\">Th\u00e9 et caf\u00e9<\/span><\/li>\n<li style=\"font-weight: 400;\" aria-level=\"1\"><span style=\"font-weight: 400; font-family: helvetica, arial, sans-serif; font-size: 12pt;\">Petit r\u00e9frig\u00e9rateur<\/span><\/li>\n<li style=\"font-weight: 400;\" aria-level=\"1\"><span style=\"font-weight: 400; font-family: helvetica, arial, sans-serif; font-size: 12pt;\">Service en chambre<\/span><\/li>\n<li style=\"font-weight: 400;\" aria-level=\"1\"><span style=\"font-weight: 400; font-family: helvetica, arial, sans-serif; font-size: 12pt;\">M\u00e9nage deux fois par jour<\/span><\/li>\n<li style=\"font-weight: 400;\" aria-level=\"1\"><span style=\"font-weight: 400; font-family: helvetica, arial, sans-serif; font-size: 12pt;\">Salle de bain attenante<\/span><\/li>\n<li style=\"font-weight: 400;\" aria-level=\"1\"><span style=\"font-weight: 400; font-family: helvetica, arial, sans-serif; font-size: 12pt;\">Peignoirs<\/span><\/li>\n<li style=\"font-weight: 400;\" aria-level=\"1\"><span style=\"font-weight: 400; font-family: helvetica, arial, sans-serif; font-size: 12pt;\">Produits de bain de luxe<\/span><\/li>\n<li style=\"font-weight: 400;\" aria-level=\"1\"><span style=\"font-weight: 400; font-family: helvetica, arial, sans-serif; font-size: 12pt;\">Baignoire et douche s\u00e9par\u00e9es<\/span><\/li>\n<li style=\"font-weight: 400;\" aria-level=\"1\"><span style=\"font-weight: 400; font-family: helvetica, arial, sans-serif; font-size: 12pt;\">S\u00e8che-cheveux<\/span><\/li>\n<li style=\"font-weight: 400;\" aria-level=\"1\"><span style=\"font-weight: 400; font-family: helvetica, arial, sans-serif; font-size: 12pt;\">Prise rasoir (220 volts)<\/span><\/li>\n<li style=\"font-weight: 400;\" aria-level=\"1\"><span style=\"font-weight: 400; font-family: helvetica, arial, sans-serif; font-size: 12pt;\">Service de blanchisserie<\/span><\/li>\n<li style=\"font-weight: 400;\" aria-level=\"1\"><span style=\"font-weight: 400; font-family: helvetica, arial, sans-serif; font-size: 12pt;\">Coffre-fort \u00e9lectronique<\/span><\/li>\n<li style=\"font-weight: 400;\" aria-level=\"1\"><span style=\"font-weight: 400; font-family: helvetica, arial, sans-serif; font-size: 12pt;\">Climatisation double split<\/span><\/li>\n<li style=\"font-weight: 400;\" aria-level=\"1\"><span style=\"font-weight: 400; font-family: helvetica, arial, sans-serif; font-size: 12pt;\">Wi-Fi haut d\u00e9bit gratuit<\/span><\/li>\n<li style=\"font-weight: 400;\" aria-level=\"1\"><span style=\"font-weight: 400; font-family: helvetica, arial, sans-serif; font-size: 12pt;\">Lampe de lecture<\/span><\/li>\n<li style=\"font-weight: 400;\" aria-level=\"1\"><span style=\"font-weight: 400; font-family: helvetica, arial, sans-serif; font-size: 12pt;\">T\u00e9l\u00e9phone IDD<\/span><\/li>\n<li style=\"font-weight: 400;\" aria-level=\"1\"><span style=\"font-weight: 400; font-family: helvetica, arial, sans-serif; font-size: 12pt;\">T\u00e9l\u00e9viseur \u00e0 \u00e9cran plat 55 pouces avec c\u00e2ble<\/span><\/li>\n<li style=\"font-weight: 400;\" aria-level=\"1\"><span style=\"font-weight: 400; font-family: helvetica, arial, sans-serif; font-size: 12pt;\">Autres touches : Balance, R\u00e9veil, Parapluies<\/span><\/li>\n<li style=\"font-weight: 400;\" aria-level=\"1\"><span style=\"font-weight: 400; font-family: helvetica, arial, sans-serif; font-size: 12pt;\">Animaux non admis<\/span><\/li>\n<\/ul>\n","protected":false},"excerpt":{"rendered":"<p style=\"text-align: justify;\"><span style=\"font-family: helvetica, arial, sans-serif; font-size: 12pt;\">Plongez dans la tranquillit\u00e9 de l&rsquo;oc\u00e9an et r\u00e9veillez-vous au milieu d&rsquo;une vue imprenable sur la plage de Binh Minh avec nos chambres Ocean Deluxe. Con\u00e7ues pour embrasser l&rsquo;essence du charme c\u00f4tier, ces chambres \u00e9l\u00e9gantes offrent un m\u00e9lange harmonieux de style contemporain et de s\u00e9r\u00e9nit\u00e9 oc\u00e9anique.<\/span><\/p>\n<p style=\"text-align: justify;\"><span style=\"font-family: helvetica, arial, sans-serif; font-size: 12pt;\">Montez sur votre balcon priv\u00e9 et laissez-vous envo\u00fbter par les vues panoramiques sur l&rsquo;eau azur, o\u00f9 le rythme doux des vagues s&rsquo;\u00e9crasant contre le rivage cr\u00e9e une symphonie apaisante de la nature.<\/span><\/p>\n<p style=\"text-align: justify;\"><strong><span style=\"font-family: helvetica, arial, sans-serif; font-size: 12pt;\">Avec th\u00e9 gratuit l&rsquo;apr\u00e8s-midi pour tous les clients (une fois par s\u00e9jour)<\/span><\/strong><\/p>\n","protected":false},"featured_media":22654,"comment_status":"open","ping_status":"closed","template":"","meta":{"content-type":""},"product_brand":[],"product_cat":[739],"product_tag":[742],"class_list":{"0":"post-22687","1":"product","2":"type-product","3":"status-publish","4":"has-post-thumbnail","6":"product_cat-hebergement","7":"product_tag-chambre-deluxe-ocean","9":"first","10":"instock","11":"shipping-taxable","12":"purchasable","13":"product-type-simple"},"_links":{"self":[{"href":"https:\/\/blisshoianresort.com\/fr\/wp-json\/wp\/v2\/product\/22687","targetHints":{"allow":["GET"]}}],"collection":[{"href":"https:\/\/blisshoianresort.com\/fr\/wp-json\/wp\/v2\/product"}],"about":[{"href":"https:\/\/blisshoianresort.com\/fr\/wp-json\/wp\/v2\/types\/product"}],"replies":[{"embeddable":true,"href":"https:\/\/blisshoianresort.com\/fr\/wp-json\/wp\/v2\/comments?post=22687"}],"wp:featuredmedia":[{"embeddable":true,"href":"https:\/\/blisshoianresort.com\/fr\/wp-json\/wp\/v2\/media\/22654"}],"wp:attachment":[{"href":"https:\/\/blisshoianresort.com\/fr\/wp-json\/wp\/v2\/media?parent=22687"}],"wp:term":[{"taxonomy":"product_brand","embeddable":true,"href":"https:\/\/blisshoianresort.com\/fr\/wp-json\/wp\/v2\/product_brand?post=22687"},{"taxonomy":"product_cat","embeddable":true,"href":"https:\/\/blisshoianresort.com\/fr\/wp-json\/wp\/v2\/product_cat?post=22687"},{"taxonomy":"product_tag","embeddable":true,"href":"https:\/\/blisshoianresort.com\/fr\/wp-json\/wp\/v2\/product_tag?post=22687"}],"curies":[{"name":"wp","href":"https:\/\/api.w.org\/{rel}","templated":true}]}}