{"id":22653,"date":"2023-10-31T04:12:13","date_gmt":"2023-10-31T04:12:13","guid":{"rendered":"https:\/\/blisshoianresort.com\/chambre-deluxe\/"},"modified":"2024-10-24T08:41:25","modified_gmt":"2024-10-24T08:41:25","slug":"chambre-deluxe","status":"publish","type":"product","link":"https:\/\/blisshoianresort.com\/fr\/chambre-deluxe\/","title":{"rendered":"Chambre Deluxe"},"content":{"rendered":"<p style=\"text-align: justify;\"><span style=\"font-family: helvetica, arial, sans-serif; font-size: 12pt;\">Situ\u00e9es au rez-de-chauss\u00e9e et au deuxi\u00e8me \u00e9tage, faites glisser doucement les portes vitr\u00e9es pour avoir la chance de vous immerger dans un grand patio au rez-de-chauss\u00e9e ou un balcon au deuxi\u00e8me \u00e9tage et de profiter d&rsquo;une belle vue sur le jardin. Comme dans chaque partie de la chambre, la salle de bain offre de beaux accents, des couleurs apaisantes et des \u00e9quipements cinq \u00e9toiles, notamment une immense baignoire et une douche.<\/span><\/p>\n<p style=\"text-align: justify;\"><strong><span style=\"font-family: helvetica, arial, sans-serif; font-size: 12pt;\">Th\u00e9 gratuit l&rsquo;apr\u00e8s-midi pour tous les clients (une fois par s\u00e9jour)<\/span><\/strong><\/p>\n<p style=\"text-align: justify;\"><span style=\"font-family: helvetica, arial, sans-serif; font-size: 12pt;\"><strong>Politique d&rsquo;enregistrement\/de d\u00e9part\u00a0:<\/strong><\/span><\/p>\n<ul style=\"text-align: justify;\">\n<li><span style=\"font-family: helvetica, arial, sans-serif; font-size: 12pt;\">Arriv\u00e9e : \u00e0 partir de 15h00<\/span><\/li>\n<li><span style=\"font-family: helvetica, arial, sans-serif; font-size: 12pt;\">D\u00e9part : au plus tard \u00e0 12h00<\/span><\/li>\n<li><span style=\"font-family: helvetica, arial, sans-serif; font-size: 12pt;\">Arriv\u00e9e anticip\u00e9e : sous r\u00e9serve de disponibilit\u00e9 des chambres.<\/span><\/li>\n<\/ul>\n<hr \/>\n<h2 style=\"text-align: justify;\"><span style=\"font-family: helvetica, arial, sans-serif; font-size: 12pt;\">\u00c9quipements<\/span><\/h2>\n<ul>\n<li style=\"font-weight: 400; text-align: justify;\" aria-level=\"1\"><span style=\"font-weight: 400; font-family: helvetica, arial, sans-serif; font-size: 12pt;\">Boissons de bienvenue \u00e0 l&rsquo;arriv\u00e9e<\/span><\/li>\n<li style=\"font-weight: 400; text-align: justify;\" aria-level=\"1\"><span style=\"font-weight: 400; font-family: helvetica, arial, sans-serif; font-size: 12pt;\">Informations d&rsquo;orientation sur le complexe h\u00f4telier et la ville de Hoi An<\/span><\/li>\n<li style=\"font-weight: 400; text-align: justify;\" aria-level=\"1\"><span style=\"font-weight: 400; font-family: helvetica, arial, sans-serif; font-size: 12pt;\">Lit king size ou lits jumeaux<\/span><\/li>\n<li style=\"font-weight: 400; text-align: justify;\" aria-level=\"1\"><span style=\"font-weight: 400; font-family: helvetica, arial, sans-serif; font-size: 12pt;\">Bureau<\/span><\/li>\n<li style=\"font-weight: 400; text-align: justify;\" aria-level=\"1\"><span style=\"font-weight: 400; font-family: helvetica, arial, sans-serif; font-size: 12pt;\">Table et chaise sur le balcon<\/span><\/li>\n<li style=\"font-weight: 400; text-align: justify;\" aria-level=\"1\"><span style=\"font-weight: 400; font-family: helvetica, arial, sans-serif; font-size: 12pt;\">Bouteilles d&rsquo;eau gratuites<\/span><\/li>\n<li style=\"font-weight: 400; text-align: justify;\" aria-level=\"1\"><span style=\"font-weight: 400; font-family: helvetica, arial, sans-serif; font-size: 12pt;\">Th\u00e9 et caf\u00e9<\/span><\/li>\n<li style=\"font-weight: 400; text-align: justify;\" aria-level=\"1\"><span style=\"font-weight: 400; font-family: helvetica, arial, sans-serif; font-size: 12pt;\">Petit r\u00e9frig\u00e9rateur<\/span><\/li>\n<li style=\"font-weight: 400; text-align: justify;\" aria-level=\"1\"><span style=\"font-weight: 400; font-family: helvetica, arial, sans-serif; font-size: 12pt;\">Service de chambre<\/span><\/li>\n<li style=\"font-weight: 400; text-align: justify;\" aria-level=\"1\"><span style=\"font-weight: 400; font-family: helvetica, arial, sans-serif; font-size: 12pt;\">M\u00e9nage deux fois par jour<\/span><\/li>\n<li style=\"font-weight: 400; text-align: justify;\" aria-level=\"1\"><span style=\"font-weight: 400; font-family: helvetica, arial, sans-serif; font-size: 12pt;\">Salle de bain attenante<\/span><\/li>\n<li style=\"font-weight: 400; text-align: justify;\" aria-level=\"1\"><span style=\"font-weight: 400; font-family: helvetica, arial, sans-serif; font-size: 12pt;\">Peignoirs<\/span><\/li>\n<li style=\"font-weight: 400; text-align: justify;\" aria-level=\"1\"><span style=\"font-weight: 400; font-family: helvetica, arial, sans-serif; font-size: 12pt;\">Produits de bain de luxe<\/span><\/li>\n<li style=\"font-weight: 400; text-align: justify;\" aria-level=\"1\"><span style=\"font-weight: 400; font-family: helvetica, arial, sans-serif; font-size: 12pt;\">Baignoire et douche s\u00e9par\u00e9es<\/span><\/li>\n<li style=\"font-weight: 400; text-align: justify;\" aria-level=\"1\"><span style=\"font-weight: 400; font-family: helvetica, arial, sans-serif; font-size: 12pt;\">S\u00e8che-cheveux<\/span><\/li>\n<li style=\"font-weight: 400; text-align: justify;\" aria-level=\"1\"><span style=\"font-weight: 400; font-family: helvetica, arial, sans-serif; font-size: 12pt;\">Prise rasoir (220 volts)<\/span><\/li>\n<li style=\"font-weight: 400; text-align: justify;\" aria-level=\"1\"><span style=\"font-weight: 400; font-family: helvetica, arial, sans-serif; font-size: 12pt;\">Service de blanchisserie<\/span><\/li>\n<li style=\"font-weight: 400; text-align: justify;\" aria-level=\"1\"><span style=\"font-weight: 400; font-family: helvetica, arial, sans-serif; font-size: 12pt;\">Coffre-fort \u00e9lectronique<\/span><\/li>\n<li style=\"font-weight: 400; text-align: justify;\" aria-level=\"1\"><span style=\"font-weight: 400; font-family: helvetica, arial, sans-serif; font-size: 12pt;\">Climatisation double split<\/span><\/li>\n<li style=\"font-weight: 400; text-align: justify;\" aria-level=\"1\"><span style=\"font-weight: 400; font-family: helvetica, arial, sans-serif; font-size: 12pt;\">Wi-Fi haut d\u00e9bit gratuit<\/span><\/li>\n<li style=\"font-weight: 400; text-align: justify;\" aria-level=\"1\"><span style=\"font-weight: 400; font-family: helvetica, arial, sans-serif; font-size: 12pt;\">Lampe de lecture<\/span><\/li>\n<li style=\"font-weight: 400; text-align: justify;\" aria-level=\"1\"><span style=\"font-weight: 400; font-family: helvetica, arial, sans-serif; font-size: 12pt;\">T\u00e9l\u00e9phone IDD<\/span><\/li>\n<\/ul>\n","protected":false},"excerpt":{"rendered":"<p style=\"text-align: justify;\"><span style=\"font-family: helvetica, arial, sans-serif; font-size: 12pt;\">Situ\u00e9es au rez-de-chauss\u00e9e et au deuxi\u00e8me \u00e9tage, faites glisser doucement les portes vitr\u00e9es pour avoir la chance de vous immerger dans un grand patio au rez-de-chauss\u00e9e ou un balcon au deuxi\u00e8me \u00e9tage et de profiter d&rsquo;une vue magnifique sur le jardin. Comme dans chaque partie de la chambre, la salle de bain offre de beaux accents, des couleurs apaisantes et des \u00e9quipements cinq \u00e9toiles, dont une immense baignoire et une douche.<\/span><\/p>\n<p style=\"text-align: justify;\"><strong><span style=\"font-family: helvetica, arial, sans-serif; font-size: 12pt;\">Avec th\u00e9 gratuit l&rsquo;apr\u00e8s-midi pour tous les clients (une fois par s\u00e9jour)<\/span><\/strong><\/p>\n","protected":false},"featured_media":22668,"comment_status":"open","ping_status":"closed","template":"","meta":{"content-type":""},"product_brand":[],"product_cat":[739],"product_tag":[740,741],"class_list":{"0":"post-22653","1":"product","2":"type-product","3":"status-publish","4":"has-post-thumbnail","6":"product_cat-hebergement","7":"product_tag-chambre-deluxe","8":"product_tag-chambre-deluxe-bliss-hoi-an","10":"first","11":"instock","12":"shipping-taxable","13":"purchasable","14":"product-type-simple"},"_links":{"self":[{"href":"https:\/\/blisshoianresort.com\/fr\/wp-json\/wp\/v2\/product\/22653","targetHints":{"allow":["GET"]}}],"collection":[{"href":"https:\/\/blisshoianresort.com\/fr\/wp-json\/wp\/v2\/product"}],"about":[{"href":"https:\/\/blisshoianresort.com\/fr\/wp-json\/wp\/v2\/types\/product"}],"replies":[{"embeddable":true,"href":"https:\/\/blisshoianresort.com\/fr\/wp-json\/wp\/v2\/comments?post=22653"}],"wp:featuredmedia":[{"embeddable":true,"href":"https:\/\/blisshoianresort.com\/fr\/wp-json\/wp\/v2\/media\/22668"}],"wp:attachment":[{"href":"https:\/\/blisshoianresort.com\/fr\/wp-json\/wp\/v2\/media?parent=22653"}],"wp:term":[{"taxonomy":"product_brand","embeddable":true,"href":"https:\/\/blisshoianresort.com\/fr\/wp-json\/wp\/v2\/product_brand?post=22653"},{"taxonomy":"product_cat","embeddable":true,"href":"https:\/\/blisshoianresort.com\/fr\/wp-json\/wp\/v2\/product_cat?post=22653"},{"taxonomy":"product_tag","embeddable":true,"href":"https:\/\/blisshoianresort.com\/fr\/wp-json\/wp\/v2\/product_tag?post=22653"}],"curies":[{"name":"wp","href":"https:\/\/api.w.org\/{rel}","templated":true}]}}