{"id":22853,"date":"2023-12-08T08:11:12","date_gmt":"2023-12-08T08:11:12","guid":{"rendered":"https:\/\/blisshoianresort.com\/reservation\/"},"modified":"2024-10-25T08:35:29","modified_gmt":"2024-10-25T08:35:29","slug":"reservation","status":"publish","type":"page","link":"https:\/\/blisshoianresort.com\/fr\/reservation\/","title":{"rendered":"R\u00e9servation"},"content":{"rendered":"\t\t<div data-elementor-type=\"wp-page\" data-elementor-id=\"22853\" class=\"elementor elementor-22853 elementor-15189\" data-elementor-post-type=\"page\">\n\t\t\t\t\t\t<section class=\"elementor-section elementor-top-section elementor-element elementor-element-cc36825 elementor-section-full_width elementor-section-height-default elementor-section-height-default\" data-id=\"cc36825\" data-element_type=\"section\">\n\t\t\t\t\t\t<div class=\"elementor-container elementor-column-gap-default\">\n\t\t\t\t\t<div class=\"elementor-column elementor-col-100 elementor-top-column elementor-element elementor-element-5a7db2b\" data-id=\"5a7db2b\" data-element_type=\"column\">\n\t\t\t<div class=\"elementor-widget-wrap elementor-element-populated\">\n\t\t\t\t\t\t<div class=\"elementor-element elementor-element-5835927 elementor-widget__width-inherit elementor-widget elementor-widget-image\" data-id=\"5835927\" data-element_type=\"widget\" data-widget_type=\"image.default\">\n\t\t\t\t<div class=\"elementor-widget-container\">\n\t\t\t\t\t\t\t\t\t\t\t\t\t\t\t<img fetchpriority=\"high\" decoding=\"async\" width=\"2048\" height=\"480\" src=\"https:\/\/blisshoianresort.com\/wp-content\/uploads\/2024\/07\/web-2.webp\" class=\"attachment-full size-full wp-image-22858\" alt=\"\" \/>\t\t\t\t\t\t\t\t\t\t\t\t\t\t\t<\/div>\n\t\t\t\t<\/div>\n\t\t\t\t\t<\/div>\n\t\t<\/div>\n\t\t\t\t\t<\/div>\n\t\t<\/section>\n\t\t\t\t<section class=\"elementor-section elementor-top-section elementor-element elementor-element-a83d7dc elementor-section-boxed elementor-section-height-default elementor-section-height-default\" data-id=\"a83d7dc\" data-element_type=\"section\">\n\t\t\t\t\t\t<div class=\"elementor-container elementor-column-gap-default\">\n\t\t\t\t\t<div class=\"elementor-column elementor-col-100 elementor-top-column elementor-element elementor-element-61e0093\" data-id=\"61e0093\" data-element_type=\"column\">\n\t\t\t<div class=\"elementor-widget-wrap elementor-element-populated\">\n\t\t\t\t\t\t<div class=\"elementor-element elementor-element-7c87afe elementor-widget elementor-widget-heading\" data-id=\"7c87afe\" data-element_type=\"widget\" data-widget_type=\"heading.default\">\n\t\t\t\t<div class=\"elementor-widget-container\">\n\t\t\t\t\t<h2 class=\"elementor-heading-title elementor-size-default\">R\u00e9servation<\/h2>\t\t\t\t<\/div>\n\t\t\t\t<\/div>\n\t\t\t\t<div class=\"elementor-element elementor-element-aecccaf elementor-tabs-alignment-center elementor-tabs-view-horizontal elementor-widget elementor-widget-tabs\" data-id=\"aecccaf\" data-element_type=\"widget\" data-widget_type=\"tabs.default\">\n\t\t\t\t<div class=\"elementor-widget-container\">\n\t\t\t\t\t\t\t<div class=\"elementor-tabs\">\n\t\t\t<div class=\"elementor-tabs-wrapper\" role=\"tablist\" >\n\t\t\t\t\t\t\t\t\t<div id=\"elementor-tab-title-1831\" class=\"elementor-tab-title elementor-tab-desktop-title\" aria-selected=\"true\" data-tab=\"1\" role=\"tab\" tabindex=\"0\" aria-controls=\"elementor-tab-content-1831\" aria-expanded=\"false\">CHAMBRES<\/div>\n\t\t\t\t\t\t\t\t\t<div id=\"elementor-tab-title-1832\" class=\"elementor-tab-title elementor-tab-desktop-title\" aria-selected=\"false\" data-tab=\"2\" role=\"tab\" tabindex=\"-1\" aria-controls=\"elementor-tab-content-1832\" aria-expanded=\"false\">FORFAITS ET EXTRAS<\/div>\n\t\t\t\t\t\t\t<\/div>\n\t\t\t<div class=\"elementor-tabs-content-wrapper\" role=\"tablist\" aria-orientation=\"vertical\">\n\t\t\t\t\t\t\t\t\t<div class=\"elementor-tab-title elementor-tab-mobile-title\" aria-selected=\"true\" data-tab=\"1\" role=\"tab\" tabindex=\"0\" aria-controls=\"elementor-tab-content-1831\" aria-expanded=\"false\">CHAMBRES<\/div>\n\t\t\t\t\t<div id=\"elementor-tab-content-1831\" class=\"elementor-tab-content elementor-clearfix\" data-tab=\"1\" role=\"tabpanel\" aria-labelledby=\"elementor-tab-title-1831\" tabindex=\"0\" hidden=\"false\"><p><div style=\"padding-top: 30px;\">\r\n<div class=\"reservation\" style=\"margin: 0 auto; height: 1080px;\"><iframe scrolling=\"yes\" src=\"https:\/\/book-directonline.com\/properties\/blisshoianbeachresort&#038;wellness?locale=en&#038;currency=VND&#038;&#038;trackPage=yes\"><\/iframe><\/div>\r\n<\/div><\/p>\n<\/div>\n\t\t\t\t\t\t\t\t\t<div class=\"elementor-tab-title elementor-tab-mobile-title\" aria-selected=\"false\" data-tab=\"2\" role=\"tab\" tabindex=\"-1\" aria-controls=\"elementor-tab-content-1832\" aria-expanded=\"false\">FORFAITS ET EXTRAS<\/div>\n\t\t\t\t\t<div id=\"elementor-tab-content-1832\" class=\"elementor-tab-content elementor-clearfix\" data-tab=\"2\" role=\"tabpanel\" aria-labelledby=\"elementor-tab-title-1832\" tabindex=\"0\" hidden=\"hidden\"><div class=\"desc\">\n<table style=\"border-collapse: collapse;\">\n<tbody>\n<tr>\n<td style=\"width: 37.037%;\"><img decoding=\"async\" class=\"alignnone size-full wp-image-15754\" src=\"https:\/\/demo.wpthemego.com\/projects\/blisshoian\/wp-content\/uploads\/2023\/12\/bliss-hoi-an-shuttlebus.jpg\" alt=\"\" width=\"2100\" height=\"1334\" srcset=\"https:\/\/blisshoianresort.com\/wp-content\/uploads\/2023\/12\/bliss-hoi-an-shuttlebus.jpg 2100w, https:\/\/blisshoianresort.com\/wp-content\/uploads\/2023\/12\/bliss-hoi-an-shuttlebus-300x191.jpg 300w, https:\/\/blisshoianresort.com\/wp-content\/uploads\/2023\/12\/bliss-hoi-an-shuttlebus-1024x650.jpg 1024w, https:\/\/blisshoianresort.com\/wp-content\/uploads\/2023\/12\/bliss-hoi-an-shuttlebus-768x488.jpg 768w, https:\/\/blisshoianresort.com\/wp-content\/uploads\/2023\/12\/bliss-hoi-an-shuttlebus-1536x976.jpg 1536w, https:\/\/blisshoianresort.com\/wp-content\/uploads\/2023\/12\/bliss-hoi-an-shuttlebus-2048x1301.jpg 2048w, https:\/\/blisshoianresort.com\/wp-content\/uploads\/2023\/12\/bliss-hoi-an-shuttlebus-1000x635.jpg 1000w\" sizes=\"(max-width: 2100px) 100vw, 2100px\" \/><\/td>\n<td style=\"width: 62.963%;\">\n<h3 class=\"title-product\"><span style=\"font-family: helvetica, arial, sans-serif;\">Navette<\/span><\/h3>\n<div class=\"desc\">\n<p style=\"text-align: justify;\"><strong><em>Explorez les merveilles enchanteresses de Visitez la vieille ville de Hoi An sans tracas gr\u00e2ce \u00e0 notre service de navette gratuit. Chez Bliss Hoi An, nous accordons la priorit\u00e9 \u00e0 votre confort et nous effor\u00e7ons de vous offrir une exp\u00e9rience de voyage fluide et agr\u00e9able.<\/em><\/strong><\/p>\n<p>Que vous souhaitiez explorer les march\u00e9s anim\u00e9s, savourer des sp\u00e9cialit\u00e9s locales ou vous promener dans les rues anciennes bord\u00e9es d&rsquo;une architecture charmante, notre navette gratuite vous transportera facilement vers et depuis la vieille ville de Hoi An, vous assurant ainsi suffisamment de temps pour vous immerger dans l&rsquo;ambiance unique de ce joyau culturel.<\/p>\n<p><strong>Hotline\u00a0:\u00a0<\/strong><a href=\"tel:842353874888\">+84 235 3874 888<\/a><\/p>\n<p><strong>E-mail\u00a0:\u00a0<\/strong><a href=\"mailto:reservation@blisshoianresort.com\">reservation@blisshoianresort.com<\/a><\/p>\n<\/div>\n<\/td>\n<\/tr>\n<\/tbody>\n<\/table>\n<\/div>\n<\/div>\n\t\t\t\t\t\t\t<\/div>\n\t\t<\/div>\n\t\t\t\t\t\t<\/div>\n\t\t\t\t<\/div>\n\t\t\t\t\t<\/div>\n\t\t<\/div>\n\t\t\t\t\t<\/div>\n\t\t<\/section>\n\t\t\t\t<\/div>\n\t\t","protected":false},"excerpt":{"rendered":"<p>R\u00e9servation CHAMBRES FORFAITS ET EXTRAS CHAMBRES FORFAITS ET EXTRAS Navette Explorez les merveilles enchanteresses de Visitez la vieille ville de Hoi An sans tracas gr\u00e2ce \u00e0 notre service de navette gratuit. Chez Bliss Hoi An, nous accordons la priorit\u00e9 \u00e0 &hellip; <a href=\"https:\/\/blisshoianresort.com\/fr\/reservation\/\">Readmore<\/a><\/p>\n","protected":false},"author":1,"featured_media":0,"parent":0,"menu_order":0,"comment_status":"closed","ping_status":"closed","template":"","meta":{"content-type":"","footnotes":""},"class_list":["post-22853","page","type-page","status-publish","hentry"],"_links":{"self":[{"href":"https:\/\/blisshoianresort.com\/fr\/wp-json\/wp\/v2\/pages\/22853","targetHints":{"allow":["GET"]}}],"collection":[{"href":"https:\/\/blisshoianresort.com\/fr\/wp-json\/wp\/v2\/pages"}],"about":[{"href":"https:\/\/blisshoianresort.com\/fr\/wp-json\/wp\/v2\/types\/page"}],"author":[{"embeddable":true,"href":"https:\/\/blisshoianresort.com\/fr\/wp-json\/wp\/v2\/users\/1"}],"replies":[{"embeddable":true,"href":"https:\/\/blisshoianresort.com\/fr\/wp-json\/wp\/v2\/comments?post=22853"}],"version-history":[{"count":1,"href":"https:\/\/blisshoianresort.com\/fr\/wp-json\/wp\/v2\/pages\/22853\/revisions"}],"predecessor-version":[{"id":22859,"href":"https:\/\/blisshoianresort.com\/fr\/wp-json\/wp\/v2\/pages\/22853\/revisions\/22859"}],"wp:attachment":[{"href":"https:\/\/blisshoianresort.com\/fr\/wp-json\/wp\/v2\/media?parent=22853"}],"curies":[{"name":"wp","href":"https:\/\/api.w.org\/{rel}","templated":true}]}}