{"id":22815,"date":"2023-12-21T08:31:23","date_gmt":"2023-12-21T08:31:23","guid":{"rendered":"https:\/\/blisshoianresort.com\/politique-de-confidentialite\/"},"modified":"2024-10-25T08:06:56","modified_gmt":"2024-10-25T08:06:56","slug":"politique-de-confidentialite","status":"publish","type":"page","link":"https:\/\/blisshoianresort.com\/fr\/politique-de-confidentialite\/","title":{"rendered":"politique de confidentialit\u00e9"},"content":{"rendered":"\t\t<div data-elementor-type=\"wp-page\" data-elementor-id=\"22815\" class=\"elementor elementor-22815 elementor-16005\" data-elementor-post-type=\"page\">\n\t\t\t\t\t\t<section class=\"elementor-section elementor-top-section elementor-element elementor-element-bbd5583 elementor-section-full_width elementor-section-height-default elementor-section-height-default\" data-id=\"bbd5583\" data-element_type=\"section\">\n\t\t\t\t\t\t<div class=\"elementor-container elementor-column-gap-default\">\n\t\t\t\t\t<div class=\"elementor-column elementor-col-100 elementor-top-column elementor-element elementor-element-bfdf8d2\" data-id=\"bfdf8d2\" data-element_type=\"column\">\n\t\t\t<div class=\"elementor-widget-wrap elementor-element-populated\">\n\t\t\t\t\t\t<section class=\"elementor-section elementor-inner-section elementor-element elementor-element-b8af8ef elementor-section-full_width elementor-section-height-default elementor-section-height-default\" data-id=\"b8af8ef\" data-element_type=\"section\">\n\t\t\t\t\t\t<div class=\"elementor-container elementor-column-gap-default\">\n\t\t\t\t\t<div class=\"elementor-column elementor-col-100 elementor-inner-column elementor-element elementor-element-28615b5\" data-id=\"28615b5\" data-element_type=\"column\">\n\t\t\t<div class=\"elementor-widget-wrap elementor-element-populated\">\n\t\t\t\t\t\t<div class=\"elementor-element elementor-element-512879c elementor-widget elementor-widget-image\" data-id=\"512879c\" data-element_type=\"widget\" data-widget_type=\"image.default\">\n\t\t\t\t<div class=\"elementor-widget-container\">\n\t\t\t\t\t\t\t\t\t\t\t\t\t\t\t<img fetchpriority=\"high\" decoding=\"async\" width=\"1920\" height=\"550\" src=\"https:\/\/blisshoianresort.com\/wp-content\/uploads\/2023\/11\/4321hoi_an_bliss_beach_resort_hoian_acient_town.jpg\" class=\"attachment-full size-full wp-image-14854\" alt=\"\" srcset=\"https:\/\/blisshoianresort.com\/wp-content\/uploads\/2023\/11\/4321hoi_an_bliss_beach_resort_hoian_acient_town.jpg 1920w, https:\/\/blisshoianresort.com\/wp-content\/uploads\/2023\/11\/4321hoi_an_bliss_beach_resort_hoian_acient_town-300x86.jpg 300w, https:\/\/blisshoianresort.com\/wp-content\/uploads\/2023\/11\/4321hoi_an_bliss_beach_resort_hoian_acient_town-1024x293.jpg 1024w, https:\/\/blisshoianresort.com\/wp-content\/uploads\/2023\/11\/4321hoi_an_bliss_beach_resort_hoian_acient_town-768x220.jpg 768w, https:\/\/blisshoianresort.com\/wp-content\/uploads\/2023\/11\/4321hoi_an_bliss_beach_resort_hoian_acient_town-1536x440.jpg 1536w, https:\/\/blisshoianresort.com\/wp-content\/uploads\/2023\/11\/4321hoi_an_bliss_beach_resort_hoian_acient_town-1000x286.jpg 1000w\" sizes=\"(max-width: 1920px) 100vw, 1920px\" \/>\t\t\t\t\t\t\t\t\t\t\t\t\t\t\t<\/div>\n\t\t\t\t<\/div>\n\t\t\t\t<section class=\"elementor-section elementor-inner-section elementor-element elementor-element-fdef6d1 elementor-section-boxed elementor-section-height-default elementor-section-height-default\" data-id=\"fdef6d1\" data-element_type=\"section\">\n\t\t\t\t\t\t<div class=\"elementor-container elementor-column-gap-default\">\n\t\t\t\t\t<div class=\"elementor-column elementor-col-100 elementor-inner-column elementor-element elementor-element-c64cf9c\" data-id=\"c64cf9c\" data-element_type=\"column\">\n\t\t\t<div class=\"elementor-widget-wrap elementor-element-populated\">\n\t\t\t\t\t\t<div class=\"elementor-element elementor-element-0c2cadf elementor-widget elementor-widget-heading\" data-id=\"0c2cadf\" data-element_type=\"widget\" data-widget_type=\"heading.default\">\n\t\t\t\t<div class=\"elementor-widget-container\">\n\t\t\t\t\t<h2 class=\"elementor-heading-title elementor-size-default\">politique de confidentialit\u00e9<\/h2>\t\t\t\t<\/div>\n\t\t\t\t<\/div>\n\t\t\t\t<div class=\"elementor-element elementor-element-2b80250 elementor-widget elementor-widget-text-editor\" data-id=\"2b80250\" data-element_type=\"widget\" data-widget_type=\"text-editor.default\">\n\t\t\t\t<div class=\"elementor-widget-container\">\n\t\t\t\t\t\t\t\t\t<p style=\"text-align: justifier;\"><span style=\"font-family: helvetica, arial, sans-serif; font-size: 12pt; color: #004c78;\">La protection de vos donn\u00e9es personnelles et l&rsquo;instauration d&rsquo;un climat de confiance est tr\u00e8s importante pour nous. Bliss Hoi An Beach Resort &amp; Wellness respecte et s&rsquo;engage \u00e0 pr\u00e9server la confidentialit\u00e9 des informations priv\u00e9es de ses clients. Veuillez lire la politique de confidentialit\u00e9 ci-dessous pour mieux comprendre les engagements que nous prenons pour respecter et prot\u00e9ger les droits de nos visiteurs.<\/span><\/p> <h2><span style=\"font-family: helvetica, arial , sans empattement\u00a0; taille de police\u00a0: 14\u00a0pts\u00a0; couleur\u00a0: #004c78;\"><b>1. Finalit\u00e9 et \u00e9tendue de la collection<\/b><\/span><\/h2> <p style=\"text-align: justifier;\"><span style=\"font-family: helvetica, arial, sans-serif; font- taille : 12pt; couleur : #004c78;\">La collecte de donn\u00e9es se fait principalement sur le site Internet de l&rsquo;entreprise, notamment : votre nom complet, votre adresse e-mail, votre t\u00e9l\u00e9phone, votre adresse. Il s&rsquo;agit des informations que l&rsquo;entreprise doit obligatoirement fournir lors de la soumission d&rsquo;une r\u00e9servation et pour que l&rsquo;entreprise vous contacte afin de confirmer avec vous sur le site Internet afin de garantir les droits des consommateurs. <\/p> <p style=\"text-align: justifier;\"><span style=\"font-family: helvetica, arial, sans-serif; font-size: 12pt; color: #004c78;\">Vous serez seul responsable de la s\u00e9curit\u00e9 et de la conservation de tous les services en vertu des informations que vous avez fournies et de votre bo\u00eete de r\u00e9ception e-mail. En outre, il est de votre responsabilit\u00e9 d&rsquo;informer rapidement le site Web de la soci\u00e9t\u00e9 de toute utilisation non autoris\u00e9e, d&rsquo;abus, de failles de s\u00e9curit\u00e9 et de conservation de noms d&rsquo;enregistrement et de mots de passe de tiers afin de prendre les mesures appropri\u00e9es.<\/span><\/p>\r\n<h2><span style=\"font-family: helvetica, arial, sans-serif; font-size: 14pt; color: #004c78;\"><b>2. Port\u00e9e de l&rsquo;utilisation des informations<\/b><\/span><\/h2>\r\n<p style=\"text-align: justify;\"><strong><span style=\"font-family: helvetica, arial, sans-serif; font-size: 12pt; color: #004c78;\">Fournies par la Soci\u00e9t\u00e9 \u00e0\u00a0:<\/span><\/strong><\/p>\r\n\r\n<ul>\r\n<li style=\"text-align: justify;\"><span style=\"font-family: helvetica, arial, sans-serif; font-size: 12pt; color: #004c78;\"><span style=\"font-family: helvetica, arial, sans-serif; font-size: 12pt; color: #004c78;\">Fournir des services et des informations via notre site Web \u00e0 la demande des clients.<\/span><\/span><\/li>\r\n<li style=\"text-align: justify;\"><span style=\"font-family: helvetica, arial, sans-serif; font-size: 12pt; color: #004c78;\"><span style=\"font-family: helvetica, arial, sans-serif; font-size: 12pt; color: #004c78;\">Notifier les activit\u00e9s de l&rsquo;entreprise, fournir des informations relatives aux services et au support client.<\/span><\/span><\/li>\r\n<li style=\"text-align: justify;\"><span style=\"font-family: helvetica, arial, sans-serif; font-size: 12pt; color: #004c78;\"><span style=\"font-family: helvetica, arial, sans-serif; font-size: 12pt; color: #004c78;\"><span style=\"font-family: helvetica, arial, sans-serif; font-size: 12pt; color: #004c78;\">Utilisez les informations fournies par les clients pour soutenir la gestion des clients, identifiez les donn\u00e9es d\u00e9mographiques des utilisateurs pour personnaliser la page Web afin de mieux r\u00e9pondre aux besoins des clients.<\/span><\/span><\/li>\r\n<li style=\"text-align: justify;\"><span style=\"font-family: helvetica, arial, sans-serif; font-size: 12pt; color: #004c78;\"><span style=\"font-family: helvetica, arial, sans-serif; font-size: 12pt; color: #004c78;\">Inscrivez-vous pour devenir membre du Resort.<\/span><\/span><\/li>\r\n<li style=\"text-align: justify;\"><span style=\"font-family: helvetica, arial, sans-serif; font-size: 12pt; color: #004c78;\"><span style=\"font-family: helvetica, arial, sans-serif; font-size: 12pt; color: #004c78;\">Vous aider \u00e0 planifier et \u00e0 r\u00e9server une chambre\/un service au Resort.<\/span><\/span><\/li>\r\n<li style=\"text-align: justify;\"><span style=\"font-family: helvetica, arial, sans-serif; font-size: 12pt; color: #004c78;\"><span style=\"font-family: helvetica, arial, sans-serif; font-size: 12pt; color: #004c78;\">Vous envoyer un e-mail concernant nos promotions ou programmes sp\u00e9ciaux.<\/span><\/span><\/li>\r\n<li style=\"text-align: justify;\"><span style=\"font-family: helvetica, arial, sans-serif; font-size: 12pt; color: #004c78;\"><span style=\"font-family: helvetica, arial, sans-serif; font-size: 12pt; color: #004c78;\">R\u00e9pondez \u00e0 vos questions ou suggestions.<\/span><\/span><\/li>\r\n<li style=\"text-align: justify;\"><span style=\"font-family: helvetica, arial, sans-serif; font-size: 12pt; color: #004c78;\"><span style=\"font-family: helvetica, arial, sans-serif; font-size: 12pt; color: #004c78;\">Am\u00e9liorez la qualit\u00e9 de votre visite sur notre site Web.<\/span><\/span><\/li>\r\n<li style=\"text-align: justify;\"><span style=\"font-family: helvetica, arial, sans-serif; font-size: 12pt; color: #004c78;\"><span style=\"font-family: helvetica, arial, sans-serif; font-size: 12pt; color: #004c78;\">Contacter et r\u00e9soudre avec vous dans des cas particuliers.<\/span><\/span><\/li>\r\n<li style=\"text-align: justify;\"><span style=\"font-family: helvetica, arial, sans-serif; font-size: 12pt; color: #004c78;\"><span style=\"font-family: helvetica, arial, sans-serif; font-size: 12pt; color: #004c78;\">N&rsquo;utilisez pas vos informations personnelles \u00e0 d&rsquo;autres fins que la confirmation et le contact li\u00e9s aux transactions sur le site soci\u00e9t\u00e9.<\/span><\/span><\/li>\r\n<li style=\"text-align: justify;\"><span style=\"font-family: helvetica, arial, sans-serif; font-size: 12pt; color: #004c78;\"><span style=\"font-family: helvetica, arial, sans-serif; font-size: 12pt; color: #004c78;\">\u00c0 la demande des autorit\u00e9s judiciaires, notamment : parquets, tribunaux, services de police enqu\u00eatant en lien avec certaines violations de la loi commises par vous.<\/span><\/span><\/li>\r\n<\/ul>\r\n<h2 style=\"text-align: justify;\"><strong><span style=\"font-family: helvetica, arial, sans-serif; font-size: 14pt; color: #004c78;\">3. Dur\u00e9e de conservation de vos donn\u00e9es personnelles<\/span><\/strong><\/h2>\r\n<p style=\"text-align: justify;\"><span style=\"font-family: helvetica, arial, sans-serif; font-size: 12pt; color: #004c78;\">Les informations relatives aux donn\u00e9es personnelles seront conserv\u00e9es jusqu&rsquo;\u00e0 ce que la direction demande leur annulation. Le reste de vos informations personnelles sera en tout cas s\u00e9curis\u00e9 sur les serveurs de la soci\u00e9t\u00e9.<\/span><\/p>\r\n\r\n<h2 style=\"text-align: justify;\"><strong><span style=\"font-family: helvetica, arial, sans-serif; font-size: 14pt; color: #004c78;\">4. Adresse de l&rsquo;unit\u00e9 de collecte et de gestion des informations personnelles de TROPICAL BEACH VILLAGE RESORT\u00a0 HOIAN\u00a0 CO., LTD.<\/span><\/strong><\/h2>\r\n<p style=\"text-align: justify;\"><span style=\"font-family: helvetica, arial, sans-serif; font-size: 12pt; color: #004c78;\">Certificat d&rsquo;enregistrement d&rsquo;entreprise num\u00e9ro. 4001011795 \u00e9mis par le D\u00e9partement de la planification et de l&rsquo;investissement de Quang Nam le 29 avril 2022.<\/span><\/p>\r\n<p style=\"text-align: justify;\"><span style=\"font-family: helvetica, arial, sans-serif; font-size: 12pt; color: #004c78;\"><strong>Adresse\u00a0:<\/strong> village de Tan An, commune de Binh Minh, district de Thang Binh, province de Quang Nam, Vietnam.<\/span><\/p>\r\n<p style=\"text-align: justify;\"><span style=\"font-family: helvetica, arial, sans-serif; font-size: 12pt; color: #004c78;\"><strong>Num\u00e9ro de t\u00e9l\u00e9phone\u00a0:<\/strong> <a href=\"tel:+842353874888\">+ 84 235 3874 888<\/a><\/span><span style=\"color: #000000;\"><span style=\"font-size: 16px;\">+84 912 060 558<\/span><\/span><\/p>\r\n<p style=\"text-align: justify;\"><span style=\"font-family: helvetica, arial, sans-serif; font-size: 12pt; color: #004c78;\"><strong>E-mail\u00a0:<\/strong><a href=\"mailto:info@blisshoianresort.com\"> info@blisshoianresort.com<\/a><\/span><\/p>\r\n\r\n<h2 style=\"text-align: justify;\"><strong><span style=\"font-family: helvetica, arial, sans-serif; font-size: 14pt; color: #004c78;\">5.Moyens et outils pour acc\u00e9der et modifier vos donn\u00e9es personnelles.<\/span><\/strong><\/h2>\r\n<p style=\"text-align: justify;\"><span style=\"font-family: helvetica, arial, sans-serif; font-size: 12pt; color: #004c78;\">Vous avez le droit de v\u00e9rifier, mettre \u00e0 jour, ajuster ou annuler vos informations personnelles en contactant la direction du site Web de la soci\u00e9t\u00e9 pour le faire.\r\n<\/span><\/p>\r\n<p style=\"text-align: justify;\"><span style=\"font-family: helvetica, arial, sans-serif; font-size: 12pt; color: #004c78;\">Vous avez le droit de d\u00e9poser une plainte concernant la fuite d&rsquo;informations personnelles aupr\u00e8s du conseil d&rsquo;administration du site Web de la soci\u00e9t\u00e9. Lors de la r\u00e9ception de ces commentaires, l&rsquo;entreprise confirmera les informations, dans le cas o\u00f9, selon votre niveau, l&rsquo;entreprise prendra des mesures en temps opportun.<\/span><\/p>\r\n\r\n<h2 style=\"text-align: justify;\"><strong><span style=\"font-family: helvetica, arial, sans-serif; font-size: 14pt; color: #004c78;\">6. Engagement envers la s\u00e9curit\u00e9 des clients<\/span><\/strong><\/h2>\r\n<p style=\"text-align: justify;\"><span style=\"font-family: helvetica, arial, sans-serif; font-size: 12pt; color: #004c78;\">&lsquo;Informations personnelles Vos informations personnelles sur le site Web sont engag\u00e9es \u00e0 une confidentialit\u00e9 absolue par l&rsquo;entreprise conform\u00e9ment \u00e0 la politique de protection des informations personnelles de l&rsquo;entreprise. La collecte et l&rsquo;utilisation des informations de chaque client ne seront effectu\u00e9es qu&rsquo;avec votre consentement, sauf dans les autres cas pr\u00e9vus par la loi.<\/span><\/p>\r\n<p style=\"text-align: justify;\"><span style=\"font-family: helvetica, arial, sans-serif; font-size: 12pt; color: #004c78;\">N&rsquo;utilisez pas, ne transf\u00e9rez pas, ne fournissez pas et ne divulguez pas \u00e0 des tiers vos informations personnelles sans votre consentement.<\/span><\/p>\r\n<p style=\"text-align: justify;\"><span style=\"font-family: helvetica, arial, sans-serif; font-size: 12pt; color: #004c78;\">En cas de piratage du serveur de stockage des informations entra\u00eenant la perte de vos donn\u00e9es personnelles, la soci\u00e9t\u00e9 sera responsable d&rsquo;informer les autorit\u00e9s charg\u00e9es de l&rsquo;enqu\u00eate du traitement en temps opportun et de vous en informer.<\/span><\/p>\r\n<p style=\"text-align: justify;\"><span style=\"font-family: helvetica, arial, sans-serif; font-size: 12pt; color: #004c78;\">La direction de la soci\u00e9t\u00e9 exige que les personnes qui s&rsquo;inscrivent\/ach\u00e8tent\/utilisent le service fournissent toutes les informations personnelles pertinentes telles que le nom complet, l&rsquo;adresse de contact, l&rsquo;e-mail, le t\u00e9l\u00e9phone,&#8230;, et assument la responsabilit\u00e9 de la l\u00e9galit\u00e9 des informations ci-dessus. <\/span><span style=\"font-family: helvetica, arial, sans-serif; font-size: 12pt; color: #004c78;\">La direction de la soci\u00e9t\u00e9 n&rsquo;est pas responsable et ne r\u00e9sout aucune plainte relative \u00e0 vos droits si elle consid\u00e8re que toutes vos informations personnelles fournies lors de l&rsquo;inscription initiale sont incorrectes.<\/span><\/p>\t\t\t\t\t\t\t\t<\/div>\n\t\t\t\t<\/div>\n\t\t\t\t\t<\/div>\n\t\t<\/div>\n\t\t\t\t\t<\/div>\n\t\t<\/section>\n\t\t\t\t\t<\/div>\n\t\t<\/div>\n\t\t\t\t\t<\/div>\n\t\t<\/section>\n\t\t\t\t\t<\/div>\n\t\t<\/div>\n\t\t\t\t\t<\/div>\n\t\t<\/section>\n\t\t\t\t<\/div>\n\t\t","protected":false},"excerpt":{"rendered":"<p>politique de confidentialit\u00e9 La protection de vos donn\u00e9es personnelles et l&rsquo;instauration d&rsquo;un climat de confiance est tr\u00e8s importante pour nous. Bliss Hoi An Beach Resort &amp; Wellness respecte et s&rsquo;engage \u00e0 pr\u00e9server la confidentialit\u00e9 des informations priv\u00e9es de ses clients. &hellip; <a href=\"https:\/\/blisshoianresort.com\/fr\/politique-de-confidentialite\/\">Readmore<\/a><\/p>\n","protected":false},"author":1,"featured_media":0,"parent":0,"menu_order":0,"comment_status":"closed","ping_status":"closed","template":"","meta":{"content-type":"","footnotes":""},"class_list":["post-22815","page","type-page","status-publish","hentry"],"_links":{"self":[{"href":"https:\/\/blisshoianresort.com\/fr\/wp-json\/wp\/v2\/pages\/22815","targetHints":{"allow":["GET"]}}],"collection":[{"href":"https:\/\/blisshoianresort.com\/fr\/wp-json\/wp\/v2\/pages"}],"about":[{"href":"https:\/\/blisshoianresort.com\/fr\/wp-json\/wp\/v2\/types\/page"}],"author":[{"embeddable":true,"href":"https:\/\/blisshoianresort.com\/fr\/wp-json\/wp\/v2\/users\/1"}],"replies":[{"embeddable":true,"href":"https:\/\/blisshoianresort.com\/fr\/wp-json\/wp\/v2\/comments?post=22815"}],"version-history":[{"count":1,"href":"https:\/\/blisshoianresort.com\/fr\/wp-json\/wp\/v2\/pages\/22815\/revisions"}],"predecessor-version":[{"id":22816,"href":"https:\/\/blisshoianresort.com\/fr\/wp-json\/wp\/v2\/pages\/22815\/revisions\/22816"}],"wp:attachment":[{"href":"https:\/\/blisshoianresort.com\/fr\/wp-json\/wp\/v2\/media?parent=22815"}],"curies":[{"name":"wp","href":"https:\/\/api.w.org\/{rel}","templated":true}]}}