{"id":22807,"date":"2022-04-15T03:13:26","date_gmt":"2022-04-15T03:13:26","guid":{"rendered":"https:\/\/blisshoianresort.com\/contactez-nous\/"},"modified":"2024-10-25T07:39:04","modified_gmt":"2024-10-25T07:39:04","slug":"contactez-nous","status":"publish","type":"page","link":"https:\/\/blisshoianresort.com\/fr\/contactez-nous\/","title":{"rendered":"Contactez-nous"},"content":{"rendered":"\t\t<div data-elementor-type=\"wp-page\" data-elementor-id=\"22807\" class=\"elementor elementor-22807 elementor-9984\" data-elementor-post-type=\"page\">\n\t\t\t\t\t\t<section class=\"elementor-section elementor-top-section elementor-element elementor-element-fd15485 elementor-section-full_width elementor-section-height-default elementor-section-height-default\" data-id=\"fd15485\" data-element_type=\"section\">\n\t\t\t\t\t\t<div class=\"elementor-container elementor-column-gap-default\">\n\t\t\t\t\t<div class=\"elementor-column elementor-col-100 elementor-top-column elementor-element elementor-element-62fe48a\" data-id=\"62fe48a\" data-element_type=\"column\">\n\t\t\t<div class=\"elementor-widget-wrap elementor-element-populated\">\n\t\t\t\t\t\t<div class=\"elementor-element elementor-element-19d9bb8 elementor-widget elementor-widget-image\" data-id=\"19d9bb8\" data-element_type=\"widget\" data-widget_type=\"image.default\">\n\t\t\t\t<div class=\"elementor-widget-container\">\n\t\t\t\t\t\t\t\t\t\t\t\t\t\t\t<img fetchpriority=\"high\" decoding=\"async\" width=\"2560\" height=\"550\" src=\"https:\/\/blisshoianresort.com\/wp-content\/uploads\/2023\/11\/accommodation_blisshoianresort.com_-scaled.jpg\" class=\"attachment-full size-full wp-image-14122\" alt=\"\" srcset=\"https:\/\/blisshoianresort.com\/wp-content\/uploads\/2023\/11\/accommodation_blisshoianresort.com_-scaled.jpg 2560w, https:\/\/blisshoianresort.com\/wp-content\/uploads\/2023\/11\/accommodation_blisshoianresort.com_-scaled-1000x215.jpg 1000w, https:\/\/blisshoianresort.com\/wp-content\/uploads\/2023\/11\/accommodation_blisshoianresort.com_-300x64.jpg 300w, https:\/\/blisshoianresort.com\/wp-content\/uploads\/2023\/11\/accommodation_blisshoianresort.com_-1024x220.jpg 1024w, https:\/\/blisshoianresort.com\/wp-content\/uploads\/2023\/11\/accommodation_blisshoianresort.com_-768x165.jpg 768w, https:\/\/blisshoianresort.com\/wp-content\/uploads\/2023\/11\/accommodation_blisshoianresort.com_-1536x330.jpg 1536w, https:\/\/blisshoianresort.com\/wp-content\/uploads\/2023\/11\/accommodation_blisshoianresort.com_-2048x440.jpg 2048w\" sizes=\"(max-width: 2560px) 100vw, 2560px\" \/>\t\t\t\t\t\t\t\t\t\t\t\t\t\t\t<\/div>\n\t\t\t\t<\/div>\n\t\t\t\t\t<\/div>\n\t\t<\/div>\n\t\t\t\t\t<\/div>\n\t\t<\/section>\n\t\t\t\t<section class=\"elementor-section elementor-top-section elementor-element elementor-element-4c64675 elementor-hidden-mobile elementor-section-boxed elementor-section-height-default elementor-section-height-default\" data-id=\"4c64675\" data-element_type=\"section\">\n\t\t\t\t\t\t<div class=\"elementor-container elementor-column-gap-default\">\n\t\t\t\t\t<div class=\"elementor-column elementor-col-100 elementor-top-column elementor-element elementor-element-085e5f6\" data-id=\"085e5f6\" data-element_type=\"column\" data-settings=\"{&quot;background_background&quot;:&quot;classic&quot;}\">\n\t\t\t<div class=\"elementor-widget-wrap elementor-element-populated\">\n\t\t\t\t\t\t<div class=\"elementor-element elementor-element-45988c0 elementor-absolute elementor-widget__width-initial elementor-button-align-stretch elementor-invisible elementor-widget elementor-widget-form\" data-id=\"45988c0\" data-element_type=\"widget\" data-settings=\"{&quot;button_width&quot;:&quot;33&quot;,&quot;step_next_label&quot;:&quot;Suivante&quot;,&quot;step_previous_label&quot;:&quot;Pr\\u00e9c\\u00e9dente&quot;,&quot;_position&quot;:&quot;absolute&quot;,&quot;_animation&quot;:&quot;fadeInUp&quot;,&quot;step_type&quot;:&quot;number_text&quot;,&quot;step_icon_shape&quot;:&quot;circle&quot;}\" data-widget_type=\"form.default\">\n\t\t\t\t<div class=\"elementor-widget-container\">\n\t\t\t\t\t\t\t<form class=\"elementor-form\" method=\"post\" name=\"Nouvelle forme\">\n\t\t\t<input type=\"hidden\" name=\"post_id\" value=\"22807\"\/>\n\t\t\t<input type=\"hidden\" name=\"form_id\" value=\"45988c0\"\/>\n\t\t\t<input type=\"hidden\" name=\"referer_title\" value=\"Best Beach Resort in Central\" \/>\n\n\t\t\t\n\t\t\t<div class=\"elementor-form-fields-wrapper elementor-labels-above\">\n\t\t\t\t\t\t\t\t<div class=\"elementor-field-type-date elementor-field-group elementor-column elementor-field-group-name elementor-col-33 elementor-field-required\">\n\t\t\t\t\t\n\t\t<input type=\"date\" name=\"form_fields[name]\" id=\"form-field-name\" class=\"elementor-field elementor-size-md  elementor-field-textual elementor-date-field\" placeholder=\"Enregistrement\" required=\"required\" pattern=\"[0-9]{4}-[0-9]{2}-[0-9]{2}\">\n\t\t\t\t\t\t<\/div>\n\t\t\t\t\t\t\t\t<div class=\"elementor-field-type-date elementor-field-group elementor-column elementor-field-group-field_6303859 elementor-col-33 elementor-field-required\">\n\t\t\t\t\t\n\t\t<input type=\"date\" name=\"form_fields[field_6303859]\" id=\"form-field-field_6303859\" class=\"elementor-field elementor-size-md  elementor-field-textual elementor-date-field\" placeholder=\"V\u00e9rifier\" required=\"required\" pattern=\"[0-9]{4}-[0-9]{2}-[0-9]{2}\">\n\t\t\t\t\t\t<\/div>\n\t\t\t\t\t\t\t\t<div class=\"elementor-field-group elementor-column elementor-field-type-submit elementor-col-33 e-form__buttons\">\n\t\t\t\t\t<button class=\"elementor-button elementor-size-md\" type=\"submit\">\n\t\t\t\t\t\t<span class=\"elementor-button-content-wrapper\">\n\t\t\t\t\t\t\t\t\t\t\t\t\t\t\t\t\t\t\t\t\t\t<span class=\"elementor-button-text\">V\u00e9rifiez maintenant<\/span>\n\t\t\t\t\t\t\t\t\t\t\t\t\t<\/span>\n\t\t\t\t\t<\/button>\n\t\t\t\t<\/div>\n\t\t\t<\/div>\n\t\t<\/form>\n\t\t\t\t\t\t<\/div>\n\t\t\t\t<\/div>\n\t\t\t\t\t<\/div>\n\t\t<\/div>\n\t\t\t\t\t<\/div>\n\t\t<\/section>\n\t\t\t\t<section class=\"elementor-section elementor-top-section elementor-element elementor-element-ed4a8a9 elementor-section-boxed elementor-section-height-default elementor-section-height-default\" data-id=\"ed4a8a9\" data-element_type=\"section\" data-settings=\"{&quot;background_background&quot;:&quot;classic&quot;}\">\n\t\t\t\t\t\t<div class=\"elementor-container elementor-column-gap-default\">\n\t\t\t\t\t<div class=\"elementor-column elementor-col-50 elementor-top-column elementor-element elementor-element-11732e4 elementor-invisible\" data-id=\"11732e4\" data-element_type=\"column\" data-settings=\"{&quot;animation&quot;:&quot;fadeInLeft&quot;}\">\n\t\t\t<div class=\"elementor-widget-wrap elementor-element-populated\">\n\t\t\t\t\t\t<div class=\"elementor-element elementor-element-8eb2b8b elementor-widget elementor-widget-heading\" data-id=\"8eb2b8b\" data-element_type=\"widget\" data-widget_type=\"heading.default\">\n\t\t\t\t<div class=\"elementor-widget-container\">\n\t\t\t\t\t<h4 class=\"elementor-heading-title elementor-size-default\">bliss hoi an beach resort &amp; wellness<\/h4>\t\t\t\t<\/div>\n\t\t\t\t<\/div>\n\t\t\t\t<div class=\"elementor-element elementor-element-2cbd6bf elementor-icon-list--layout-traditional elementor-list-item-link-full_width elementor-widget elementor-widget-icon-list\" data-id=\"2cbd6bf\" data-element_type=\"widget\" data-widget_type=\"icon-list.default\">\n\t\t\t\t<div class=\"elementor-widget-container\">\n\t\t\t\t\t\t\t<ul class=\"elementor-icon-list-items\">\n\t\t\t\t\t\t\t<li class=\"elementor-icon-list-item\">\n\t\t\t\t\t\t\t\t\t\t\t<span class=\"elementor-icon-list-icon\">\n\t\t\t\t\t\t\t<i aria-hidden=\"true\" class=\"fas fa-hotel\"><\/i>\t\t\t\t\t\t<\/span>\n\t\t\t\t\t\t\t\t\t\t<span class=\"elementor-icon-list-text\">Binh Minh Beach, Hoi An, Quang Nam, Vietnam<\/span>\n\t\t\t\t\t\t\t\t\t<\/li>\n\t\t\t\t\t\t\t\t<li class=\"elementor-icon-list-item\">\n\t\t\t\t\t\t\t\t\t\t\t<a href=\"tel:84912060558\">\n\n\t\t\t\t\t\t\t\t\t\t\t\t<span class=\"elementor-icon-list-icon\">\n\t\t\t\t\t\t\t<i aria-hidden=\"true\" class=\"fas fa-phone-alt\"><\/i>\t\t\t\t\t\t<\/span>\n\t\t\t\t\t\t\t\t\t\t<span class=\"elementor-icon-list-text\">Hotline: +84 912 060 558<\/span>\n\t\t\t\t\t\t\t\t\t\t\t<\/a>\n\t\t\t\t\t\t\t\t\t<\/li>\n\t\t\t\t\t\t\t\t<li class=\"elementor-icon-list-item\">\n\t\t\t\t\t\t\t\t\t\t\t<a href=\"tel:842353874888\">\n\n\t\t\t\t\t\t\t\t\t\t\t\t<span class=\"elementor-icon-list-icon\">\n\t\t\t\t\t\t\t<i aria-hidden=\"true\" class=\"fas fa-phone-volume\"><\/i>\t\t\t\t\t\t<\/span>\n\t\t\t\t\t\t\t\t\t\t<span class=\"elementor-icon-list-text\">Reception: + 84 235 3874 888<\/span>\n\t\t\t\t\t\t\t\t\t\t\t<\/a>\n\t\t\t\t\t\t\t\t\t<\/li>\n\t\t\t\t\t\t\t\t<li class=\"elementor-icon-list-item\">\n\t\t\t\t\t\t\t\t\t\t\t<a href=\"mailto:info@blisshoianresort.com\">\n\n\t\t\t\t\t\t\t\t\t\t\t\t<span class=\"elementor-icon-list-icon\">\n\t\t\t\t\t\t\t<i aria-hidden=\"true\" class=\"far fa-envelope\"><\/i>\t\t\t\t\t\t<\/span>\n\t\t\t\t\t\t\t\t\t\t<span class=\"elementor-icon-list-text\">Courriel : info@blisshoianresort.com<\/span>\n\t\t\t\t\t\t\t\t\t\t\t<\/a>\n\t\t\t\t\t\t\t\t\t<\/li>\n\t\t\t\t\t\t\t\t<li class=\"elementor-icon-list-item\">\n\t\t\t\t\t\t\t\t\t\t\t<span class=\"elementor-icon-list-icon\">\n\t\t\t\t\t\t\t<i aria-hidden=\"true\" class=\"fas fa-map-marker-alt\"><\/i>\t\t\t\t\t\t<\/span>\n\t\t\t\t\t\t\t\t\t\t<span class=\"elementor-icon-list-text\">Bureau de Hano\u00ef\u00a0: 87 Hoang Quoc Viet, Cau Giay, Ha Noi<\/span>\n\t\t\t\t\t\t\t\t\t<\/li>\n\t\t\t\t\t\t<\/ul>\n\t\t\t\t\t\t<\/div>\n\t\t\t\t<\/div>\n\t\t\t\t<div class=\"elementor-element elementor-element-524c562 elementor-widget elementor-widget-image\" data-id=\"524c562\" data-element_type=\"widget\" data-widget_type=\"image.default\">\n\t\t\t\t<div class=\"elementor-widget-container\">\n\t\t\t\t\t\t\t\t\t\t\t\t\t\t\t<img decoding=\"async\" width=\"1024\" height=\"894\" src=\"https:\/\/blisshoianresort.com\/wp-content\/uploads\/2023\/12\/lienhe_bliss_hoi_an-1024x894.jpg\" class=\"attachment-large size-large wp-image-16333\" alt=\"\" srcset=\"https:\/\/blisshoianresort.com\/wp-content\/uploads\/2023\/12\/lienhe_bliss_hoi_an-1024x894.jpg 1024w, https:\/\/blisshoianresort.com\/wp-content\/uploads\/2023\/12\/lienhe_bliss_hoi_an-300x262.jpg 300w, https:\/\/blisshoianresort.com\/wp-content\/uploads\/2023\/12\/lienhe_bliss_hoi_an-768x671.jpg 768w, https:\/\/blisshoianresort.com\/wp-content\/uploads\/2023\/12\/lienhe_bliss_hoi_an-1536x1341.jpg 1536w, https:\/\/blisshoianresort.com\/wp-content\/uploads\/2023\/12\/lienhe_bliss_hoi_an-2048x1788.jpg 2048w, https:\/\/blisshoianresort.com\/wp-content\/uploads\/2023\/12\/lienhe_bliss_hoi_an-1000x873.jpg 1000w\" sizes=\"(max-width: 1024px) 100vw, 1024px\" \/>\t\t\t\t\t\t\t\t\t\t\t\t\t\t\t<\/div>\n\t\t\t\t<\/div>\n\t\t\t\t\t<\/div>\n\t\t<\/div>\n\t\t\t\t<div class=\"elementor-column elementor-col-50 elementor-top-column elementor-element elementor-element-62dbb31 elementor-invisible\" data-id=\"62dbb31\" data-element_type=\"column\" data-settings=\"{&quot;animation&quot;:&quot;fadeInRight&quot;}\">\n\t\t\t<div class=\"elementor-widget-wrap elementor-element-populated\">\n\t\t\t\t\t\t<div class=\"elementor-element elementor-element-fe362c0 form-contact elementor-button-align-stretch elementor-widget elementor-widget-form\" data-id=\"fe362c0\" data-element_type=\"widget\" data-settings=\"{&quot;button_width&quot;:&quot;40&quot;,&quot;step_next_label&quot;:&quot;Suivante&quot;,&quot;step_previous_label&quot;:&quot;Pr\\u00e9c\\u00e9dente&quot;,&quot;button_width_tablet&quot;:&quot;70&quot;,&quot;step_type&quot;:&quot;number_text&quot;,&quot;step_icon_shape&quot;:&quot;circle&quot;}\" data-widget_type=\"form.default\">\n\t\t\t\t<div class=\"elementor-widget-container\">\n\t\t\t\t\t\t\t<form class=\"elementor-form\" method=\"post\" name=\"Formulaire \u00c0 propos de nous\">\n\t\t\t<input type=\"hidden\" name=\"post_id\" value=\"22807\"\/>\n\t\t\t<input type=\"hidden\" name=\"form_id\" value=\"fe362c0\"\/>\n\t\t\t<input type=\"hidden\" name=\"referer_title\" value=\"Best Beach Resort in Central\" \/>\n\n\t\t\t\n\t\t\t<div class=\"elementor-form-fields-wrapper elementor-labels-above\">\n\t\t\t\t\t\t\t\t<div class=\"elementor-field-type-text elementor-field-group elementor-column elementor-field-group-name elementor-col-100 elementor-field-required\">\n\t\t\t\t\t\t\t\t\t\t\t\t\t<input size=\"1\" type=\"text\" name=\"form_fields[name]\" id=\"form-field-name\" class=\"elementor-field elementor-size-md  elementor-field-textual\" placeholder=\"Nom\" required=\"required\">\n\t\t\t\t\t\t\t\t\t\t\t<\/div>\n\t\t\t\t\t\t\t\t<div class=\"elementor-field-type-tel elementor-field-group elementor-column elementor-field-group-field_b7bb52f elementor-col-100 elementor-field-required\">\n\t\t\t\t\t\t\t<input size=\"1\" type=\"tel\" name=\"form_fields[field_b7bb52f]\" id=\"form-field-field_b7bb52f\" class=\"elementor-field elementor-size-md  elementor-field-textual\" placeholder=\"T\u00e9l\u00e9phone\" required=\"required\" pattern=\"[0-9()#&amp;+*-=.]+\" title=\"Seuls les caract\u00e8res de num\u00e9ros de t\u00e9l\u00e9phone (#, -, *, etc.) sont accept\u00e9s.\">\n\n\t\t\t\t\t\t<\/div>\n\t\t\t\t\t\t\t\t<div class=\"elementor-field-type-email elementor-field-group elementor-column elementor-field-group-email elementor-col-100 elementor-field-required\">\n\t\t\t\t\t\t\t\t\t\t\t\t\t<input size=\"1\" type=\"email\" name=\"form_fields[email]\" id=\"form-field-email\" class=\"elementor-field elementor-size-md  elementor-field-textual\" placeholder=\"Adresse email\" required=\"required\">\n\t\t\t\t\t\t\t\t\t\t\t<\/div>\n\t\t\t\t\t\t\t\t<div class=\"elementor-field-type-text elementor-field-group elementor-column elementor-field-group-field_42a83f8 elementor-col-100 elementor-field-required\">\n\t\t\t\t\t\t\t\t\t\t\t\t\t<input size=\"1\" type=\"text\" name=\"form_fields[field_42a83f8]\" id=\"form-field-field_42a83f8\" class=\"elementor-field elementor-size-md  elementor-field-textual\" placeholder=\"Subjet\" required=\"required\">\n\t\t\t\t\t\t\t\t\t\t\t<\/div>\n\t\t\t\t\t\t\t\t<div class=\"elementor-field-type-textarea elementor-field-group elementor-column elementor-field-group-field_fb73692 elementor-col-100 elementor-field-required\">\n\t\t\t\t\t<textarea class=\"elementor-field-textual elementor-field  elementor-size-md\" name=\"form_fields[field_fb73692]\" id=\"form-field-field_fb73692\" rows=\"4\" placeholder=\"Comment pouvons-nous vous aider ? N&#039;h\u00e9sitez pas \u00e0 nous contacter !\" required=\"required\"><\/textarea>\t\t\t\t<\/div>\n\t\t\t\t\t\t\t\t<div class=\"elementor-field-group elementor-column elementor-field-type-submit elementor-col-40 e-form__buttons elementor-md-70\">\n\t\t\t\t\t<button class=\"elementor-button elementor-size-sm\" type=\"submit\">\n\t\t\t\t\t\t<span class=\"elementor-button-content-wrapper\">\n\t\t\t\t\t\t\t\t\t\t\t\t\t\t\t\t\t\t\t\t\t\t<span class=\"elementor-button-text\">Entrer en contact<\/span>\n\t\t\t\t\t\t\t\t\t\t\t\t\t<\/span>\n\t\t\t\t\t<\/button>\n\t\t\t\t<\/div>\n\t\t\t<\/div>\n\t\t<\/form>\n\t\t\t\t\t\t<\/div>\n\t\t\t\t<\/div>\n\t\t\t\t\t<\/div>\n\t\t<\/div>\n\t\t\t\t\t<\/div>\n\t\t<\/section>\n\t\t\t\t<section class=\"elementor-section elementor-top-section elementor-element elementor-element-ca42aa8 elementor-section-full_width elementor-section-height-default elementor-section-height-default\" data-id=\"ca42aa8\" data-element_type=\"section\">\n\t\t\t\t\t\t<div class=\"elementor-container elementor-column-gap-default\">\n\t\t\t\t\t<div class=\"elementor-column elementor-col-100 elementor-top-column elementor-element elementor-element-8ce5657\" data-id=\"8ce5657\" data-element_type=\"column\">\n\t\t\t<div class=\"elementor-widget-wrap elementor-element-populated\">\n\t\t\t\t\t\t<div class=\"elementor-element elementor-element-a93b5b7 elementor-widget elementor-widget-google_maps\" data-id=\"a93b5b7\" data-element_type=\"widget\" data-widget_type=\"google_maps.default\">\n\t\t\t\t<div class=\"elementor-widget-container\">\n\t\t\t\t\t\t\t<div class=\"elementor-custom-embed\">\n\t\t\t<iframe loading=\"lazy\"\n\t\t\t\t\tsrc=\"https:\/\/maps.google.com\/maps?q=Bliss%20Hoi%20An%20Beach%20Resort%20%26%20Wellness&#038;t=m&#038;z=13&#038;output=embed&#038;iwloc=near\"\n\t\t\t\t\ttitle=\"Bliss Hoi An Beach Resort &amp; Wellness\"\n\t\t\t\t\taria-label=\"Bliss Hoi An Beach Resort &amp; Wellness\"\n\t\t\t><\/iframe>\n\t\t<\/div>\n\t\t\t\t\t\t<\/div>\n\t\t\t\t<\/div>\n\t\t\t\t\t<\/div>\n\t\t<\/div>\n\t\t\t\t\t<\/div>\n\t\t<\/section>\n\t\t\t\t<\/div>\n\t\t","protected":false},"excerpt":{"rendered":"<p>bliss hoi an beach resort &#038; wellness Binh Minh Beach, Hoi An, Quang Nam, Vietnam Hotline: +84 912 060 558 Reception: + 84 235 3874 888 Courriel : info@blisshoianresort.com Bureau de Hano\u00ef\u00a0: 87 Hoang Quoc Viet, Cau Giay, Ha Noi<\/p>\n","protected":false},"author":1,"featured_media":0,"parent":0,"menu_order":0,"comment_status":"closed","ping_status":"closed","template":"","meta":{"content-type":"","footnotes":""},"class_list":["post-22807","page","type-page","status-publish","hentry"],"_links":{"self":[{"href":"https:\/\/blisshoianresort.com\/fr\/wp-json\/wp\/v2\/pages\/22807","targetHints":{"allow":["GET"]}}],"collection":[{"href":"https:\/\/blisshoianresort.com\/fr\/wp-json\/wp\/v2\/pages"}],"about":[{"href":"https:\/\/blisshoianresort.com\/fr\/wp-json\/wp\/v2\/types\/page"}],"author":[{"embeddable":true,"href":"https:\/\/blisshoianresort.com\/fr\/wp-json\/wp\/v2\/users\/1"}],"replies":[{"embeddable":true,"href":"https:\/\/blisshoianresort.com\/fr\/wp-json\/wp\/v2\/comments?post=22807"}],"version-history":[{"count":1,"href":"https:\/\/blisshoianresort.com\/fr\/wp-json\/wp\/v2\/pages\/22807\/revisions"}],"predecessor-version":[{"id":22808,"href":"https:\/\/blisshoianresort.com\/fr\/wp-json\/wp\/v2\/pages\/22807\/revisions\/22808"}],"wp:attachment":[{"href":"https:\/\/blisshoianresort.com\/fr\/wp-json\/wp\/v2\/media?parent=22807"}],"curies":[{"name":"wp","href":"https:\/\/api.w.org\/{rel}","templated":true}]}}