{"id":22783,"date":"2023-12-30T09:17:44","date_gmt":"2023-12-30T09:17:44","guid":{"rendered":"https:\/\/blisshoianresort.com\/bien-etre\/"},"modified":"2024-10-25T07:21:08","modified_gmt":"2024-10-25T07:21:08","slug":"bien-etre","status":"publish","type":"page","link":"https:\/\/blisshoianresort.com\/fr\/bien-etre\/","title":{"rendered":"Bien-\u00eatre"},"content":{"rendered":"\t\t<div data-elementor-type=\"wp-page\" data-elementor-id=\"22783\" class=\"elementor elementor-22783 elementor-16783\" data-elementor-post-type=\"page\">\n\t\t\t\t\t\t<section class=\"elementor-section elementor-top-section elementor-element elementor-element-b99ebab elementor-section-full_width elementor-section-height-default elementor-section-height-default\" data-id=\"b99ebab\" data-element_type=\"section\">\n\t\t\t\t\t\t<div class=\"elementor-container elementor-column-gap-default\">\n\t\t\t\t\t<div class=\"elementor-column elementor-col-100 elementor-top-column elementor-element elementor-element-c035a60\" data-id=\"c035a60\" data-element_type=\"column\">\n\t\t\t<div class=\"elementor-widget-wrap elementor-element-populated\">\n\t\t\t\t\t\t<div class=\"elementor-element elementor-element-54e7ba6 elementor-widget elementor-widget-image\" data-id=\"54e7ba6\" data-element_type=\"widget\" data-widget_type=\"image.default\">\n\t\t\t\t<div class=\"elementor-widget-container\">\n\t\t\t\t\t\t\t\t\t\t\t\t\t\t\t<img fetchpriority=\"high\" decoding=\"async\" width=\"2560\" height=\"550\" src=\"https:\/\/blisshoianresort.com\/wp-content\/uploads\/2023\/12\/wellness-center.jpg\" class=\"attachment-full size-full wp-image-16069\" alt=\"\" srcset=\"https:\/\/blisshoianresort.com\/wp-content\/uploads\/2023\/12\/wellness-center.jpg 2560w, https:\/\/blisshoianresort.com\/wp-content\/uploads\/2023\/12\/wellness-center-300x64.jpg 300w, https:\/\/blisshoianresort.com\/wp-content\/uploads\/2023\/12\/wellness-center-1024x220.jpg 1024w, https:\/\/blisshoianresort.com\/wp-content\/uploads\/2023\/12\/wellness-center-768x165.jpg 768w, https:\/\/blisshoianresort.com\/wp-content\/uploads\/2023\/12\/wellness-center-1536x330.jpg 1536w, https:\/\/blisshoianresort.com\/wp-content\/uploads\/2023\/12\/wellness-center-2048x440.jpg 2048w, https:\/\/blisshoianresort.com\/wp-content\/uploads\/2023\/12\/wellness-center-1000x215.jpg 1000w\" sizes=\"(max-width: 2560px) 100vw, 2560px\" \/>\t\t\t\t\t\t\t\t\t\t\t\t\t\t\t<\/div>\n\t\t\t\t<\/div>\n\t\t\t\t\t<\/div>\n\t\t<\/div>\n\t\t\t\t\t<\/div>\n\t\t<\/section>\n\t\t\t\t<section class=\"elementor-section elementor-top-section elementor-element elementor-element-794b7cd elementor-hidden-mobile elementor-section-boxed elementor-section-height-default elementor-section-height-default\" data-id=\"794b7cd\" data-element_type=\"section\">\n\t\t\t\t\t\t<div class=\"elementor-container elementor-column-gap-default\">\n\t\t\t\t\t<div class=\"elementor-column elementor-col-100 elementor-top-column elementor-element elementor-element-39d2e2a\" data-id=\"39d2e2a\" data-element_type=\"column\" data-settings=\"{&quot;background_background&quot;:&quot;classic&quot;}\">\n\t\t\t<div class=\"elementor-widget-wrap elementor-element-populated\">\n\t\t\t\t\t\t<div class=\"elementor-element elementor-element-540f78c elementor-widget elementor-widget-shortcode\" data-id=\"540f78c\" data-element_type=\"widget\" data-widget_type=\"shortcode.default\">\n\t\t\t\t<div class=\"elementor-widget-container\">\n\t\t\t\t\t\t\t<div class=\"elementor-shortcode\">\t\t<div data-elementor-type=\"section\" data-elementor-id=\"22851\" class=\"elementor elementor-22851 elementor-15093\" data-elementor-post-type=\"elementor_library\">\n\t\t\t\t\t<section class=\"elementor-section elementor-top-section elementor-element elementor-element-00b2eaa elementor-section-boxed elementor-section-height-default elementor-section-height-default\" data-id=\"00b2eaa\" data-element_type=\"section\">\n\t\t\t\t\t\t<div class=\"elementor-container elementor-column-gap-default\">\n\t\t\t\t\t<div class=\"elementor-column elementor-col-100 elementor-top-column elementor-element elementor-element-7a15253\" data-id=\"7a15253\" data-element_type=\"column\" data-settings=\"{&quot;background_background&quot;:&quot;classic&quot;}\">\n\t\t\t<div class=\"elementor-widget-wrap elementor-element-populated\">\n\t\t\t\t\t\t<div class=\"elementor-element elementor-element-43a07c7 elementor-absolute form-check-date elementor-hidden-mobile elementor-widget__width-initial elementor-button-align-stretch elementor-invisible elementor-widget elementor-widget-form\" data-id=\"43a07c7\" data-element_type=\"widget\" data-settings=\"{&quot;button_width&quot;:&quot;33&quot;,&quot;step_next_label&quot;:&quot;Suivante&quot;,&quot;step_previous_label&quot;:&quot;Pr\\u00e9c\\u00e9dente&quot;,&quot;_position&quot;:&quot;absolute&quot;,&quot;_animation&quot;:&quot;fadeInUp&quot;,&quot;step_type&quot;:&quot;number_text&quot;,&quot;step_icon_shape&quot;:&quot;circle&quot;}\" data-widget_type=\"form.default\">\n\t\t\t\t<div class=\"elementor-widget-container\">\n\t\t\t\t\t\t\t<form class=\"elementor-form\" method=\"post\" name=\"Nouvelle forme\">\n\t\t\t<input type=\"hidden\" name=\"post_id\" value=\"22851\"\/>\n\t\t\t<input type=\"hidden\" name=\"form_id\" value=\"43a07c7\"\/>\n\t\t\t<input type=\"hidden\" name=\"referer_title\" value=\"Durabilit\u00e9 &#x2d; Best Beach Resort in Central\" \/>\n\n\t\t\t\t\t\t\t<input type=\"hidden\" name=\"queried_id\" value=\"22785\"\/>\n\t\t\t\n\t\t\t<div class=\"elementor-form-fields-wrapper elementor-labels-above\">\n\t\t\t\t\t\t\t\t<div class=\"elementor-field-type-date elementor-field-group elementor-column elementor-field-group-check_in elementor-col-33\">\n\t\t\t\t\t\n\t\t<input type=\"date\" name=\"form_fields[check_in]\" id=\"form-field-check_in\" class=\"elementor-field elementor-size-md  elementor-field-textual elementor-date-field\" placeholder=\"Enregistrement\" pattern=\"[0-9]{4}-[0-9]{2}-[0-9]{2}\">\n\t\t\t\t\t\t<\/div>\n\t\t\t\t\t\t\t\t<div class=\"elementor-field-type-date elementor-field-group elementor-column elementor-field-group-check_out elementor-col-33\">\n\t\t\t\t\t\n\t\t<input type=\"date\" name=\"form_fields[check_out]\" id=\"form-field-check_out\" class=\"elementor-field elementor-size-md  elementor-field-textual elementor-date-field\" placeholder=\"V\u00e9rifier\" pattern=\"[0-9]{4}-[0-9]{2}-[0-9]{2}\">\n\t\t\t\t\t\t<\/div>\n\t\t\t\t\t\t\t\t<div class=\"elementor-field-group elementor-column elementor-field-type-submit elementor-col-33 e-form__buttons\">\n\t\t\t\t\t<button class=\"elementor-button elementor-size-md\" type=\"submit\">\n\t\t\t\t\t\t<span class=\"elementor-button-content-wrapper\">\n\t\t\t\t\t\t\t\t\t\t\t\t\t\t\t\t\t\t\t\t\t\t<span class=\"elementor-button-text\">V\u00e9rifiez maintenant<\/span>\n\t\t\t\t\t\t\t\t\t\t\t\t\t<\/span>\n\t\t\t\t\t<\/button>\n\t\t\t\t<\/div>\n\t\t\t<\/div>\n\t\t<\/form>\n\t\t\t\t\t\t<\/div>\n\t\t\t\t<\/div>\n\t\t\t\t\t<\/div>\n\t\t<\/div>\n\t\t\t\t\t<\/div>\n\t\t<\/section>\n\t\t\t\t<\/div>\n\t\t<\/div>\n\t\t\t\t\t\t<\/div>\n\t\t\t\t<\/div>\n\t\t\t\t\t<\/div>\n\t\t<\/div>\n\t\t\t\t\t<\/div>\n\t\t<\/section>\n\t\t\t\t<section class=\"elementor-section elementor-top-section elementor-element elementor-element-fc49836 elementor-section-boxed elementor-section-height-default elementor-section-height-default\" data-id=\"fc49836\" data-element_type=\"section\" data-settings=\"{&quot;background_background&quot;:&quot;classic&quot;}\">\n\t\t\t\t\t\t<div class=\"elementor-container elementor-column-gap-default\">\n\t\t\t\t\t<div class=\"elementor-column elementor-col-100 elementor-top-column elementor-element elementor-element-ee812f6\" data-id=\"ee812f6\" data-element_type=\"column\" data-settings=\"{&quot;background_background&quot;:&quot;classic&quot;}\">\n\t\t\t<div class=\"elementor-widget-wrap elementor-element-populated\">\n\t\t\t\t\t\t<section class=\"elementor-section elementor-inner-section elementor-element elementor-element-cd5d910 elementor-section-boxed elementor-section-height-default elementor-section-height-default\" data-id=\"cd5d910\" data-element_type=\"section\" data-settings=\"{&quot;background_background&quot;:&quot;classic&quot;}\">\n\t\t\t\t\t\t<div class=\"elementor-container elementor-column-gap-default\">\n\t\t\t\t\t<div class=\"elementor-column elementor-col-50 elementor-inner-column elementor-element elementor-element-575bd75\" data-id=\"575bd75\" data-element_type=\"column\" data-settings=\"{&quot;background_background&quot;:&quot;classic&quot;}\">\n\t\t\t<div class=\"elementor-widget-wrap elementor-element-populated\">\n\t\t\t\t\t\t<div class=\"elementor-element elementor-element-ea2270f elementor-widget elementor-widget-heading\" data-id=\"ea2270f\" data-element_type=\"widget\" data-widget_type=\"heading.default\">\n\t\t\t\t<div class=\"elementor-widget-container\">\n\t\t\t\t\t<h3 class=\"elementor-heading-title elementor-size-default\"><a href=\"https:\/\/ngoclinhspa.com\/\">Spa Ngoc Linh<\/a><\/h3>\t\t\t\t<\/div>\n\t\t\t\t<\/div>\n\t\t\t\t<div class=\"elementor-element elementor-element-134f927 elementor-widget-divider--view-line elementor-widget elementor-widget-divider\" data-id=\"134f927\" data-element_type=\"widget\" data-widget_type=\"divider.default\">\n\t\t\t\t<div class=\"elementor-widget-container\">\n\t\t\t\t\t\t\t<div class=\"elementor-divider\">\n\t\t\t<span class=\"elementor-divider-separator\">\n\t\t\t\t\t\t<\/span>\n\t\t<\/div>\n\t\t\t\t\t\t<\/div>\n\t\t\t\t<\/div>\n\t\t\t\t<div class=\"elementor-element elementor-element-96c630e elementor-widget elementor-widget-heading\" data-id=\"96c630e\" data-element_type=\"widget\" data-widget_type=\"heading.default\">\n\t\t\t\t<div class=\"elementor-widget-container\">\n\t\t\t\t\t<h2 class=\"elementor-heading-title elementor-size-default\">D\u00e9couvrez les soins holistiques signatures du spa Ngoc Linh. Chaque s\u00e9ance de promotion de la sant\u00e9 s'inspire de traditions s\u00e9culaires d'\u00e9quilibrage du corps et de l'esprit. Laissez nos th\u00e9rapeutes chevronn\u00e9s ajouter un peu plus de paix et de confort \u00e0 votre voyage.<\/h2>\t\t\t\t<\/div>\n\t\t\t\t<\/div>\n\t\t\t\t<div class=\"elementor-element elementor-element-5153f56 elementor-widget elementor-widget-heading\" data-id=\"5153f56\" data-element_type=\"widget\" data-widget_type=\"heading.default\">\n\t\t\t\t<div class=\"elementor-widget-container\">\n\t\t\t\t\t<h2 class=\"elementor-heading-title elementor-size-default\"><b>Horaires d'ouverture : <\/b>9h00 \u2013 22h00<\/h2>\t\t\t\t<\/div>\n\t\t\t\t<\/div>\n\t\t\t\t<div class=\"elementor-element elementor-element-4bcf892 elementor-widget elementor-widget-heading\" data-id=\"4bcf892\" data-element_type=\"widget\" data-widget_type=\"heading.default\">\n\t\t\t\t<div class=\"elementor-widget-container\">\n\t\t\t\t\t<h2 class=\"elementor-heading-title elementor-size-default\"><a href=\"tel:842353874888\"><b>Ligne directe\u00a0:<\/b> +84 235 3874 888<\/a><\/h2>\t\t\t\t<\/div>\n\t\t\t\t<\/div>\n\t\t\t\t<div class=\"elementor-element elementor-element-39a7b15 elementor-widget elementor-widget-heading\" data-id=\"39a7b15\" data-element_type=\"widget\" data-widget_type=\"heading.default\">\n\t\t\t\t<div class=\"elementor-widget-container\">\n\t\t\t\t\t<h2 class=\"elementor-heading-title elementor-size-default\"><a href=\"mailto:reservation@blisshoianresort.com\"><b>Courriel\u00a0:<\/b> reservation@blisshoianresort.com<\/a><\/h2>\t\t\t\t<\/div>\n\t\t\t\t<\/div>\n\t\t\t\t\t<\/div>\n\t\t<\/div>\n\t\t\t\t<div class=\"elementor-column elementor-col-50 elementor-inner-column elementor-element elementor-element-4c58234\" data-id=\"4c58234\" data-element_type=\"column\">\n\t\t\t<div class=\"elementor-widget-wrap elementor-element-populated\">\n\t\t\t\t\t\t<div class=\"elementor-element elementor-element-b30a146 elementor-widget elementor-widget-shortcode\" data-id=\"b30a146\" data-element_type=\"widget\" data-widget_type=\"shortcode.default\">\n\t\t\t\t<div class=\"elementor-widget-container\">\n\t\t\t\t\t\t\t<div class=\"elementor-shortcode\"><div class=\"foogallery foogallery-container foogallery-carousel foogallery-lightbox-foogallery fg-carousel-hide-nav-arrows fg-carousel-hide-pagination fg-carousel fg-light fg-loading-default fg-loaded-fade-in fg-hover-scale fg-hover-fade fg-ready\" id=\"foogallery-gallery-16929\" data-foogallery=\"{&quot;item&quot;:{&quot;showCaptionTitle&quot;:true,&quot;showCaptionDescription&quot;:true},&quot;lazy&quot;:true,&quot;template&quot;:{&quot;maxItems&quot;:8,&quot;scale&quot;:0.12,&quot;gutter&quot;:{&quot;min&quot;:-40,&quot;max&quot;:-20,&quot;unit&quot;:&quot;%&quot;},&quot;autoplay&quot;:{&quot;time&quot;:0,&quot;interaction&quot;:&quot;pause&quot;},&quot;centerOnClick&quot;:true}}\" data-foogallery-lightbox=\"{&quot;thumbs&quot;:&quot;bottom&quot;,&quot;thumbsCaptions&quot;:false,&quot;thumbsBestFit&quot;:false,&quot;thumbsSmall&quot;:false,&quot;thumbsCaptionsAlign&quot;:&quot;default&quot;,&quot;info&quot;:&quot;bottom&quot;,&quot;infoVisible&quot;:true,&quot;infoOverlay&quot;:true,&quot;infoAlign&quot;:&quot;default&quot;,&quot;transition&quot;:&quot;fade&quot;,&quot;hoverButtons&quot;:false,&quot;fitMedia&quot;:false,&quot;noScrollbars&quot;:true,&quot;preserveButtonSpace&quot;:true,&quot;buttons&quot;:{&quot;fullscreen&quot;:true,&quot;info&quot;:true,&quot;thumbs&quot;:false},&quot;video&quot;:{&quot;autoPlay&quot;:true}}\" >\n\t<button type=\"button\" class=\"fg-carousel-prev\"><\/button>\n\t<div class=\"fg-carousel-inner\">\n\t\t<div class=\"fg-carousel-center\"><\/div>\n\t\t<div class=\"fg-item fg-type-image fg-idle\"><figure class=\"fg-item-inner\"><a href=\"https:\/\/blisshoianresort.com\/wp-content\/uploads\/2023\/12\/Ngoc_Linh_Spa_Bliss_HoiAn_Beach_Resort_Wellness_2-scaled.webp\" data-attachment-id=\"16937\" data-e-disable-page-transition=\"true\" data-type=\"image\" class=\"fg-thumb\"><span class=\"fg-image-wrap\"><img decoding=\"async\" width=\"878\" height=\"492\" class=\"skip-lazy fg-image\" data-src-fg=\"https:\/\/blisshoianresort.com\/wp-content\/uploads\/cache\/2023\/12\/Ngoc_Linh_Spa_Bliss_HoiAn_Beach_Resort_Wellness_2-scaled\/2677169404.webp\" src=\"data:image\/svg+xml,%3Csvg%20xmlns%3D%22http%3A%2F%2Fwww.w3.org%2F2000%2Fsvg%22%20width%3D%22878%22%20height%3D%22492%22%20viewBox%3D%220%200%20878%20492%22%3E%3C%2Fsvg%3E\" loading=\"eager\"><\/span><span class=\"fg-image-overlay\"><\/span><\/a><figcaption class=\"fg-caption\"><div class=\"fg-caption-inner\"><\/div><\/figcaption><\/figure><div class=\"fg-loader\"><\/div><\/div><div class=\"fg-item fg-type-image fg-idle\"><figure class=\"fg-item-inner\"><a href=\"https:\/\/blisshoianresort.com\/wp-content\/uploads\/2023\/12\/ngoc_linh_spa_blis_hoian_beach_resort_n_wellness.webp\" data-attachment-id=\"16933\" data-e-disable-page-transition=\"true\" data-type=\"image\" class=\"fg-thumb\"><span class=\"fg-image-wrap\"><img decoding=\"async\" width=\"878\" height=\"492\" class=\"skip-lazy fg-image\" data-src-fg=\"https:\/\/blisshoianresort.com\/wp-content\/uploads\/cache\/2023\/12\/ngoc_linh_spa_blis_hoian_beach_resort_n_wellness\/1159506409.webp\" src=\"data:image\/svg+xml,%3Csvg%20xmlns%3D%22http%3A%2F%2Fwww.w3.org%2F2000%2Fsvg%22%20width%3D%22878%22%20height%3D%22492%22%20viewBox%3D%220%200%20878%20492%22%3E%3C%2Fsvg%3E\" loading=\"eager\"><\/span><span class=\"fg-image-overlay\"><\/span><\/a><figcaption class=\"fg-caption\"><div class=\"fg-caption-inner\"><\/div><\/figcaption><\/figure><div class=\"fg-loader\"><\/div><\/div><div class=\"fg-item fg-type-image fg-idle\"><figure class=\"fg-item-inner\"><a href=\"https:\/\/blisshoianresort.com\/wp-content\/uploads\/2023\/12\/Ngoc_Linh_Spa_Bliss_HoiAn_Beach_Resort_Wellness_1-scaled.webp\" data-attachment-id=\"16935\" data-e-disable-page-transition=\"true\" data-type=\"image\" class=\"fg-thumb\"><span class=\"fg-image-wrap\"><img decoding=\"async\" width=\"878\" height=\"492\" class=\"skip-lazy fg-image\" data-src-fg=\"https:\/\/blisshoianresort.com\/wp-content\/uploads\/cache\/2023\/12\/Ngoc_Linh_Spa_Bliss_HoiAn_Beach_Resort_Wellness_1-scaled\/2761327908.webp\" src=\"data:image\/svg+xml,%3Csvg%20xmlns%3D%22http%3A%2F%2Fwww.w3.org%2F2000%2Fsvg%22%20width%3D%22878%22%20height%3D%22492%22%20viewBox%3D%220%200%20878%20492%22%3E%3C%2Fsvg%3E\" loading=\"eager\"><\/span><span class=\"fg-image-overlay\"><\/span><\/a><figcaption class=\"fg-caption\"><div class=\"fg-caption-inner\"><\/div><\/figcaption><\/figure><div class=\"fg-loader\"><\/div><\/div><div class=\"fg-item fg-type-image fg-idle\"><figure class=\"fg-item-inner\"><a href=\"https:\/\/blisshoianresort.com\/wp-content\/uploads\/2023\/12\/Bliss_HoiAn_Beach_Resort_restspa-7.webp\" data-attachment-id=\"16931\" data-e-disable-page-transition=\"true\" data-type=\"image\" class=\"fg-thumb\"><span class=\"fg-image-wrap\"><img decoding=\"async\" width=\"878\" height=\"492\" class=\"skip-lazy fg-image\" data-src-fg=\"https:\/\/blisshoianresort.com\/wp-content\/uploads\/cache\/2023\/12\/Bliss_HoiAn_Beach_Resort_restspa-7\/4116295709.webp\" src=\"data:image\/svg+xml,%3Csvg%20xmlns%3D%22http%3A%2F%2Fwww.w3.org%2F2000%2Fsvg%22%20width%3D%22878%22%20height%3D%22492%22%20viewBox%3D%220%200%20878%20492%22%3E%3C%2Fsvg%3E\" loading=\"eager\"><\/span><span class=\"fg-image-overlay\"><\/span><\/a><figcaption class=\"fg-caption\"><div class=\"fg-caption-inner\"><\/div><\/figcaption><\/figure><div class=\"fg-loader\"><\/div><\/div><div class=\"fg-item fg-type-image fg-idle\"><figure class=\"fg-item-inner\"><a href=\"https:\/\/blisshoianresort.com\/wp-content\/uploads\/2023\/12\/Ngoc_Linh_Spa_Bliss_HoiAn_Beach_Resort_Wellness_5-scaled.webp\" data-attachment-id=\"16943\" data-e-disable-page-transition=\"true\" data-type=\"image\" class=\"fg-thumb\"><span class=\"fg-image-wrap\"><img decoding=\"async\" width=\"878\" height=\"492\" class=\"skip-lazy fg-image\" data-src-fg=\"https:\/\/blisshoianresort.com\/wp-content\/uploads\/cache\/2023\/12\/Ngoc_Linh_Spa_Bliss_HoiAn_Beach_Resort_Wellness_5-scaled\/358417449.webp\" src=\"data:image\/svg+xml,%3Csvg%20xmlns%3D%22http%3A%2F%2Fwww.w3.org%2F2000%2Fsvg%22%20width%3D%22878%22%20height%3D%22492%22%20viewBox%3D%220%200%20878%20492%22%3E%3C%2Fsvg%3E\" loading=\"eager\"><\/span><span class=\"fg-image-overlay\"><\/span><\/a><figcaption class=\"fg-caption\"><div class=\"fg-caption-inner\"><\/div><\/figcaption><\/figure><div class=\"fg-loader\"><\/div><\/div><div class=\"fg-item fg-type-image fg-idle\"><figure class=\"fg-item-inner\"><a href=\"https:\/\/blisshoianresort.com\/wp-content\/uploads\/2023\/12\/Ngoc_Linh_Spa_Bliss_HoiAn_Beach_Resort_Wellness_3-scaled.webp\" data-attachment-id=\"16939\" data-e-disable-page-transition=\"true\" data-type=\"image\" class=\"fg-thumb\"><span class=\"fg-image-wrap\"><img decoding=\"async\" width=\"878\" height=\"492\" class=\"skip-lazy fg-image\" data-src-fg=\"https:\/\/blisshoianresort.com\/wp-content\/uploads\/cache\/2023\/12\/Ngoc_Linh_Spa_Bliss_HoiAn_Beach_Resort_Wellness_3-scaled\/1283605878.webp\" src=\"data:image\/svg+xml,%3Csvg%20xmlns%3D%22http%3A%2F%2Fwww.w3.org%2F2000%2Fsvg%22%20width%3D%22878%22%20height%3D%22492%22%20viewBox%3D%220%200%20878%20492%22%3E%3C%2Fsvg%3E\" loading=\"eager\"><\/span><span class=\"fg-image-overlay\"><\/span><\/a><figcaption class=\"fg-caption\"><div class=\"fg-caption-inner\"><\/div><\/figcaption><\/figure><div class=\"fg-loader\"><\/div><\/div><div class=\"fg-item fg-type-image fg-idle\"><figure class=\"fg-item-inner\"><a href=\"https:\/\/blisshoianresort.com\/wp-content\/uploads\/2023\/12\/Ngoc_Linh_Spa_Bliss_HoiAn_Beach_Resort_Wellness_4-scaled.webp\" data-attachment-id=\"16941\" data-e-disable-page-transition=\"true\" data-type=\"image\" class=\"fg-thumb\"><span class=\"fg-image-wrap\"><img decoding=\"async\" width=\"878\" height=\"492\" class=\"skip-lazy fg-image\" data-src-fg=\"https:\/\/blisshoianresort.com\/wp-content\/uploads\/cache\/2023\/12\/Ngoc_Linh_Spa_Bliss_HoiAn_Beach_Resort_Wellness_4-scaled\/1144731887.webp\" src=\"data:image\/svg+xml,%3Csvg%20xmlns%3D%22http%3A%2F%2Fwww.w3.org%2F2000%2Fsvg%22%20width%3D%22878%22%20height%3D%22492%22%20viewBox%3D%220%200%20878%20492%22%3E%3C%2Fsvg%3E\" loading=\"eager\"><\/span><span class=\"fg-image-overlay\"><\/span><\/a><figcaption class=\"fg-caption\"><div class=\"fg-caption-inner\"><\/div><\/figcaption><\/figure><div class=\"fg-loader\"><\/div><\/div><div class=\"fg-item fg-type-image fg-idle\"><figure class=\"fg-item-inner\"><a href=\"https:\/\/blisshoianresort.com\/wp-content\/uploads\/2023\/12\/Ngoc_Linh_Spa_Bliss_HoiAn_Beach_Resort_Wellness_7.webp\" data-attachment-id=\"16945\" data-e-disable-page-transition=\"true\" data-type=\"image\" class=\"fg-thumb\"><span class=\"fg-image-wrap\"><img decoding=\"async\" width=\"878\" height=\"492\" class=\"skip-lazy fg-image\" data-src-fg=\"https:\/\/blisshoianresort.com\/wp-content\/uploads\/cache\/2023\/12\/Ngoc_Linh_Spa_Bliss_HoiAn_Beach_Resort_Wellness_7\/2263268324.webp\" src=\"data:image\/svg+xml,%3Csvg%20xmlns%3D%22http%3A%2F%2Fwww.w3.org%2F2000%2Fsvg%22%20width%3D%22878%22%20height%3D%22492%22%20viewBox%3D%220%200%20878%20492%22%3E%3C%2Fsvg%3E\" loading=\"eager\"><\/span><span class=\"fg-image-overlay\"><\/span><\/a><figcaption class=\"fg-caption\"><div class=\"fg-caption-inner\"><\/div><\/figcaption><\/figure><div class=\"fg-loader\"><\/div><\/div>\t<\/div>\n\t<div class=\"fg-carousel-bottom\"><\/div>\n\t<div class=\"fg-carousel-progress\"><\/div>\n\t<button type=\"button\" class=\"fg-carousel-next\"><\/button>\n<\/div><\/div>\n\t\t\t\t\t\t<\/div>\n\t\t\t\t<\/div>\n\t\t\t\t\t<\/div>\n\t\t<\/div>\n\t\t\t\t\t<\/div>\n\t\t<\/section>\n\t\t\t\t\t<\/div>\n\t\t<\/div>\n\t\t\t\t\t<\/div>\n\t\t<\/section>\n\t\t\t\t<section class=\"elementor-section elementor-top-section elementor-element elementor-element-f114ba9 elementor-section-boxed elementor-section-height-default elementor-section-height-default\" data-id=\"f114ba9\" data-element_type=\"section\">\n\t\t\t\t\t\t<div class=\"elementor-container elementor-column-gap-default\">\n\t\t\t\t\t<div class=\"elementor-column elementor-col-100 elementor-top-column elementor-element elementor-element-e6efe4b\" data-id=\"e6efe4b\" data-element_type=\"column\">\n\t\t\t<div class=\"elementor-widget-wrap elementor-element-populated\">\n\t\t\t\t\t\t<div class=\"elementor-element elementor-element-87d37b2 elementor-widget elementor-widget-image\" data-id=\"87d37b2\" data-element_type=\"widget\" data-widget_type=\"image.default\">\n\t\t\t\t<div class=\"elementor-widget-container\">\n\t\t\t\t\t\t\t\t\t\t\t\t\t\t\t\t<a href=\"https:\/\/blisshoianresort.com\/reservation\/\">\n\t\t\t\t\t\t\t<img decoding=\"async\" width=\"1454\" height=\"183\" src=\"https:\/\/blisshoianresort.com\/wp-content\/uploads\/2023\/11\/Banner_Special_Offers_English.webp\" class=\"elementor-animation-wobble-top attachment-full size-full wp-image-16678\" alt=\"\" \/>\t\t\t\t\t\t\t\t<\/a>\n\t\t\t\t\t\t\t\t\t\t\t\t\t\t\t<\/div>\n\t\t\t\t<\/div>\n\t\t\t\t\t<\/div>\n\t\t<\/div>\n\t\t\t\t\t<\/div>\n\t\t<\/section>\n\t\t\t\t<\/div>\n\t\t","protected":false},"excerpt":{"rendered":"<p>Spa Ngoc Linh D\u00e9couvrez les soins holistiques signatures du spa Ngoc Linh. Chaque s\u00e9ance de promotion de la sant\u00e9 s&rsquo;inspire de traditions s\u00e9culaires d&rsquo;\u00e9quilibrage du corps et de l&rsquo;esprit. Laissez nos th\u00e9rapeutes chevronn\u00e9s ajouter un peu plus de paix et &hellip; <a href=\"https:\/\/blisshoianresort.com\/fr\/bien-etre\/\">Readmore<\/a><\/p>\n","protected":false},"author":1,"featured_media":0,"parent":0,"menu_order":0,"comment_status":"closed","ping_status":"closed","template":"","meta":{"content-type":"","footnotes":""},"class_list":["post-22783","page","type-page","status-publish","hentry"],"_links":{"self":[{"href":"https:\/\/blisshoianresort.com\/fr\/wp-json\/wp\/v2\/pages\/22783","targetHints":{"allow":["GET"]}}],"collection":[{"href":"https:\/\/blisshoianresort.com\/fr\/wp-json\/wp\/v2\/pages"}],"about":[{"href":"https:\/\/blisshoianresort.com\/fr\/wp-json\/wp\/v2\/types\/page"}],"author":[{"embeddable":true,"href":"https:\/\/blisshoianresort.com\/fr\/wp-json\/wp\/v2\/users\/1"}],"replies":[{"embeddable":true,"href":"https:\/\/blisshoianresort.com\/fr\/wp-json\/wp\/v2\/comments?post=22783"}],"version-history":[{"count":1,"href":"https:\/\/blisshoianresort.com\/fr\/wp-json\/wp\/v2\/pages\/22783\/revisions"}],"predecessor-version":[{"id":22784,"href":"https:\/\/blisshoianresort.com\/fr\/wp-json\/wp\/v2\/pages\/22783\/revisions\/22784"}],"wp:attachment":[{"href":"https:\/\/blisshoianresort.com\/fr\/wp-json\/wp\/v2\/media?parent=22783"}],"curies":[{"name":"wp","href":"https:\/\/api.w.org\/{rel}","templated":true}]}}